{"id":2003,"date":"2019-09-11T14:35:35","date_gmt":"2019-09-11T14:35:35","guid":{"rendered":"https:\/\/spanishcastlemoviemagic.com\/es\/?page_id=2003"},"modified":"2019-09-24T09:27:24","modified_gmt":"2019-09-24T09:27:24","slug":"the-castilian-1963-soria","status":"publish","type":"page","link":"https:\/\/spanishcastlemoviemagic.com\/es\/the-castilian-1963-soria\/","title":{"rendered":"The Castilian (1963) Soria"},"content":{"rendered":"\n<p>Realizada\ndos a\u00f1os despu\u00e9s de El Cid, la pel\u00edcula cuenta una historia similar de\ncaballeros espa\u00f1oles, esta vez liderados por Fern\u00e1n Gonz\u00e1lez (923-970), que\nheroicamente aniquilaron moros, rompiendo tratados (\u00a1De acuerdo, cien damiselas\ncristianas a cambio de paz como t\u00e1ctica de negociaci\u00f3n no es pol\u00edticamente\ncorrecto hoy en d\u00eda, pero un trato es un trato!), y tratando de unir a Espa\u00f1a,\no a la siguiente mejor versi\u00f3n de ella.<\/p>\n\n\n\n<p>Lo\nmejor de la pel\u00edcula es, sin duda, el paisaje, incluido el castillo de Berlanga\nde Duero, que se supone que ser\u00e1 el pueblo natal de Fern\u00e1n desde el exterior,\ncon sus espectaculares murallas, aunque cuando nos adentramos en \u00e9l, nos\nencontramos en La Alberca, en la provincia de Salamanca, con su emblem\u00e1tica\ncruz en la Plaza Mayor.<\/p>\n\n\n\n<p>Aqu\u00ed\nFern\u00e1n es proclamado Conde despu\u00e9s de la muerte de su hermano, y se va\ncorriendo (a caballo por supuesto) para arreglar el asunto de las cien\ndoncellas.<\/p>\n\n\n\n<p>Agradecemos\na Juli\u00e1n de la Llana, especialista en cine de Soria, por su ayuda con esta\ninformaci\u00f3n.<\/p>\n","protected":false},"excerpt":{"rendered":"<p>Realizada dos a\u00f1os despu\u00e9s de El Cid, la pel\u00edcula cuenta una historia similar de caballeros espa\u00f1oles, esta vez liderados por [&hellip;]<\/p>\n","protected":false},"author":1,"featured_media":1158,"parent":0,"menu_order":0,"comment_status":"closed","ping_status":"closed","template":"","meta":{"_uag_custom_page_level_css":"","site-sidebar-layout":"default","site-content-layout":"","ast-site-content-layout":"default","site-content-style":"default","site-sidebar-style":"default","ast-global-header-display":"","ast-banner-title-visibility":"","ast-main-header-display":"","ast-hfb-above-header-display":"","ast-hfb-below-header-display":"","ast-hfb-mobile-header-display":"","site-post-title":"","ast-breadcrumbs-content":"","ast-featured-img":"","footer-sml-layout":"","ast-disable-related-posts":"","theme-transparent-header-meta":"","adv-header-id-meta":"","stick-header-meta":"","header-above-stick-meta":"","header-main-stick-meta":"","header-below-stick-meta":"","astra-migrate-meta-layouts":"default","ast-page-background-enabled":"default","ast-page-background-meta":{"desktop":{"background-color":"var(--ast-global-color-5)","background-image":"","background-repeat":"repeat","background-position":"center center","background-size":"auto","background-attachment":"scroll","background-type":"","background-media":"","overlay-type":"","overlay-color":"","overlay-opacity":"","overlay-gradient":""},"tablet":{"background-color":"","background-image":"","background-repeat":"repeat","background-position":"center center","background-size":"auto","background-attachment":"scroll","background-type":"","background-media":"","overlay-type":"","overlay-color":"","overlay-opacity":"","overlay-gradient":""},"mobile":{"background-color":"","background-image":"","background-repeat":"repeat","background-position":"center center","background-size":"auto","background-attachment":"scroll","background-type":"","background-media":"","overlay-type":"","overlay-color":"","overlay-opacity":"","overlay-gradient":""}},"ast-content-background-meta":{"desktop":{"background-color":"var(--ast-global-color-4)","background-image":"","background-repeat":"repeat","background-position":"center center","background-size":"auto","background-attachment":"scroll","background-type":"","background-media":"","overlay-type":"","overlay-color":"","overlay-opacity":"","overlay-gradient":""},"tablet":{"background-color":"var(--ast-global-color-4)","background-image":"","background-repeat":"repeat","background-position":"center center","background-size":"auto","background-attachment":"scroll","background-type":"","background-media":"","overlay-type":"","overlay-color":"","overlay-opacity":"","overlay-gradient":""},"mobile":{"background-color":"var(--ast-global-color-4)","background-image":"","background-repeat":"repeat","background-position":"center center","background-size":"auto","background-attachment":"scroll","background-type":"","background-media":"","overlay-type":"","overlay-color":"","overlay-opacity":"","overlay-gradient":""}},"footnotes":""},"class_list":["post-2003","page","type-page","status-publish","has-post-thumbnail","hentry"],"featured_image_src":"https:\/\/spanishcastlemoviemagic.com\/es\/wp-content\/uploads\/sites\/3\/2019\/09\/Berlanga-de-Duero-soria-s.jpg","featured_image_src_square":"https:\/\/spanishcastlemoviemagic.com\/es\/wp-content\/uploads\/sites\/3\/2019\/09\/Berlanga-de-Duero-soria-s.jpg","uagb_featured_image_src":{"full":["https:\/\/spanishcastlemoviemagic.com\/es\/wp-content\/uploads\/sites\/3\/2019\/09\/Berlanga-de-Duero-soria-s.jpg",2000,1314,false],"thumbnail":["https:\/\/spanishcastlemoviemagic.com\/es\/wp-content\/uploads\/sites\/3\/2019\/09\/Berlanga-de-Duero-soria-s-150x150.jpg",150,150,true],"medium":["https:\/\/spanishcastlemoviemagic.com\/es\/wp-content\/uploads\/sites\/3\/2019\/09\/Berlanga-de-Duero-soria-s-300x197.jpg",300,197,true],"medium_large":["https:\/\/spanishcastlemoviemagic.com\/es\/wp-content\/uploads\/sites\/3\/2019\/09\/Berlanga-de-Duero-soria-s-768x505.jpg",768,505,true],"large":["https:\/\/spanishcastlemoviemagic.com\/es\/wp-content\/uploads\/sites\/3\/2019\/09\/Berlanga-de-Duero-soria-s-1024x673.jpg",1024,673,true],"1536x1536":["https:\/\/spanishcastlemoviemagic.com\/es\/wp-content\/uploads\/sites\/3\/2019\/09\/Berlanga-de-Duero-soria-s.jpg",1536,1009,false],"2048x2048":["https:\/\/spanishcastlemoviemagic.com\/es\/wp-content\/uploads\/sites\/3\/2019\/09\/Berlanga-de-Duero-soria-s.jpg",2000,1314,false],"ab-block-post-grid-landscape":["https:\/\/spanishcastlemoviemagic.com\/es\/wp-content\/uploads\/sites\/3\/2019\/09\/Berlanga-de-Duero-soria-s.jpg",600,394,false],"ab-block-post-grid-square":["https:\/\/spanishcastlemoviemagic.com\/es\/wp-content\/uploads\/sites\/3\/2019\/09\/Berlanga-de-Duero-soria-s.jpg",600,394,false]},"uagb_author_info":{"display_name":"admin","author_link":"https:\/\/spanishcastlemoviemagic.com\/es\/blog\/author\/cas-eggermontme-com\/"},"uagb_comment_info":0,"uagb_excerpt":"Realizada dos a\u00f1os despu\u00e9s de El Cid, la pel\u00edcula cuenta una historia similar de caballeros espa\u00f1oles, esta vez liderados por [&hellip;]","_links":{"self":[{"href":"https:\/\/spanishcastlemoviemagic.com\/es\/wp-json\/wp\/v2\/pages\/2003","targetHints":{"allow":["GET"]}}],"collection":[{"href":"https:\/\/spanishcastlemoviemagic.com\/es\/wp-json\/wp\/v2\/pages"}],"about":[{"href":"https:\/\/spanishcastlemoviemagic.com\/es\/wp-json\/wp\/v2\/types\/page"}],"author":[{"embeddable":true,"href":"https:\/\/spanishcastlemoviemagic.com\/es\/wp-json\/wp\/v2\/users\/1"}],"replies":[{"embeddable":true,"href":"https:\/\/spanishcastlemoviemagic.com\/es\/wp-json\/wp\/v2\/comments?post=2003"}],"version-history":[{"count":1,"href":"https:\/\/spanishcastlemoviemagic.com\/es\/wp-json\/wp\/v2\/pages\/2003\/revisions"}],"predecessor-version":[{"id":3984,"href":"https:\/\/spanishcastlemoviemagic.com\/es\/wp-json\/wp\/v2\/pages\/2003\/revisions\/3984"}],"wp:featuredmedia":[{"embeddable":true,"href":"https:\/\/spanishcastlemoviemagic.com\/es\/wp-json\/wp\/v2\/media\/1158"}],"wp:attachment":[{"href":"https:\/\/spanishcastlemoviemagic.com\/es\/wp-json\/wp\/v2\/media?parent=2003"}],"curies":[{"name":"wp","href":"https:\/\/api.w.org\/{rel}","templated":true}]}}