{"id":1962,"date":"2019-09-10T21:25:11","date_gmt":"2019-09-10T21:25:11","guid":{"rendered":"https:\/\/spanishcastlemoviemagic.com\/es\/?page_id=1962"},"modified":"2019-09-24T09:50:11","modified_gmt":"2019-09-24T09:50:11","slug":"the-three-worlds-of-gulliver-1960","status":"publish","type":"page","link":"https:\/\/spanishcastlemoviemagic.com\/es\/the-three-worlds-of-gulliver-1960\/","title":{"rendered":"The Three Worlds of Gulliver (1960)"},"content":{"rendered":"\n<p>Gulliver\nest\u00e1 intentando emigrar a la India cuando un naufragio cambia su agenda y lo\ndeposita primero entre gente peque\u00f1a y luego entre gente grande, mientras\nJonathan Swift se esfuerza por ense\u00f1arnos que somos peque\u00f1os y tontos o enormes\ny torpes, o, peor, Yahoos.<\/p>\n\n\n\n<p>Esta\npel\u00edcula es una buena publicidad para el paisaje espa\u00f1ol, y el equipo de rodaje\nutiliz\u00f3 muchos de los mismos lugares que en el \u2018Seventh Voyage of Sinbad,\ncomenzando por la hermosa playa de la Costa Brava de S&#8217;Agaro en la provincia de\nGirona, donde Gulliver desembarca y se encuentra en Lilliput.<\/p>\n\n\n\n<p>El\nCastillo del Emperador de Lilliput es la muralla de \u00c1vila por fuera y los\njardines de la Granja de San Idelfonso, la residencia real de verano cercana a\nSegovia, por dentro, con sus fuentes y estanques que son el escenario del\nconcurso de equilibrio para decidir qui\u00e9n ser\u00e1 el pr\u00f3ximo Primer Ministro. <\/p>\n\n\n\n<p>Los\nenemigos de Lilliput, el pueblo de Blefuscu, tienen un castillo mucho m\u00e1s\nhumilde en S&#8217;Agar\u00f3, que en realidad no es m\u00e1s que una serie de arcos en el\npuerto.<\/p>\n\n\n\n<p>M\u00e1s\ntarde, cuando Gulliver llega a Brobdingnag, el reino de los gigantes, el\ncastillo del Rey es el Alc\u00e1zar de Segovia, del que se ven a nuestros h\u00e9roes\nescapando tras el enfrentamiento con el peque\u00f1o cocodrilo gigante (si me\nentienden).<\/p>\n","protected":false},"excerpt":{"rendered":"<p>Gulliver est\u00e1 intentando emigrar a la India cuando un naufragio cambia su agenda y lo deposita primero entre gente peque\u00f1a [&hellip;]<\/p>\n","protected":false},"author":1,"featured_media":1154,"parent":0,"menu_order":0,"comment_status":"closed","ping_status":"closed","template":"","meta":{"_uag_custom_page_level_css":"","site-sidebar-layout":"default","site-content-layout":"","ast-site-content-layout":"default","site-content-style":"default","site-sidebar-style":"default","ast-global-header-display":"","ast-banner-title-visibility":"","ast-main-header-display":"","ast-hfb-above-header-display":"","ast-hfb-below-header-display":"","ast-hfb-mobile-header-display":"","site-post-title":"","ast-breadcrumbs-content":"","ast-featured-img":"","footer-sml-layout":"","ast-disable-related-posts":"","theme-transparent-header-meta":"","adv-header-id-meta":"","stick-header-meta":"","header-above-stick-meta":"","header-main-stick-meta":"","header-below-stick-meta":"","astra-migrate-meta-layouts":"default","ast-page-background-enabled":"default","ast-page-background-meta":{"desktop":{"background-color":"var(--ast-global-color-5)","background-image":"","background-repeat":"repeat","background-position":"center center","background-size":"auto","background-attachment":"scroll","background-type":"","background-media":"","overlay-type":"","overlay-color":"","overlay-opacity":"","overlay-gradient":""},"tablet":{"background-color":"","background-image":"","background-repeat":"repeat","background-position":"center center","background-size":"auto","background-attachment":"scroll","background-type":"","background-media":"","overlay-type":"","overlay-color":"","overlay-opacity":"","overlay-gradient":""},"mobile":{"background-color":"","background-image":"","background-repeat":"repeat","background-position":"center center","background-size":"auto","background-attachment":"scroll","background-type":"","background-media":"","overlay-type":"","overlay-color":"","overlay-opacity":"","overlay-gradient":""}},"ast-content-background-meta":{"desktop":{"background-color":"var(--ast-global-color-4)","background-image":"","background-repeat":"repeat","background-position":"center center","background-size":"auto","background-attachment":"scroll","background-type":"","background-media":"","overlay-type":"","overlay-color":"","overlay-opacity":"","overlay-gradient":""},"tablet":{"background-color":"var(--ast-global-color-4)","background-image":"","background-repeat":"repeat","background-position":"center center","background-size":"auto","background-attachment":"scroll","background-type":"","background-media":"","overlay-type":"","overlay-color":"","overlay-opacity":"","overlay-gradient":""},"mobile":{"background-color":"var(--ast-global-color-4)","background-image":"","background-repeat":"repeat","background-position":"center center","background-size":"auto","background-attachment":"scroll","background-type":"","background-media":"","overlay-type":"","overlay-color":"","overlay-opacity":"","overlay-gradient":""}},"footnotes":""},"class_list":["post-1962","page","type-page","status-publish","has-post-thumbnail","hentry"],"featured_image_src":"https:\/\/spanishcastlemoviemagic.com\/es\/wp-content\/uploads\/sites\/3\/2019\/09\/alcazar-segovia-s.jpg","featured_image_src_square":"https:\/\/spanishcastlemoviemagic.com\/es\/wp-content\/uploads\/sites\/3\/2019\/09\/alcazar-segovia-s.jpg","uagb_featured_image_src":{"full":["https:\/\/spanishcastlemoviemagic.com\/es\/wp-content\/uploads\/sites\/3\/2019\/09\/alcazar-segovia-s.jpg",2500,1875,false],"thumbnail":["https:\/\/spanishcastlemoviemagic.com\/es\/wp-content\/uploads\/sites\/3\/2019\/09\/alcazar-segovia-s-150x150.jpg",150,150,true],"medium":["https:\/\/spanishcastlemoviemagic.com\/es\/wp-content\/uploads\/sites\/3\/2019\/09\/alcazar-segovia-s-300x225.jpg",300,225,true],"medium_large":["https:\/\/spanishcastlemoviemagic.com\/es\/wp-content\/uploads\/sites\/3\/2019\/09\/alcazar-segovia-s-768x576.jpg",768,576,true],"large":["https:\/\/spanishcastlemoviemagic.com\/es\/wp-content\/uploads\/sites\/3\/2019\/09\/alcazar-segovia-s-1024x768.jpg",1024,768,true],"1536x1536":["https:\/\/spanishcastlemoviemagic.com\/es\/wp-content\/uploads\/sites\/3\/2019\/09\/alcazar-segovia-s.jpg",1536,1152,false],"2048x2048":["https:\/\/spanishcastlemoviemagic.com\/es\/wp-content\/uploads\/sites\/3\/2019\/09\/alcazar-segovia-s.jpg",2048,1536,false],"ab-block-post-grid-landscape":["https:\/\/spanishcastlemoviemagic.com\/es\/wp-content\/uploads\/sites\/3\/2019\/09\/alcazar-segovia-s.jpg",533,400,false],"ab-block-post-grid-square":["https:\/\/spanishcastlemoviemagic.com\/es\/wp-content\/uploads\/sites\/3\/2019\/09\/alcazar-segovia-s.jpg",600,450,false]},"uagb_author_info":{"display_name":"admin","author_link":"https:\/\/spanishcastlemoviemagic.com\/es\/blog\/author\/cas-eggermontme-com\/"},"uagb_comment_info":0,"uagb_excerpt":"Gulliver est\u00e1 intentando emigrar a la India cuando un naufragio cambia su agenda y lo deposita primero entre gente peque\u00f1a [&hellip;]","_links":{"self":[{"href":"https:\/\/spanishcastlemoviemagic.com\/es\/wp-json\/wp\/v2\/pages\/1962","targetHints":{"allow":["GET"]}}],"collection":[{"href":"https:\/\/spanishcastlemoviemagic.com\/es\/wp-json\/wp\/v2\/pages"}],"about":[{"href":"https:\/\/spanishcastlemoviemagic.com\/es\/wp-json\/wp\/v2\/types\/page"}],"author":[{"embeddable":true,"href":"https:\/\/spanishcastlemoviemagic.com\/es\/wp-json\/wp\/v2\/users\/1"}],"replies":[{"embeddable":true,"href":"https:\/\/spanishcastlemoviemagic.com\/es\/wp-json\/wp\/v2\/comments?post=1962"}],"version-history":[{"count":1,"href":"https:\/\/spanishcastlemoviemagic.com\/es\/wp-json\/wp\/v2\/pages\/1962\/revisions"}],"predecessor-version":[{"id":4025,"href":"https:\/\/spanishcastlemoviemagic.com\/es\/wp-json\/wp\/v2\/pages\/1962\/revisions\/4025"}],"wp:featuredmedia":[{"embeddable":true,"href":"https:\/\/spanishcastlemoviemagic.com\/es\/wp-json\/wp\/v2\/media\/1154"}],"wp:attachment":[{"href":"https:\/\/spanishcastlemoviemagic.com\/es\/wp-json\/wp\/v2\/media?parent=1962"}],"curies":[{"name":"wp","href":"https:\/\/api.w.org\/{rel}","templated":true}]}}