{"id":1891,"date":"2019-09-10T18:39:43","date_gmt":"2019-09-10T18:39:43","guid":{"rendered":"https:\/\/spanishcastlemoviemagic.com\/es\/?page_id=1891"},"modified":"2019-09-26T05:31:23","modified_gmt":"2019-09-26T05:31:23","slug":"solomon-and-sheba-1959","status":"publish","type":"page","link":"https:\/\/spanishcastlemoviemagic.com\/es\/solomon-and-sheba-1959\/","title":{"rendered":"Solomon and Sheba (1959)"},"content":{"rendered":"<div id=\"about-us-2\" class=\"about-image-section-pro\" style=\"background-color: #ffffff\" data-label=\"About us\" data-id=\"about-image-section-pro\" data-category=\"about\">\n<div class=\"gridContainer\">\n<div class=\"row about-image-gridcol-pro\">\n<div class=\"about-image-textcol-pro\" data-type=\"column\">\n<h2 class=\"\">Solomon and Sheba (1959)<\/h2>\n<p class=\"\">Muchas personas mayores vienen a la soleada Espa\u00f1a para alargar sus vidas; Tyrone Power vino a Espa\u00f1a para acortar la suya, aunque probablemente esa no era su intenci\u00f3n en ese momento.<\/p>\n<p>Power fue el coproductor y protagonista del \u00e9xito de taquilla de Hollywood, dirigido por King Vidor, ambientado en Egipto y, por tanto, l\u00f3gicamente, rodado cerca de Zaragoza.<\/p>\n<p>Power hab\u00eda terminado de rodar m\u00e1s de la mitad de la pel\u00edcula cuando se desplom\u00f3 despu\u00e9s de una agotadora escena de duelos con George Sanders, y muri\u00f3 de un ataque al coraz\u00f3n unos minutos m\u00e1s tarde. Curiosamente, Power hab\u00eda filmado recientemente un anuncio para la American Heart Association. Power fue reemplazado por Yul Brynner, quien reh\u00edzo todas las escenas de Power. Power, sin embargo, todav\u00eda es visible en la pel\u00edcula en los planos largos.<\/p>\n<p>Rodar cerca de Zaragoza tuvo sus ventajas.<\/p>\n<p>La academia militar de all\u00ed estaba muy contenta de prestar soldados a la compa\u00f1\u00eda cinematogr\u00e1fica para que murieran en masa y mataran sin piedad.<\/p>\n<p>George Sanders, que compart\u00eda la \u00faltima escena de Power, regresar\u00eda a Espa\u00f1a en 1972 para suicidarse en un hotel de Castelldefells, cerca de Barcelona.<\/p>\n<p>La tr\u00e1gica desenlace de Power tuvo lugar en los Sevilla Film Studios de la Avenida P\u00edo XII, n\u00famero 3 de Madrid. Los estudios, creados en 1943, fueron utilizados en \u00e9picas como Alexander the Great, El Cid, Patton y King of Kings.<\/p>\n<p>Desafortunadamente, en 1973 el complejo fue remodelado como un \u00e1rea de villas y un centro comercial.<\/p>\n<p>Los productores quieren se\u00f1alar que ning\u00fan caballo de juguete result\u00f3 herido en la realizaci\u00f3n de la gran escena de batalla con los deslumbrantes escudos.<\/p>\n<p>Para todas las escenas de batallas y escenas con gente cabalgando por el desierto, se emple\u00f3 el paisaje de Valdespartera, cerca de Zaragoza, perteneciente entonces al Ministerio de Defensa; y en varias de esas escenas, se puede ver un solitario y lejano castillo en lo alto de una colina.<\/p>\n<\/div>\n<div class=\"\" data-type=\"column\">\n<p>Este castillo es Santa B\u00e1rbara del siglo XIII, ahora separada de la ciudad por una autopista. Sin embargo, como resultado directo del rodaje de Salom\u00f3n y Sheba, todas las calles cercanas recibieron los nombres de pel\u00edculas.<\/p>\n<p>As\u00ed, mientras deambulas por las calles, te encuentras con nombres como Los p\u00e1jaros, Cantando bajo la lluvia, Un americano en Par\u00eds o Casablanca, y Centauros del desierto, que te conducen a un t\u00fanel bajo el bypass, por el que entras en la tierra bald\u00eda que rodea al castillo, hoy v\u00edctima del grafiti y abandonado a su suerte.<\/p>\n<\/div>\n<\/div>\n<\/div>\n<\/div>\n\n\n<p><\/p>\n","protected":false},"excerpt":{"rendered":"<p>Solomon and Sheba (1959) Muchas personas mayores vienen a la soleada Espa\u00f1a para alargar sus vidas; Tyrone Power vino a [&hellip;]<\/p>\n","protected":false},"author":1,"featured_media":656,"parent":0,"menu_order":0,"comment_status":"closed","ping_status":"closed","template":"full-width-page.php","meta":{"_uag_custom_page_level_css":"","site-sidebar-layout":"default","site-content-layout":"","ast-site-content-layout":"default","site-content-style":"default","site-sidebar-style":"default","ast-global-header-display":"","ast-banner-title-visibility":"","ast-main-header-display":"","ast-hfb-above-header-display":"","ast-hfb-below-header-display":"","ast-hfb-mobile-header-display":"","site-post-title":"","ast-breadcrumbs-content":"","ast-featured-img":"","footer-sml-layout":"","ast-disable-related-posts":"","theme-transparent-header-meta":"","adv-header-id-meta":"","stick-header-meta":"","header-above-stick-meta":"","header-main-stick-meta":"","header-below-stick-meta":"","astra-migrate-meta-layouts":"default","ast-page-background-enabled":"default","ast-page-background-meta":{"desktop":{"background-color":"var(--ast-global-color-5)","background-image":"","background-repeat":"repeat","background-position":"center center","background-size":"auto","background-attachment":"scroll","background-type":"","background-media":"","overlay-type":"","overlay-color":"","overlay-opacity":"","overlay-gradient":""},"tablet":{"background-color":"","background-image":"","background-repeat":"repeat","background-position":"center center","background-size":"auto","background-attachment":"scroll","background-type":"","background-media":"","overlay-type":"","overlay-color":"","overlay-opacity":"","overlay-gradient":""},"mobile":{"background-color":"","background-image":"","background-repeat":"repeat","background-position":"center center","background-size":"auto","background-attachment":"scroll","background-type":"","background-media":"","overlay-type":"","overlay-color":"","overlay-opacity":"","overlay-gradient":""}},"ast-content-background-meta":{"desktop":{"background-color":"var(--ast-global-color-4)","background-image":"","background-repeat":"repeat","background-position":"center center","background-size":"auto","background-attachment":"scroll","background-type":"","background-media":"","overlay-type":"","overlay-color":"","overlay-opacity":"","overlay-gradient":""},"tablet":{"background-color":"var(--ast-global-color-4)","background-image":"","background-repeat":"repeat","background-position":"center center","background-size":"auto","background-attachment":"scroll","background-type":"","background-media":"","overlay-type":"","overlay-color":"","overlay-opacity":"","overlay-gradient":""},"mobile":{"background-color":"var(--ast-global-color-4)","background-image":"","background-repeat":"repeat","background-position":"center center","background-size":"auto","background-attachment":"scroll","background-type":"","background-media":"","overlay-type":"","overlay-color":"","overlay-opacity":"","overlay-gradient":""}},"footnotes":""},"class_list":["post-1891","page","type-page","status-publish","has-post-thumbnail","hentry"],"featured_image_src":"https:\/\/spanishcastlemoviemagic.com\/es\/wp-content\/uploads\/sites\/3\/2019\/09\/santa-barbara-zaragoza-S.jpg","featured_image_src_square":"https:\/\/spanishcastlemoviemagic.com\/es\/wp-content\/uploads\/sites\/3\/2019\/09\/santa-barbara-zaragoza-S.jpg","uagb_featured_image_src":{"full":["https:\/\/spanishcastlemoviemagic.com\/es\/wp-content\/uploads\/sites\/3\/2019\/09\/santa-barbara-zaragoza-S.jpg",2000,1500,false],"thumbnail":["https:\/\/spanishcastlemoviemagic.com\/es\/wp-content\/uploads\/sites\/3\/2019\/09\/santa-barbara-zaragoza-S-150x150.jpg",150,150,true],"medium":["https:\/\/spanishcastlemoviemagic.com\/es\/wp-content\/uploads\/sites\/3\/2019\/09\/santa-barbara-zaragoza-S-300x225.jpg",300,225,true],"medium_large":["https:\/\/spanishcastlemoviemagic.com\/es\/wp-content\/uploads\/sites\/3\/2019\/09\/santa-barbara-zaragoza-S-768x576.jpg",768,576,true],"large":["https:\/\/spanishcastlemoviemagic.com\/es\/wp-content\/uploads\/sites\/3\/2019\/09\/santa-barbara-zaragoza-S-1024x768.jpg",1024,768,true],"1536x1536":["https:\/\/spanishcastlemoviemagic.com\/es\/wp-content\/uploads\/sites\/3\/2019\/09\/santa-barbara-zaragoza-S.jpg",1536,1152,false],"2048x2048":["https:\/\/spanishcastlemoviemagic.com\/es\/wp-content\/uploads\/sites\/3\/2019\/09\/santa-barbara-zaragoza-S.jpg",2000,1500,false],"ab-block-post-grid-landscape":["https:\/\/spanishcastlemoviemagic.com\/es\/wp-content\/uploads\/sites\/3\/2019\/09\/santa-barbara-zaragoza-S.jpg",533,400,false],"ab-block-post-grid-square":["https:\/\/spanishcastlemoviemagic.com\/es\/wp-content\/uploads\/sites\/3\/2019\/09\/santa-barbara-zaragoza-S.jpg",600,450,false]},"uagb_author_info":{"display_name":"admin","author_link":"https:\/\/spanishcastlemoviemagic.com\/es\/blog\/author\/cas-eggermontme-com\/"},"uagb_comment_info":0,"uagb_excerpt":"Solomon and Sheba (1959) Muchas personas mayores vienen a la soleada Espa\u00f1a para alargar sus vidas; Tyrone Power vino a [&hellip;]","_links":{"self":[{"href":"https:\/\/spanishcastlemoviemagic.com\/es\/wp-json\/wp\/v2\/pages\/1891","targetHints":{"allow":["GET"]}}],"collection":[{"href":"https:\/\/spanishcastlemoviemagic.com\/es\/wp-json\/wp\/v2\/pages"}],"about":[{"href":"https:\/\/spanishcastlemoviemagic.com\/es\/wp-json\/wp\/v2\/types\/page"}],"author":[{"embeddable":true,"href":"https:\/\/spanishcastlemoviemagic.com\/es\/wp-json\/wp\/v2\/users\/1"}],"replies":[{"embeddable":true,"href":"https:\/\/spanishcastlemoviemagic.com\/es\/wp-json\/wp\/v2\/comments?post=1891"}],"version-history":[{"count":6,"href":"https:\/\/spanishcastlemoviemagic.com\/es\/wp-json\/wp\/v2\/pages\/1891\/revisions"}],"predecessor-version":[{"id":4145,"href":"https:\/\/spanishcastlemoviemagic.com\/es\/wp-json\/wp\/v2\/pages\/1891\/revisions\/4145"}],"wp:featuredmedia":[{"embeddable":true,"href":"https:\/\/spanishcastlemoviemagic.com\/es\/wp-json\/wp\/v2\/media\/656"}],"wp:attachment":[{"href":"https:\/\/spanishcastlemoviemagic.com\/es\/wp-json\/wp\/v2\/media?parent=1891"}],"curies":[{"name":"wp","href":"https:\/\/api.w.org\/{rel}","templated":true}]}}