{"id":1773,"date":"2019-09-08T17:13:17","date_gmt":"2019-09-08T17:13:17","guid":{"rendered":"https:\/\/spanishcastlemoviemagic.com\/es\/?page_id=1773"},"modified":"2019-09-23T16:38:02","modified_gmt":"2019-09-23T16:38:02","slug":"read-more-alcala-de-guadaira","status":"publish","type":"page","link":"https:\/\/spanishcastlemoviemagic.com\/es\/read-more-alcala-de-guadaira\/","title":{"rendered":"LM Alcal\u00e1 de Guada\u00edra"},"content":{"rendered":"\n<p>El castillo es rico en leyendas. Cuando los cristianos la reconquistaron, observaron desde las murallas un \u00e1guila que siempre aterriz\u00f3 en el mismo lugar. Al excavar descubrieron la imagen de una Virgen, enterrada all\u00ed aparentemente por los cristianos durante la conquista \u00e1rabe de la ciudad.<\/p>\n\n\n\n<p>Otra historia habla de peces ciegos que se adaptaron y vivieron en las obras de agua subterr\u00e1neas construidas por los siempre ocupados romanos.<\/p>\n\n\n\n<p>La ciudad y el castillo toman sus nombres de una princesa morisca Aira, cuyo fantasma, seg\u00fan dicen, todav\u00eda vagabundea por el castillo y cuya voz todav\u00eda se puede escuchar all\u00ed.<\/p>\n\n\n\n<p>Hab\u00eda sido prometida a un pr\u00edncipe moro, pero en la verdadera tradici\u00f3n de West Side Story, se enamor\u00f3 de un prisionero cristiano. Ayud\u00e1ndole a escapar al otro lado del r\u00edo, fueron sorprendidos y asesinados por su prometido.<\/p>\n\n\n\n<p>Habiendo traicionado a su padre de esta manera, la puerta por la que escap\u00f3 fue llamada la Puerta de la Traici\u00f3n.<\/p>\n\n\n\n<p>Ha habido prisioneros, y aunque ninguno era particularmente famoso, hoy podr\u00edan contar una buena historia.<\/p>\n\n\n\n<p>Diego Garc\u00eda de Padilla fue prisionero en el pozo, puesto all\u00ed por su cu\u00f1ado el rey Pedro I de Castilla tras la batalla de N\u00e1jera en 1367. All\u00ed monitoreaba los niveles de agua cuando ca\u00eda la lluvia para ver si se ahogaba, mientras que en un almac\u00e9n subterr\u00e1neo de trigo, el Obispo Juan de Cardellac tambi\u00e9n pagaba el precio por oponerse a Pedro (alias Pedro el Cruel), y no fue liberado hasta que ya estaba loco.<\/p>\n\n\n\n<p>El castillo tambi\u00e9n tiene una leyenda de un drag\u00f3n, una criatura nacida de un huevo debajo del castillo, donde vivi\u00f3 con su amigo\/maestro Yacub hasta que salv\u00f3 la vida del sult\u00e1n quemando a cenizas a un grupo de guerreros renegados que lo atacaron.<\/p>\n","protected":false},"excerpt":{"rendered":"<p>El castillo es rico en leyendas. Cuando los cristianos la reconquistaron, observaron desde las murallas un \u00e1guila que siempre aterriz\u00f3 [&hellip;]<\/p>\n","protected":false},"author":1,"featured_media":1374,"parent":0,"menu_order":0,"comment_status":"closed","ping_status":"closed","template":"","meta":{"_uag_custom_page_level_css":"","site-sidebar-layout":"default","site-content-layout":"","ast-site-content-layout":"default","site-content-style":"default","site-sidebar-style":"default","ast-global-header-display":"","ast-banner-title-visibility":"","ast-main-header-display":"","ast-hfb-above-header-display":"","ast-hfb-below-header-display":"","ast-hfb-mobile-header-display":"","site-post-title":"","ast-breadcrumbs-content":"","ast-featured-img":"","footer-sml-layout":"","ast-disable-related-posts":"","theme-transparent-header-meta":"","adv-header-id-meta":"","stick-header-meta":"","header-above-stick-meta":"","header-main-stick-meta":"","header-below-stick-meta":"","astra-migrate-meta-layouts":"default","ast-page-background-enabled":"default","ast-page-background-meta":{"desktop":{"background-color":"var(--ast-global-color-5)","background-image":"","background-repeat":"repeat","background-position":"center center","background-size":"auto","background-attachment":"scroll","background-type":"","background-media":"","overlay-type":"","overlay-color":"","overlay-opacity":"","overlay-gradient":""},"tablet":{"background-color":"","background-image":"","background-repeat":"repeat","background-position":"center center","background-size":"auto","background-attachment":"scroll","background-type":"","background-media":"","overlay-type":"","overlay-color":"","overlay-opacity":"","overlay-gradient":""},"mobile":{"background-color":"","background-image":"","background-repeat":"repeat","background-position":"center center","background-size":"auto","background-attachment":"scroll","background-type":"","background-media":"","overlay-type":"","overlay-color":"","overlay-opacity":"","overlay-gradient":""}},"ast-content-background-meta":{"desktop":{"background-color":"var(--ast-global-color-4)","background-image":"","background-repeat":"repeat","background-position":"center center","background-size":"auto","background-attachment":"scroll","background-type":"","background-media":"","overlay-type":"","overlay-color":"","overlay-opacity":"","overlay-gradient":""},"tablet":{"background-color":"var(--ast-global-color-4)","background-image":"","background-repeat":"repeat","background-position":"center center","background-size":"auto","background-attachment":"scroll","background-type":"","background-media":"","overlay-type":"","overlay-color":"","overlay-opacity":"","overlay-gradient":""},"mobile":{"background-color":"var(--ast-global-color-4)","background-image":"","background-repeat":"repeat","background-position":"center center","background-size":"auto","background-attachment":"scroll","background-type":"","background-media":"","overlay-type":"","overlay-color":"","overlay-opacity":"","overlay-gradient":""}},"footnotes":""},"class_list":["post-1773","page","type-page","status-publish","has-post-thumbnail","hentry"],"featured_image_src":"https:\/\/spanishcastlemoviemagic.com\/es\/wp-content\/uploads\/sites\/3\/2019\/09\/Alcala-de-Guadaire-sevilla-s.jpg","featured_image_src_square":"https:\/\/spanishcastlemoviemagic.com\/es\/wp-content\/uploads\/sites\/3\/2019\/09\/Alcala-de-Guadaire-sevilla-s.jpg","uagb_featured_image_src":{"full":["https:\/\/spanishcastlemoviemagic.com\/es\/wp-content\/uploads\/sites\/3\/2019\/09\/Alcala-de-Guadaire-sevilla-s.jpg",2000,1500,false],"thumbnail":["https:\/\/spanishcastlemoviemagic.com\/es\/wp-content\/uploads\/sites\/3\/2019\/09\/Alcala-de-Guadaire-sevilla-s-150x150.jpg",150,150,true],"medium":["https:\/\/spanishcastlemoviemagic.com\/es\/wp-content\/uploads\/sites\/3\/2019\/09\/Alcala-de-Guadaire-sevilla-s-300x225.jpg",300,225,true],"medium_large":["https:\/\/spanishcastlemoviemagic.com\/es\/wp-content\/uploads\/sites\/3\/2019\/09\/Alcala-de-Guadaire-sevilla-s-768x576.jpg",768,576,true],"large":["https:\/\/spanishcastlemoviemagic.com\/es\/wp-content\/uploads\/sites\/3\/2019\/09\/Alcala-de-Guadaire-sevilla-s-1024x768.jpg",1024,768,true],"1536x1536":["https:\/\/spanishcastlemoviemagic.com\/es\/wp-content\/uploads\/sites\/3\/2019\/09\/Alcala-de-Guadaire-sevilla-s.jpg",1536,1152,false],"2048x2048":["https:\/\/spanishcastlemoviemagic.com\/es\/wp-content\/uploads\/sites\/3\/2019\/09\/Alcala-de-Guadaire-sevilla-s.jpg",2000,1500,false],"ab-block-post-grid-landscape":["https:\/\/spanishcastlemoviemagic.com\/es\/wp-content\/uploads\/sites\/3\/2019\/09\/Alcala-de-Guadaire-sevilla-s.jpg",533,400,false],"ab-block-post-grid-square":["https:\/\/spanishcastlemoviemagic.com\/es\/wp-content\/uploads\/sites\/3\/2019\/09\/Alcala-de-Guadaire-sevilla-s.jpg",600,450,false]},"uagb_author_info":{"display_name":"admin","author_link":"https:\/\/spanishcastlemoviemagic.com\/es\/blog\/author\/cas-eggermontme-com\/"},"uagb_comment_info":0,"uagb_excerpt":"El castillo es rico en leyendas. Cuando los cristianos la reconquistaron, observaron desde las murallas un \u00e1guila que siempre aterriz\u00f3 [&hellip;]","_links":{"self":[{"href":"https:\/\/spanishcastlemoviemagic.com\/es\/wp-json\/wp\/v2\/pages\/1773","targetHints":{"allow":["GET"]}}],"collection":[{"href":"https:\/\/spanishcastlemoviemagic.com\/es\/wp-json\/wp\/v2\/pages"}],"about":[{"href":"https:\/\/spanishcastlemoviemagic.com\/es\/wp-json\/wp\/v2\/types\/page"}],"author":[{"embeddable":true,"href":"https:\/\/spanishcastlemoviemagic.com\/es\/wp-json\/wp\/v2\/users\/1"}],"replies":[{"embeddable":true,"href":"https:\/\/spanishcastlemoviemagic.com\/es\/wp-json\/wp\/v2\/comments?post=1773"}],"version-history":[{"count":1,"href":"https:\/\/spanishcastlemoviemagic.com\/es\/wp-json\/wp\/v2\/pages\/1773\/revisions"}],"predecessor-version":[{"id":3855,"href":"https:\/\/spanishcastlemoviemagic.com\/es\/wp-json\/wp\/v2\/pages\/1773\/revisions\/3855"}],"wp:featuredmedia":[{"embeddable":true,"href":"https:\/\/spanishcastlemoviemagic.com\/es\/wp-json\/wp\/v2\/media\/1374"}],"wp:attachment":[{"href":"https:\/\/spanishcastlemoviemagic.com\/es\/wp-json\/wp\/v2\/media?parent=1773"}],"curies":[{"name":"wp","href":"https:\/\/api.w.org\/{rel}","templated":true}]}}