{"id":1740,"date":"2019-09-08T16:27:49","date_gmt":"2019-09-08T16:27:49","guid":{"rendered":"https:\/\/spanishcastlemoviemagic.com\/es\/?page_id=1740"},"modified":"2019-09-23T16:09:04","modified_gmt":"2019-09-23T16:09:04","slug":"the-promise-2016-2","status":"publish","type":"page","link":"https:\/\/spanishcastlemoviemagic.com\/es\/the-promise-2016-2\/","title":{"rendered":"The Promise (2016)"},"content":{"rendered":"\n<p>Estamos\nsituados en los \u00faltimos a\u00f1os del Imperio Otomano, y el castillo de San Fernando\nes una de muchas localizaciones espa\u00f1oles, y Christian Bale hace un papel m\u00e1s\nhumilde despu\u00e9s de ser Mois\u00e9s en Exodus de Ridley Scott.<\/p>\n\n\n\n<p>El\npatio de armas del castillo acoge desfiles de soldados Otomanes y tambi\u00e9n\nsirvi\u00f3 para sus pelotones de fusilamiento.<\/p>\n\n\n\n<p>All\u00ed\nse film\u00f3 en diciembre de 2015. El antiguo arsenal, m\u00e1s tarde una iglesia que\nSalvador Dal\u00ed pintar\u00eda durante su servicio militar, sirvi\u00f3 de camerino.<\/p>\n\n\n\n<p>Una\nfalsa reja de hierro fue dejada atr\u00e1s durante el rodaje y todav\u00eda est\u00e1 en situ.<\/p>\n","protected":false},"excerpt":{"rendered":"<p>Estamos situados en los \u00faltimos a\u00f1os del Imperio Otomano, y el castillo de San Fernando es una de muchas localizaciones [&hellip;]<\/p>\n","protected":false},"author":1,"featured_media":3035,"parent":0,"menu_order":0,"comment_status":"closed","ping_status":"closed","template":"","meta":{"_uag_custom_page_level_css":"","site-sidebar-layout":"default","site-content-layout":"","ast-site-content-layout":"default","site-content-style":"default","site-sidebar-style":"default","ast-global-header-display":"","ast-banner-title-visibility":"","ast-main-header-display":"","ast-hfb-above-header-display":"","ast-hfb-below-header-display":"","ast-hfb-mobile-header-display":"","site-post-title":"","ast-breadcrumbs-content":"","ast-featured-img":"","footer-sml-layout":"","ast-disable-related-posts":"","theme-transparent-header-meta":"","adv-header-id-meta":"","stick-header-meta":"","header-above-stick-meta":"","header-main-stick-meta":"","header-below-stick-meta":"","astra-migrate-meta-layouts":"default","ast-page-background-enabled":"default","ast-page-background-meta":{"desktop":{"background-color":"var(--ast-global-color-5)","background-image":"","background-repeat":"repeat","background-position":"center center","background-size":"auto","background-attachment":"scroll","background-type":"","background-media":"","overlay-type":"","overlay-color":"","overlay-opacity":"","overlay-gradient":""},"tablet":{"background-color":"","background-image":"","background-repeat":"repeat","background-position":"center center","background-size":"auto","background-attachment":"scroll","background-type":"","background-media":"","overlay-type":"","overlay-color":"","overlay-opacity":"","overlay-gradient":""},"mobile":{"background-color":"","background-image":"","background-repeat":"repeat","background-position":"center center","background-size":"auto","background-attachment":"scroll","background-type":"","background-media":"","overlay-type":"","overlay-color":"","overlay-opacity":"","overlay-gradient":""}},"ast-content-background-meta":{"desktop":{"background-color":"var(--ast-global-color-4)","background-image":"","background-repeat":"repeat","background-position":"center center","background-size":"auto","background-attachment":"scroll","background-type":"","background-media":"","overlay-type":"","overlay-color":"","overlay-opacity":"","overlay-gradient":""},"tablet":{"background-color":"var(--ast-global-color-4)","background-image":"","background-repeat":"repeat","background-position":"center center","background-size":"auto","background-attachment":"scroll","background-type":"","background-media":"","overlay-type":"","overlay-color":"","overlay-opacity":"","overlay-gradient":""},"mobile":{"background-color":"var(--ast-global-color-4)","background-image":"","background-repeat":"repeat","background-position":"center center","background-size":"auto","background-attachment":"scroll","background-type":"","background-media":"","overlay-type":"","overlay-color":"","overlay-opacity":"","overlay-gradient":""}},"footnotes":""},"class_list":["post-1740","page","type-page","status-publish","has-post-thumbnail","hentry"],"featured_image_src":"https:\/\/spanishcastlemoviemagic.com\/es\/wp-content\/uploads\/sites\/3\/2019\/09\/Catalu\u00f1a-girona-Sant-Ferran-Courtesy-of-lluis-benejam.jpg","featured_image_src_square":"https:\/\/spanishcastlemoviemagic.com\/es\/wp-content\/uploads\/sites\/3\/2019\/09\/Catalu\u00f1a-girona-Sant-Ferran-Courtesy-of-lluis-benejam.jpg","uagb_featured_image_src":{"full":["https:\/\/spanishcastlemoviemagic.com\/es\/wp-content\/uploads\/sites\/3\/2019\/09\/Catalu\u00f1a-girona-Sant-Ferran-Courtesy-of-lluis-benejam.jpg",1575,1462,false],"thumbnail":["https:\/\/spanishcastlemoviemagic.com\/es\/wp-content\/uploads\/sites\/3\/2019\/09\/Catalu\u00f1a-girona-Sant-Ferran-Courtesy-of-lluis-benejam-150x150.jpg",150,150,true],"medium":["https:\/\/spanishcastlemoviemagic.com\/es\/wp-content\/uploads\/sites\/3\/2019\/09\/Catalu\u00f1a-girona-Sant-Ferran-Courtesy-of-lluis-benejam-300x278.jpg",300,278,true],"medium_large":["https:\/\/spanishcastlemoviemagic.com\/es\/wp-content\/uploads\/sites\/3\/2019\/09\/Catalu\u00f1a-girona-Sant-Ferran-Courtesy-of-lluis-benejam-768x713.jpg",768,713,true],"large":["https:\/\/spanishcastlemoviemagic.com\/es\/wp-content\/uploads\/sites\/3\/2019\/09\/Catalu\u00f1a-girona-Sant-Ferran-Courtesy-of-lluis-benejam-1024x951.jpg",1024,951,true],"1536x1536":["https:\/\/spanishcastlemoviemagic.com\/es\/wp-content\/uploads\/sites\/3\/2019\/09\/Catalu\u00f1a-girona-Sant-Ferran-Courtesy-of-lluis-benejam.jpg",1536,1426,false],"2048x2048":["https:\/\/spanishcastlemoviemagic.com\/es\/wp-content\/uploads\/sites\/3\/2019\/09\/Catalu\u00f1a-girona-Sant-Ferran-Courtesy-of-lluis-benejam.jpg",1575,1462,false],"ab-block-post-grid-landscape":["https:\/\/spanishcastlemoviemagic.com\/es\/wp-content\/uploads\/sites\/3\/2019\/09\/Catalu\u00f1a-girona-Sant-Ferran-Courtesy-of-lluis-benejam.jpg",431,400,false],"ab-block-post-grid-square":["https:\/\/spanishcastlemoviemagic.com\/es\/wp-content\/uploads\/sites\/3\/2019\/09\/Catalu\u00f1a-girona-Sant-Ferran-Courtesy-of-lluis-benejam.jpg",600,557,false]},"uagb_author_info":{"display_name":"admin","author_link":"https:\/\/spanishcastlemoviemagic.com\/es\/blog\/author\/cas-eggermontme-com\/"},"uagb_comment_info":0,"uagb_excerpt":"Estamos situados en los \u00faltimos a\u00f1os del Imperio Otomano, y el castillo de San Fernando es una de muchas localizaciones [&hellip;]","_links":{"self":[{"href":"https:\/\/spanishcastlemoviemagic.com\/es\/wp-json\/wp\/v2\/pages\/1740","targetHints":{"allow":["GET"]}}],"collection":[{"href":"https:\/\/spanishcastlemoviemagic.com\/es\/wp-json\/wp\/v2\/pages"}],"about":[{"href":"https:\/\/spanishcastlemoviemagic.com\/es\/wp-json\/wp\/v2\/types\/page"}],"author":[{"embeddable":true,"href":"https:\/\/spanishcastlemoviemagic.com\/es\/wp-json\/wp\/v2\/users\/1"}],"replies":[{"embeddable":true,"href":"https:\/\/spanishcastlemoviemagic.com\/es\/wp-json\/wp\/v2\/comments?post=1740"}],"version-history":[{"count":2,"href":"https:\/\/spanishcastlemoviemagic.com\/es\/wp-json\/wp\/v2\/pages\/1740\/revisions"}],"predecessor-version":[{"id":3817,"href":"https:\/\/spanishcastlemoviemagic.com\/es\/wp-json\/wp\/v2\/pages\/1740\/revisions\/3817"}],"wp:featuredmedia":[{"embeddable":true,"href":"https:\/\/spanishcastlemoviemagic.com\/es\/wp-json\/wp\/v2\/media\/3035"}],"wp:attachment":[{"href":"https:\/\/spanishcastlemoviemagic.com\/es\/wp-json\/wp\/v2\/media?parent=1740"}],"curies":[{"name":"wp","href":"https:\/\/api.w.org\/{rel}","templated":true}]}}