{"id":1736,"date":"2019-09-08T16:25:56","date_gmt":"2019-09-08T16:25:56","guid":{"rendered":"https:\/\/spanishcastlemoviemagic.com\/es\/?page_id=1736"},"modified":"2019-09-23T16:05:33","modified_gmt":"2019-09-23T16:05:33","slug":"perfume-the-story-of-a-murderer-2006-san-fer","status":"publish","type":"page","link":"https:\/\/spanishcastlemoviemagic.com\/es\/perfume-the-story-of-a-murderer-2006-san-fer\/","title":{"rendered":"Perfume: the Story of a Murderer (2006) San Fernando"},"content":{"rendered":"\n<p>La\ncasa de la se\u00f1ora Arnulfi y la f\u00e1brica de perfumes, supuestamente en Grauss, la\ncuna del perfume en Francia, fueron filmadas en Castell de San Ferran, as\u00ed como\nla curtidur\u00eda de Grimalfi y las puertas de la ciudad de Par\u00eds cuando Grenouille\nregresa despu\u00e9s de la escena de la fallida ejecuci\u00f3n cum org\u00eda y pasa sobre el\npuente levadizo de San Ferran.<\/p>\n\n\n\n<p>Su\niglesia inacabada fue utilizada para las escenas del taller de cuero, y los\nantiguos establos eran el taller donde los pacientes campesinos se sentaban\nclasificando p\u00e9talos, adem\u00e1s de proporcionar la celda de Grenouille antes de su\nfallida ejecuci\u00f3n.<\/p>\n\n\n\n<p>El\npatio de armas tambi\u00e9n se convirti\u00f3 en un escenario que mostraba las calles de\nPar\u00eds mientras Grenouille segu\u00eda su nariz hasta la perfumer\u00eda de Dustin\nHoffman.<\/p>\n","protected":false},"excerpt":{"rendered":"<p>La casa de la se\u00f1ora Arnulfi y la f\u00e1brica de perfumes, supuestamente en Grauss, la cuna del perfume en Francia, [&hellip;]<\/p>\n","protected":false},"author":1,"featured_media":3035,"parent":0,"menu_order":0,"comment_status":"closed","ping_status":"closed","template":"","meta":{"_uag_custom_page_level_css":"","site-sidebar-layout":"default","site-content-layout":"","ast-site-content-layout":"default","site-content-style":"default","site-sidebar-style":"default","ast-global-header-display":"","ast-banner-title-visibility":"","ast-main-header-display":"","ast-hfb-above-header-display":"","ast-hfb-below-header-display":"","ast-hfb-mobile-header-display":"","site-post-title":"","ast-breadcrumbs-content":"","ast-featured-img":"","footer-sml-layout":"","ast-disable-related-posts":"","theme-transparent-header-meta":"","adv-header-id-meta":"","stick-header-meta":"","header-above-stick-meta":"","header-main-stick-meta":"","header-below-stick-meta":"","astra-migrate-meta-layouts":"default","ast-page-background-enabled":"default","ast-page-background-meta":{"desktop":{"background-color":"var(--ast-global-color-5)","background-image":"","background-repeat":"repeat","background-position":"center center","background-size":"auto","background-attachment":"scroll","background-type":"","background-media":"","overlay-type":"","overlay-color":"","overlay-opacity":"","overlay-gradient":""},"tablet":{"background-color":"","background-image":"","background-repeat":"repeat","background-position":"center center","background-size":"auto","background-attachment":"scroll","background-type":"","background-media":"","overlay-type":"","overlay-color":"","overlay-opacity":"","overlay-gradient":""},"mobile":{"background-color":"","background-image":"","background-repeat":"repeat","background-position":"center center","background-size":"auto","background-attachment":"scroll","background-type":"","background-media":"","overlay-type":"","overlay-color":"","overlay-opacity":"","overlay-gradient":""}},"ast-content-background-meta":{"desktop":{"background-color":"var(--ast-global-color-4)","background-image":"","background-repeat":"repeat","background-position":"center center","background-size":"auto","background-attachment":"scroll","background-type":"","background-media":"","overlay-type":"","overlay-color":"","overlay-opacity":"","overlay-gradient":""},"tablet":{"background-color":"var(--ast-global-color-4)","background-image":"","background-repeat":"repeat","background-position":"center center","background-size":"auto","background-attachment":"scroll","background-type":"","background-media":"","overlay-type":"","overlay-color":"","overlay-opacity":"","overlay-gradient":""},"mobile":{"background-color":"var(--ast-global-color-4)","background-image":"","background-repeat":"repeat","background-position":"center center","background-size":"auto","background-attachment":"scroll","background-type":"","background-media":"","overlay-type":"","overlay-color":"","overlay-opacity":"","overlay-gradient":""}},"footnotes":""},"class_list":["post-1736","page","type-page","status-publish","has-post-thumbnail","hentry"],"featured_image_src":"https:\/\/spanishcastlemoviemagic.com\/es\/wp-content\/uploads\/sites\/3\/2019\/09\/Catalu\u00f1a-girona-Sant-Ferran-Courtesy-of-lluis-benejam.jpg","featured_image_src_square":"https:\/\/spanishcastlemoviemagic.com\/es\/wp-content\/uploads\/sites\/3\/2019\/09\/Catalu\u00f1a-girona-Sant-Ferran-Courtesy-of-lluis-benejam.jpg","uagb_featured_image_src":{"full":["https:\/\/spanishcastlemoviemagic.com\/es\/wp-content\/uploads\/sites\/3\/2019\/09\/Catalu\u00f1a-girona-Sant-Ferran-Courtesy-of-lluis-benejam.jpg",1575,1462,false],"thumbnail":["https:\/\/spanishcastlemoviemagic.com\/es\/wp-content\/uploads\/sites\/3\/2019\/09\/Catalu\u00f1a-girona-Sant-Ferran-Courtesy-of-lluis-benejam-150x150.jpg",150,150,true],"medium":["https:\/\/spanishcastlemoviemagic.com\/es\/wp-content\/uploads\/sites\/3\/2019\/09\/Catalu\u00f1a-girona-Sant-Ferran-Courtesy-of-lluis-benejam-300x278.jpg",300,278,true],"medium_large":["https:\/\/spanishcastlemoviemagic.com\/es\/wp-content\/uploads\/sites\/3\/2019\/09\/Catalu\u00f1a-girona-Sant-Ferran-Courtesy-of-lluis-benejam-768x713.jpg",768,713,true],"large":["https:\/\/spanishcastlemoviemagic.com\/es\/wp-content\/uploads\/sites\/3\/2019\/09\/Catalu\u00f1a-girona-Sant-Ferran-Courtesy-of-lluis-benejam-1024x951.jpg",1024,951,true],"1536x1536":["https:\/\/spanishcastlemoviemagic.com\/es\/wp-content\/uploads\/sites\/3\/2019\/09\/Catalu\u00f1a-girona-Sant-Ferran-Courtesy-of-lluis-benejam.jpg",1536,1426,false],"2048x2048":["https:\/\/spanishcastlemoviemagic.com\/es\/wp-content\/uploads\/sites\/3\/2019\/09\/Catalu\u00f1a-girona-Sant-Ferran-Courtesy-of-lluis-benejam.jpg",1575,1462,false],"ab-block-post-grid-landscape":["https:\/\/spanishcastlemoviemagic.com\/es\/wp-content\/uploads\/sites\/3\/2019\/09\/Catalu\u00f1a-girona-Sant-Ferran-Courtesy-of-lluis-benejam.jpg",431,400,false],"ab-block-post-grid-square":["https:\/\/spanishcastlemoviemagic.com\/es\/wp-content\/uploads\/sites\/3\/2019\/09\/Catalu\u00f1a-girona-Sant-Ferran-Courtesy-of-lluis-benejam.jpg",600,557,false]},"uagb_author_info":{"display_name":"admin","author_link":"https:\/\/spanishcastlemoviemagic.com\/es\/blog\/author\/cas-eggermontme-com\/"},"uagb_comment_info":0,"uagb_excerpt":"La casa de la se\u00f1ora Arnulfi y la f\u00e1brica de perfumes, supuestamente en Grauss, la cuna del perfume en Francia, [&hellip;]","_links":{"self":[{"href":"https:\/\/spanishcastlemoviemagic.com\/es\/wp-json\/wp\/v2\/pages\/1736","targetHints":{"allow":["GET"]}}],"collection":[{"href":"https:\/\/spanishcastlemoviemagic.com\/es\/wp-json\/wp\/v2\/pages"}],"about":[{"href":"https:\/\/spanishcastlemoviemagic.com\/es\/wp-json\/wp\/v2\/types\/page"}],"author":[{"embeddable":true,"href":"https:\/\/spanishcastlemoviemagic.com\/es\/wp-json\/wp\/v2\/users\/1"}],"replies":[{"embeddable":true,"href":"https:\/\/spanishcastlemoviemagic.com\/es\/wp-json\/wp\/v2\/comments?post=1736"}],"version-history":[{"count":1,"href":"https:\/\/spanishcastlemoviemagic.com\/es\/wp-json\/wp\/v2\/pages\/1736\/revisions"}],"predecessor-version":[{"id":3804,"href":"https:\/\/spanishcastlemoviemagic.com\/es\/wp-json\/wp\/v2\/pages\/1736\/revisions\/3804"}],"wp:featuredmedia":[{"embeddable":true,"href":"https:\/\/spanishcastlemoviemagic.com\/es\/wp-json\/wp\/v2\/media\/3035"}],"wp:attachment":[{"href":"https:\/\/spanishcastlemoviemagic.com\/es\/wp-json\/wp\/v2\/media?parent=1736"}],"curies":[{"name":"wp","href":"https:\/\/api.w.org\/{rel}","templated":true}]}}