{"id":1730,"date":"2019-09-08T16:21:46","date_gmt":"2019-09-08T16:21:46","guid":{"rendered":"https:\/\/spanishcastlemoviemagic.com\/es\/?page_id=1730"},"modified":"2019-09-23T16:02:03","modified_gmt":"2019-09-23T16:02:03","slug":"suddenly-last-summer-1959","status":"publish","type":"page","link":"https:\/\/spanishcastlemoviemagic.com\/es\/suddenly-last-summer-1959\/","title":{"rendered":"Suddenly Last Summer (1959)"},"content":{"rendered":"\n<p>Elizabeth\nTaylor tiene miedo de algo que no sea Virginia Wolfe, y tiene que enfrentarse a\nsus terribles recuerdos revel\u00e1ndose a la psiquiatra Montgomery Clift, cuya interpretaci\u00f3n\nconsiste sobre todo en encontrar diferentes \u00e1ngulos para meterle las manos en\nlos bolsillos.<\/p>\n\n\n\n<p>Begur\nes aparentemente un peque\u00f1o pueblo costero llamado intrigantemente Cabeza de Lobo,\ndonde no est\u00e1 pasando nada en especial en 1937, y donde el sensible poeta Sebastian,\nhermano de Taylor, pero cuya cara nunca vemos, se encuentra con unos\nadolescentes ensayando un casting para \u2018El Se\u00f1or de las Moscas\u2019.<\/p>\n\n\n\n<p>Taylor\nsigue a Sebastian y a los ni\u00f1os hasta las ruinas del castillo medieval en la\ncima de la colina, donde su hermano se encuentra con su destino.<\/p>\n\n\n\n<p>Diez\nd\u00edas de rodaje tuvieron lugar en agosto de 1959, pero la pel\u00edcula no se estren\u00f3\nen la Espa\u00f1a de Franco hasta 1979. <\/p>\n\n\n\n<p>Taylor\ny su marido ef\u00edmero Eddie Fisher comieron en el Bar Frigola de la plaza\nprincipal de Begur durante los d\u00edas de verano, seg\u00fan Pere Carreras Luque, un\nexperto local que ha mantenido vivo el recuerdo de esta y otras pel\u00edculas en\nBegur. <\/p>\n\n\n\n<p>El\nbar, ahora una sucursal del Banco de Sabadell, fue precintado para evitar que\nse acercaran personas ajenas a la pel\u00edcula, entre ellas Pepe, cuyo amor por el\ncine comenz\u00f3 con la visita de La Taylor, pero que tambi\u00e9n estaba condicionado\npor el hecho de que su abuelo dirig\u00eda el cine local, en el que todav\u00eda se\nexhiben pel\u00edculas.<\/p>\n","protected":false},"excerpt":{"rendered":"<p>Elizabeth Taylor tiene miedo de algo que no sea Virginia Wolfe, y tiene que enfrentarse a sus terribles recuerdos revel\u00e1ndose [&hellip;]<\/p>\n","protected":false},"author":1,"featured_media":1166,"parent":0,"menu_order":0,"comment_status":"closed","ping_status":"closed","template":"","meta":{"_uag_custom_page_level_css":"","site-sidebar-layout":"default","site-content-layout":"","ast-site-content-layout":"default","site-content-style":"default","site-sidebar-style":"default","ast-global-header-display":"","ast-banner-title-visibility":"","ast-main-header-display":"","ast-hfb-above-header-display":"","ast-hfb-below-header-display":"","ast-hfb-mobile-header-display":"","site-post-title":"","ast-breadcrumbs-content":"","ast-featured-img":"","footer-sml-layout":"","ast-disable-related-posts":"","theme-transparent-header-meta":"","adv-header-id-meta":"","stick-header-meta":"","header-above-stick-meta":"","header-main-stick-meta":"","header-below-stick-meta":"","astra-migrate-meta-layouts":"default","ast-page-background-enabled":"default","ast-page-background-meta":{"desktop":{"background-color":"var(--ast-global-color-5)","background-image":"","background-repeat":"repeat","background-position":"center center","background-size":"auto","background-attachment":"scroll","background-type":"","background-media":"","overlay-type":"","overlay-color":"","overlay-opacity":"","overlay-gradient":""},"tablet":{"background-color":"","background-image":"","background-repeat":"repeat","background-position":"center center","background-size":"auto","background-attachment":"scroll","background-type":"","background-media":"","overlay-type":"","overlay-color":"","overlay-opacity":"","overlay-gradient":""},"mobile":{"background-color":"","background-image":"","background-repeat":"repeat","background-position":"center center","background-size":"auto","background-attachment":"scroll","background-type":"","background-media":"","overlay-type":"","overlay-color":"","overlay-opacity":"","overlay-gradient":""}},"ast-content-background-meta":{"desktop":{"background-color":"var(--ast-global-color-4)","background-image":"","background-repeat":"repeat","background-position":"center center","background-size":"auto","background-attachment":"scroll","background-type":"","background-media":"","overlay-type":"","overlay-color":"","overlay-opacity":"","overlay-gradient":""},"tablet":{"background-color":"var(--ast-global-color-4)","background-image":"","background-repeat":"repeat","background-position":"center center","background-size":"auto","background-attachment":"scroll","background-type":"","background-media":"","overlay-type":"","overlay-color":"","overlay-opacity":"","overlay-gradient":""},"mobile":{"background-color":"var(--ast-global-color-4)","background-image":"","background-repeat":"repeat","background-position":"center center","background-size":"auto","background-attachment":"scroll","background-type":"","background-media":"","overlay-type":"","overlay-color":"","overlay-opacity":"","overlay-gradient":""}},"footnotes":""},"class_list":["post-1730","page","type-page","status-publish","has-post-thumbnail","hentry"],"featured_image_src":"https:\/\/spanishcastlemoviemagic.com\/es\/wp-content\/uploads\/sites\/3\/2019\/09\/Begur-Girona-s.jpg","featured_image_src_square":"https:\/\/spanishcastlemoviemagic.com\/es\/wp-content\/uploads\/sites\/3\/2019\/09\/Begur-Girona-s.jpg","uagb_featured_image_src":{"full":["https:\/\/spanishcastlemoviemagic.com\/es\/wp-content\/uploads\/sites\/3\/2019\/09\/Begur-Girona-s.jpg",2000,1124,false],"thumbnail":["https:\/\/spanishcastlemoviemagic.com\/es\/wp-content\/uploads\/sites\/3\/2019\/09\/Begur-Girona-s-150x150.jpg",150,150,true],"medium":["https:\/\/spanishcastlemoviemagic.com\/es\/wp-content\/uploads\/sites\/3\/2019\/09\/Begur-Girona-s-300x169.jpg",300,169,true],"medium_large":["https:\/\/spanishcastlemoviemagic.com\/es\/wp-content\/uploads\/sites\/3\/2019\/09\/Begur-Girona-s-768x432.jpg",768,432,true],"large":["https:\/\/spanishcastlemoviemagic.com\/es\/wp-content\/uploads\/sites\/3\/2019\/09\/Begur-Girona-s-1024x575.jpg",1024,575,true],"1536x1536":["https:\/\/spanishcastlemoviemagic.com\/es\/wp-content\/uploads\/sites\/3\/2019\/09\/Begur-Girona-s.jpg",1536,863,false],"2048x2048":["https:\/\/spanishcastlemoviemagic.com\/es\/wp-content\/uploads\/sites\/3\/2019\/09\/Begur-Girona-s.jpg",2000,1124,false],"ab-block-post-grid-landscape":["https:\/\/spanishcastlemoviemagic.com\/es\/wp-content\/uploads\/sites\/3\/2019\/09\/Begur-Girona-s.jpg",600,337,false],"ab-block-post-grid-square":["https:\/\/spanishcastlemoviemagic.com\/es\/wp-content\/uploads\/sites\/3\/2019\/09\/Begur-Girona-s.jpg",600,337,false]},"uagb_author_info":{"display_name":"admin","author_link":"https:\/\/spanishcastlemoviemagic.com\/es\/blog\/author\/cas-eggermontme-com\/"},"uagb_comment_info":0,"uagb_excerpt":"Elizabeth Taylor tiene miedo de algo que no sea Virginia Wolfe, y tiene que enfrentarse a sus terribles recuerdos revel\u00e1ndose [&hellip;]","_links":{"self":[{"href":"https:\/\/spanishcastlemoviemagic.com\/es\/wp-json\/wp\/v2\/pages\/1730","targetHints":{"allow":["GET"]}}],"collection":[{"href":"https:\/\/spanishcastlemoviemagic.com\/es\/wp-json\/wp\/v2\/pages"}],"about":[{"href":"https:\/\/spanishcastlemoviemagic.com\/es\/wp-json\/wp\/v2\/types\/page"}],"author":[{"embeddable":true,"href":"https:\/\/spanishcastlemoviemagic.com\/es\/wp-json\/wp\/v2\/users\/1"}],"replies":[{"embeddable":true,"href":"https:\/\/spanishcastlemoviemagic.com\/es\/wp-json\/wp\/v2\/comments?post=1730"}],"version-history":[{"count":2,"href":"https:\/\/spanishcastlemoviemagic.com\/es\/wp-json\/wp\/v2\/pages\/1730\/revisions"}],"predecessor-version":[{"id":3793,"href":"https:\/\/spanishcastlemoviemagic.com\/es\/wp-json\/wp\/v2\/pages\/1730\/revisions\/3793"}],"wp:featuredmedia":[{"embeddable":true,"href":"https:\/\/spanishcastlemoviemagic.com\/es\/wp-json\/wp\/v2\/media\/1166"}],"wp:attachment":[{"href":"https:\/\/spanishcastlemoviemagic.com\/es\/wp-json\/wp\/v2\/media?parent=1730"}],"curies":[{"name":"wp","href":"https:\/\/api.w.org\/{rel}","templated":true}]}}