{"id":1720,"date":"2019-09-08T16:15:55","date_gmt":"2019-09-08T16:15:55","guid":{"rendered":"https:\/\/spanishcastlemoviemagic.com\/es\/?page_id=1720"},"modified":"2019-09-30T18:36:05","modified_gmt":"2019-09-30T18:36:05","slug":"uncovered-1994","status":"publish","type":"page","link":"https:\/\/spanishcastlemoviemagic.com\/es\/uncovered-1994\/","title":{"rendered":"Uncovered (1994)"},"content":{"rendered":"\n<p>La\npel\u00edcula se basa en un libro escrito por el novelista espa\u00f1ol Arturo\nP\u00e9rez-Reverte, un thriller cuya historia se centra en el juego del ajedrez y un\ncuadro antiguo, que desvela sus secretos cuando se est\u00e1 restaurando.<\/p>\n\n\n\n<p>A\nmedida que los cr\u00e9ditos de apertura se deslizan por la pantalla, vemos algunas\nde las vistas cl\u00e1sicas de Barcelona: La Catedral de la Sagrada Familia de\nGaud\u00ed, la vista a\u00e9rea del puerto desde un telef\u00e9rico que atraviesa la ciudad,\ncon la estatua de Col\u00f3n al pie de La Rambla.<\/p>\n\n\n\n<p>Kate\nBeckinsale interpreta al restaurador que estornuda cada vez que un hombre\nintenta ponerse serio con ella, y que ver\u00e1 las piezas de ajedrez humano morir\njusto cuando empiezan a ser sospechosas del crimen: &#8220;\u00bfqui\u00e9n mat\u00f3 al\nCaballo?&#8221;.<\/p>\n\n\n\n<p>La\nReina Negra, que recupera su reputaci\u00f3n cuando se convierte en una m\u00e1s de las\nv\u00edctimas de los asesinatos, vive en el Castillo de Santa Florentina, que en el\nmundo real est\u00e1 situado en las afueras de Canet de Mar.<\/p>\n\n\n\n<p>Visitamos\nel castillo varias veces, primero para encontrarnos con el due\u00f1o del cuadro, en\nsilla de ruedas y con m\u00e1scara de ox\u00edgeno, que\npronto estar\u00e1 muerto. <\/p>\n\n\n\n<p>La\nsegunda visita es la pesadilla de Kate sobre el asesinato del caballero\nmedieval original.<\/p>\n\n\n\n<p>A\ncontinuaci\u00f3n, el primero de dos funerales en una colina que domina convenientemente\nel castillo y lo que parece ser una autopista en construcci\u00f3n.<\/p>\n\n\n\n<p>Despu\u00e9s\nde que Max es arrestado, Kate y su amigo gitano visitan el castillo por la\nnoche mientras la trama se desarrolla hacia su desenlace.<\/p>\n\n\n\n<p>Finalmente,\nel segundo funeral, y tiempo para tomar el \u00faltimo autob\u00fas a casa.<\/p>\n\n\n\n<p>El\ncastillo tambi\u00e9n fue utilizado en la sexta temporada de Game of Thrones para\nrepresentar a Horn Hill.<\/p>\n","protected":false},"excerpt":{"rendered":"<p>La pel\u00edcula se basa en un libro escrito por el novelista espa\u00f1ol Arturo P\u00e9rez-Reverte, un thriller cuya historia se centra [&hellip;]<\/p>\n","protected":false},"author":1,"featured_media":4239,"parent":0,"menu_order":0,"comment_status":"closed","ping_status":"closed","template":"","meta":{"_uag_custom_page_level_css":"","site-sidebar-layout":"default","site-content-layout":"","ast-site-content-layout":"default","site-content-style":"default","site-sidebar-style":"default","ast-global-header-display":"","ast-banner-title-visibility":"","ast-main-header-display":"","ast-hfb-above-header-display":"","ast-hfb-below-header-display":"","ast-hfb-mobile-header-display":"","site-post-title":"","ast-breadcrumbs-content":"","ast-featured-img":"","footer-sml-layout":"","ast-disable-related-posts":"","theme-transparent-header-meta":"","adv-header-id-meta":"","stick-header-meta":"","header-above-stick-meta":"","header-main-stick-meta":"","header-below-stick-meta":"","astra-migrate-meta-layouts":"default","ast-page-background-enabled":"default","ast-page-background-meta":{"desktop":{"background-color":"var(--ast-global-color-5)","background-image":"","background-repeat":"repeat","background-position":"center center","background-size":"auto","background-attachment":"scroll","background-type":"","background-media":"","overlay-type":"","overlay-color":"","overlay-opacity":"","overlay-gradient":""},"tablet":{"background-color":"","background-image":"","background-repeat":"repeat","background-position":"center center","background-size":"auto","background-attachment":"scroll","background-type":"","background-media":"","overlay-type":"","overlay-color":"","overlay-opacity":"","overlay-gradient":""},"mobile":{"background-color":"","background-image":"","background-repeat":"repeat","background-position":"center center","background-size":"auto","background-attachment":"scroll","background-type":"","background-media":"","overlay-type":"","overlay-color":"","overlay-opacity":"","overlay-gradient":""}},"ast-content-background-meta":{"desktop":{"background-color":"var(--ast-global-color-4)","background-image":"","background-repeat":"repeat","background-position":"center center","background-size":"auto","background-attachment":"scroll","background-type":"","background-media":"","overlay-type":"","overlay-color":"","overlay-opacity":"","overlay-gradient":""},"tablet":{"background-color":"var(--ast-global-color-4)","background-image":"","background-repeat":"repeat","background-position":"center center","background-size":"auto","background-attachment":"scroll","background-type":"","background-media":"","overlay-type":"","overlay-color":"","overlay-opacity":"","overlay-gradient":""},"mobile":{"background-color":"var(--ast-global-color-4)","background-image":"","background-repeat":"repeat","background-position":"center center","background-size":"auto","background-attachment":"scroll","background-type":"","background-media":"","overlay-type":"","overlay-color":"","overlay-opacity":"","overlay-gradient":""}},"footnotes":""},"class_list":["post-1720","page","type-page","status-publish","has-post-thumbnail","hentry"],"featured_image_src":"https:\/\/spanishcastlemoviemagic.com\/es\/wp-content\/uploads\/sites\/3\/2019\/09\/Santa-Florentina.jpg","featured_image_src_square":"https:\/\/spanishcastlemoviemagic.com\/es\/wp-content\/uploads\/sites\/3\/2019\/09\/Santa-Florentina.jpg","uagb_featured_image_src":{"full":["https:\/\/spanishcastlemoviemagic.com\/es\/wp-content\/uploads\/sites\/3\/2019\/09\/Santa-Florentina.jpg",2500,1406,false],"thumbnail":["https:\/\/spanishcastlemoviemagic.com\/es\/wp-content\/uploads\/sites\/3\/2019\/09\/Santa-Florentina-150x150.jpg",150,150,true],"medium":["https:\/\/spanishcastlemoviemagic.com\/es\/wp-content\/uploads\/sites\/3\/2019\/09\/Santa-Florentina-300x169.jpg",300,169,true],"medium_large":["https:\/\/spanishcastlemoviemagic.com\/es\/wp-content\/uploads\/sites\/3\/2019\/09\/Santa-Florentina-768x432.jpg",768,432,true],"large":["https:\/\/spanishcastlemoviemagic.com\/es\/wp-content\/uploads\/sites\/3\/2019\/09\/Santa-Florentina-1024x576.jpg",1024,576,true],"1536x1536":["https:\/\/spanishcastlemoviemagic.com\/es\/wp-content\/uploads\/sites\/3\/2019\/09\/Santa-Florentina.jpg",1536,864,false],"2048x2048":["https:\/\/spanishcastlemoviemagic.com\/es\/wp-content\/uploads\/sites\/3\/2019\/09\/Santa-Florentina.jpg",2048,1152,false],"ab-block-post-grid-landscape":["https:\/\/spanishcastlemoviemagic.com\/es\/wp-content\/uploads\/sites\/3\/2019\/09\/Santa-Florentina.jpg",600,337,false],"ab-block-post-grid-square":["https:\/\/spanishcastlemoviemagic.com\/es\/wp-content\/uploads\/sites\/3\/2019\/09\/Santa-Florentina.jpg",600,337,false]},"uagb_author_info":{"display_name":"admin","author_link":"https:\/\/spanishcastlemoviemagic.com\/es\/blog\/author\/cas-eggermontme-com\/"},"uagb_comment_info":0,"uagb_excerpt":"La pel\u00edcula se basa en un libro escrito por el novelista espa\u00f1ol Arturo P\u00e9rez-Reverte, un thriller cuya historia se centra [&hellip;]","_links":{"self":[{"href":"https:\/\/spanishcastlemoviemagic.com\/es\/wp-json\/wp\/v2\/pages\/1720","targetHints":{"allow":["GET"]}}],"collection":[{"href":"https:\/\/spanishcastlemoviemagic.com\/es\/wp-json\/wp\/v2\/pages"}],"about":[{"href":"https:\/\/spanishcastlemoviemagic.com\/es\/wp-json\/wp\/v2\/types\/page"}],"author":[{"embeddable":true,"href":"https:\/\/spanishcastlemoviemagic.com\/es\/wp-json\/wp\/v2\/users\/1"}],"replies":[{"embeddable":true,"href":"https:\/\/spanishcastlemoviemagic.com\/es\/wp-json\/wp\/v2\/comments?post=1720"}],"version-history":[{"count":1,"href":"https:\/\/spanishcastlemoviemagic.com\/es\/wp-json\/wp\/v2\/pages\/1720\/revisions"}],"predecessor-version":[{"id":3783,"href":"https:\/\/spanishcastlemoviemagic.com\/es\/wp-json\/wp\/v2\/pages\/1720\/revisions\/3783"}],"wp:featuredmedia":[{"embeddable":true,"href":"https:\/\/spanishcastlemoviemagic.com\/es\/wp-json\/wp\/v2\/media\/4239"}],"wp:attachment":[{"href":"https:\/\/spanishcastlemoviemagic.com\/es\/wp-json\/wp\/v2\/media?parent=1720"}],"curies":[{"name":"wp","href":"https:\/\/api.w.org\/{rel}","templated":true}]}}