{"id":1714,"date":"2019-09-08T16:10:57","date_gmt":"2019-09-08T16:10:57","guid":{"rendered":"https:\/\/spanishcastlemoviemagic.com\/es\/?page_id=1714"},"modified":"2021-05-31T13:16:32","modified_gmt":"2021-05-31T13:16:32","slug":"face-of-terror-2003","status":"publish","type":"page","link":"https:\/\/spanishcastlemoviemagic.com\/es\/face-of-terror-2003\/","title":{"rendered":"Face of Terror (2003)"},"content":{"rendered":"\n<p>Un\ncomplot totalmente cre\u00edble en el que un polic\u00eda norteamericano viaja a\nBarcelona en busca de su hermana perdida, que puede ser v\u00edctima de una c\u00e9lula\nterrorista que utiliza chicas como bombas. <\/p>\n\n\n\n<p>La\npel\u00edcula es otra colaboraci\u00f3n entre una productora catalana (Drimtim) y actores\namericanos, utilizando las calles y los monumentos de Barcelona como tel\u00f3n de\nfondo.<\/p>\n\n\n\n<p>En\nvarias etapas las escenas est\u00e1n separadas por vistas de la ciudad, la primera\nde las cuales incluye la Catedral de la Sagrada Familia y La Rambla. Despu\u00e9s de\nun breve interludio en Los \u00c1ngeles para conocer a nuestro h\u00e9roe, regresamos a\nlas vistas a\u00e9reas del puerto y le encontramos registr\u00e1ndose en el Hotel Col\u00f3n.\nVisita el piso de su hermana desaparecida, que se supone que se encuentra en el\nfamoso edificio de la Pedrera de Gaud\u00ed.<\/p>\n\n\n\n<p>En\nrealidad, hay dos grupos de villanos, o m\u00e1s bien un grupo y un lobo terrorista\nsolitario, al que le gusta disfrutar de su villan\u00eda en el Castillo de Montjuic\ncon vistas a la ciudad. <\/p>\n\n\n\n<p>Despu\u00e9s\nde disfrutar de la vista y de la artiller\u00eda, el lobo solitario dispara a dos\nmatones para enfatizar su desacuerdo con su trato, y luego sigue a su jefe\nhasta el foso del castillo para discutir los t\u00e9rminos del desacuerdo con otra\nbala.<\/p>\n\n\n\n<p>Para\nla segunda visita, despu\u00e9s de una espectacular e poco cre\u00edble persecuci\u00f3n en\ncoche, volvemos, esta vez en telef\u00e9rico, al Castillo de Montjuic para otro\nencuentro entre villanos, donde se llega a un acuerdo; lo habitual, explosivos\npl\u00e1sticos a cambio de &#8220;deshacerse de la chica&#8221;.<\/p>\n\n\n\n<p>El\ncl\u00edmax tiene lugar delante y alrededor de un hotel junto al mar, el Gran Meli\u00e1,\nen la cercana localidad tur\u00edstica de Sitges, justo al sur de Barcelona; confirmado\npor el nombre del pueblo en la ambulancia.<\/p>\n\n\n\n<p>Es\nen las escaleras del hotel que el villano (que tiene su lado incomprendido), es\nfrustrado en su plan de volar el hotel con una bomba maleta, antes de ser\nperseguido y derrotado en la playa.<\/p>\n\n\n\n<p>Es\napropiado que el hotel aparezca en una pel\u00edcula, porque es aqu\u00ed donde se\ncelebra el Festival Internacional de Cine de Sitges en octubre de cada a\u00f1o.<\/p>\n\n\n\n<p>Tambi\u00e9n\nes posible que te topes con un zombi, ya que uno de los puntos culminantes del\nfestival es la Caminata Zombi, que comienza en el hotel antes de trasladarse a\nla ciudad para asustar a los lugare\u00f1os.<\/p>\n","protected":false},"excerpt":{"rendered":"<p>Un complot totalmente cre\u00edble en el que un polic\u00eda norteamericano viaja a Barcelona en busca de su hermana perdida, que [&hellip;]<\/p>\n","protected":false},"author":1,"featured_media":1165,"parent":0,"menu_order":0,"comment_status":"closed","ping_status":"closed","template":"","meta":{"_uag_custom_page_level_css":"","site-sidebar-layout":"default","site-content-layout":"","ast-site-content-layout":"default","site-content-style":"default","site-sidebar-style":"default","ast-global-header-display":"","ast-banner-title-visibility":"","ast-main-header-display":"","ast-hfb-above-header-display":"","ast-hfb-below-header-display":"","ast-hfb-mobile-header-display":"","site-post-title":"","ast-breadcrumbs-content":"","ast-featured-img":"","footer-sml-layout":"","ast-disable-related-posts":"","theme-transparent-header-meta":"","adv-header-id-meta":"","stick-header-meta":"","header-above-stick-meta":"","header-main-stick-meta":"","header-below-stick-meta":"","astra-migrate-meta-layouts":"default","ast-page-background-enabled":"default","ast-page-background-meta":{"desktop":{"background-color":"var(--ast-global-color-5)","background-image":"","background-repeat":"repeat","background-position":"center center","background-size":"auto","background-attachment":"scroll","background-type":"","background-media":"","overlay-type":"","overlay-color":"","overlay-opacity":"","overlay-gradient":""},"tablet":{"background-color":"","background-image":"","background-repeat":"repeat","background-position":"center center","background-size":"auto","background-attachment":"scroll","background-type":"","background-media":"","overlay-type":"","overlay-color":"","overlay-opacity":"","overlay-gradient":""},"mobile":{"background-color":"","background-image":"","background-repeat":"repeat","background-position":"center center","background-size":"auto","background-attachment":"scroll","background-type":"","background-media":"","overlay-type":"","overlay-color":"","overlay-opacity":"","overlay-gradient":""}},"ast-content-background-meta":{"desktop":{"background-color":"var(--ast-global-color-4)","background-image":"","background-repeat":"repeat","background-position":"center center","background-size":"auto","background-attachment":"scroll","background-type":"","background-media":"","overlay-type":"","overlay-color":"","overlay-opacity":"","overlay-gradient":""},"tablet":{"background-color":"var(--ast-global-color-4)","background-image":"","background-repeat":"repeat","background-position":"center center","background-size":"auto","background-attachment":"scroll","background-type":"","background-media":"","overlay-type":"","overlay-color":"","overlay-opacity":"","overlay-gradient":""},"mobile":{"background-color":"var(--ast-global-color-4)","background-image":"","background-repeat":"repeat","background-position":"center center","background-size":"auto","background-attachment":"scroll","background-type":"","background-media":"","overlay-type":"","overlay-color":"","overlay-opacity":"","overlay-gradient":""}},"footnotes":""},"class_list":["post-1714","page","type-page","status-publish","has-post-thumbnail","hentry"],"featured_image_src":"https:\/\/spanishcastlemoviemagic.com\/es\/wp-content\/uploads\/sites\/3\/2019\/09\/montjuic-Barcelona-s.jpg","featured_image_src_square":"https:\/\/spanishcastlemoviemagic.com\/es\/wp-content\/uploads\/sites\/3\/2019\/09\/montjuic-Barcelona-s.jpg","uagb_featured_image_src":{"full":["https:\/\/spanishcastlemoviemagic.com\/es\/wp-content\/uploads\/sites\/3\/2019\/09\/montjuic-Barcelona-s.jpg",2000,1124,false],"thumbnail":["https:\/\/spanishcastlemoviemagic.com\/es\/wp-content\/uploads\/sites\/3\/2019\/09\/montjuic-Barcelona-s-150x150.jpg",150,150,true],"medium":["https:\/\/spanishcastlemoviemagic.com\/es\/wp-content\/uploads\/sites\/3\/2019\/09\/montjuic-Barcelona-s-300x169.jpg",300,169,true],"medium_large":["https:\/\/spanishcastlemoviemagic.com\/es\/wp-content\/uploads\/sites\/3\/2019\/09\/montjuic-Barcelona-s-768x432.jpg",768,432,true],"large":["https:\/\/spanishcastlemoviemagic.com\/es\/wp-content\/uploads\/sites\/3\/2019\/09\/montjuic-Barcelona-s-1024x575.jpg",1024,575,true],"1536x1536":["https:\/\/spanishcastlemoviemagic.com\/es\/wp-content\/uploads\/sites\/3\/2019\/09\/montjuic-Barcelona-s.jpg",1536,863,false],"2048x2048":["https:\/\/spanishcastlemoviemagic.com\/es\/wp-content\/uploads\/sites\/3\/2019\/09\/montjuic-Barcelona-s.jpg",2000,1124,false],"ab-block-post-grid-landscape":["https:\/\/spanishcastlemoviemagic.com\/es\/wp-content\/uploads\/sites\/3\/2019\/09\/montjuic-Barcelona-s.jpg",600,337,false],"ab-block-post-grid-square":["https:\/\/spanishcastlemoviemagic.com\/es\/wp-content\/uploads\/sites\/3\/2019\/09\/montjuic-Barcelona-s.jpg",600,337,false]},"uagb_author_info":{"display_name":"admin","author_link":"https:\/\/spanishcastlemoviemagic.com\/es\/blog\/author\/cas-eggermontme-com\/"},"uagb_comment_info":0,"uagb_excerpt":"Un complot totalmente cre\u00edble en el que un polic\u00eda norteamericano viaja a Barcelona en busca de su hermana perdida, que [&hellip;]","_links":{"self":[{"href":"https:\/\/spanishcastlemoviemagic.com\/es\/wp-json\/wp\/v2\/pages\/1714","targetHints":{"allow":["GET"]}}],"collection":[{"href":"https:\/\/spanishcastlemoviemagic.com\/es\/wp-json\/wp\/v2\/pages"}],"about":[{"href":"https:\/\/spanishcastlemoviemagic.com\/es\/wp-json\/wp\/v2\/types\/page"}],"author":[{"embeddable":true,"href":"https:\/\/spanishcastlemoviemagic.com\/es\/wp-json\/wp\/v2\/users\/1"}],"replies":[{"embeddable":true,"href":"https:\/\/spanishcastlemoviemagic.com\/es\/wp-json\/wp\/v2\/comments?post=1714"}],"version-history":[{"count":1,"href":"https:\/\/spanishcastlemoviemagic.com\/es\/wp-json\/wp\/v2\/pages\/1714\/revisions"}],"predecessor-version":[{"id":3777,"href":"https:\/\/spanishcastlemoviemagic.com\/es\/wp-json\/wp\/v2\/pages\/1714\/revisions\/3777"}],"wp:featuredmedia":[{"embeddable":true,"href":"https:\/\/spanishcastlemoviemagic.com\/es\/wp-json\/wp\/v2\/media\/1165"}],"wp:attachment":[{"href":"https:\/\/spanishcastlemoviemagic.com\/es\/wp-json\/wp\/v2\/media?parent=1714"}],"curies":[{"name":"wp","href":"https:\/\/api.w.org\/{rel}","templated":true}]}}