{"id":1706,"date":"2019-09-08T16:07:03","date_gmt":"2019-09-08T16:07:03","guid":{"rendered":"https:\/\/spanishcastlemoviemagic.com\/es\/?page_id=1706"},"modified":"2021-05-31T13:16:32","modified_gmt":"2021-05-31T13:16:32","slug":"chimes-at-midnight-1965","status":"publish","type":"page","link":"https:\/\/spanishcastlemoviemagic.com\/es\/chimes-at-midnight-1965\/","title":{"rendered":"Chimes at Midnight (1965)"},"content":{"rendered":"\n<p>Orson\nWelles amaba a Espa\u00f1a, hasta el punto de que, aunque muri\u00f3 en California, sus\ncenizas fueron esparcidas en el pozo de un amigo torero en Ronda, Andaluc\u00eda, y\ntambi\u00e9n se rumorea que algunas de sus cenizas fueron esparcidas en la arena de\nla plaza de toros m\u00e1s antigua de Espa\u00f1a, tambi\u00e9n en Ronda, donde Welles, al\nigual que Hemingway, sol\u00eda pasar el tiempo observando la m\u00edstica confrontaci\u00f3n\nentre hombre y bestia. <\/p>\n\n\n\n<p>Welles\ndijo una vez que Espa\u00f1a no era un pa\u00eds, sino un continente, y rod\u00f3 partes de\nvarias de sus pel\u00edculas en Espa\u00f1a, entre ellas F for Fake, The Immortal Story,\nTreasure Island y Mr. Arkadin. Tambi\u00e9n trabaj\u00f3 durante mucho tiempo en una\nversi\u00f3n de Don Quijote, aunque \u00e9l no lo termin\u00f3. <\/p>\n\n\n\n<p>Chimes\nat Midnight se bas\u00f3 en la obra \u2018Five Kings\u2019. Fue escrito por Welles y condens\u00f3\nen un solo espect\u00e1culo Henrys IV, V, VI y Richard III de Shakespeare. Produjo\nel espect\u00e1culo en Nueva York en 1939, pero la noche de estreno, donde se\ninterpret\u00f3 la Parte 1, fue un desastre y la Parte 2 nunca se present\u00f3. <\/p>\n\n\n\n<p>Lo\nintent\u00f3 de nuevo en 1960, pero de nuevo sin \u00e9xito, aunque esta \u00faltima versi\u00f3n\nse convertir\u00eda en la base de la pel\u00edcula.<\/p>\n\n\n\n<p>En\nlo que hoy es el Parador del castillo de Cardona, se rodaron algunas de las\nescenas de la corte de Enrique y de su coronaci\u00f3n, sobre todo en la cripta de\nla Abad\u00eda de San Vicente dentro del castillo, donde se filmaron todas las\nescenas interiores de Enrique IV, incluido su funeral, representando al\ncastillo de Windsor. <\/p>\n\n\n\n<p>Cardona\ntambi\u00e9n se utiliza para las escenas en las que una calentorra Kate Percy\nintenta averiguar qu\u00e9 est\u00e1 haciendo su marido Percy Hotspur mientras \u00e9l se\ndirige a la rebeli\u00f3n y a su perdici\u00f3n, en ese orden.<\/p>\n\n\n\n<p>En\nla escena en la que Enrique V exilia a Falstaff, la acci\u00f3n se traslada desde\n\u00c1vila a Cardona y luego a Medinaceli en una r\u00e1pida edici\u00f3n.<\/p>\n\n\n\n<p>500\npersonas de la localidad participaron en las escenas rodadas en Cardona, un\nevento de enorme importancia en la localidad de la \u00e9poca.<\/p>\n","protected":false},"excerpt":{"rendered":"<p>Orson Welles amaba a Espa\u00f1a, hasta el punto de que, aunque muri\u00f3 en California, sus cenizas fueron esparcidas en el [&hellip;]<\/p>\n","protected":false},"author":1,"featured_media":18,"parent":0,"menu_order":0,"comment_status":"closed","ping_status":"closed","template":"","meta":{"_uag_custom_page_level_css":"","site-sidebar-layout":"default","site-content-layout":"","ast-site-content-layout":"default","site-content-style":"default","site-sidebar-style":"default","ast-global-header-display":"","ast-banner-title-visibility":"","ast-main-header-display":"","ast-hfb-above-header-display":"","ast-hfb-below-header-display":"","ast-hfb-mobile-header-display":"","site-post-title":"","ast-breadcrumbs-content":"","ast-featured-img":"","footer-sml-layout":"","ast-disable-related-posts":"","theme-transparent-header-meta":"","adv-header-id-meta":"","stick-header-meta":"","header-above-stick-meta":"","header-main-stick-meta":"","header-below-stick-meta":"","astra-migrate-meta-layouts":"default","ast-page-background-enabled":"default","ast-page-background-meta":{"desktop":{"background-color":"var(--ast-global-color-5)","background-image":"","background-repeat":"repeat","background-position":"center center","background-size":"auto","background-attachment":"scroll","background-type":"","background-media":"","overlay-type":"","overlay-color":"","overlay-opacity":"","overlay-gradient":""},"tablet":{"background-color":"","background-image":"","background-repeat":"repeat","background-position":"center center","background-size":"auto","background-attachment":"scroll","background-type":"","background-media":"","overlay-type":"","overlay-color":"","overlay-opacity":"","overlay-gradient":""},"mobile":{"background-color":"","background-image":"","background-repeat":"repeat","background-position":"center center","background-size":"auto","background-attachment":"scroll","background-type":"","background-media":"","overlay-type":"","overlay-color":"","overlay-opacity":"","overlay-gradient":""}},"ast-content-background-meta":{"desktop":{"background-color":"var(--ast-global-color-4)","background-image":"","background-repeat":"repeat","background-position":"center center","background-size":"auto","background-attachment":"scroll","background-type":"","background-media":"","overlay-type":"","overlay-color":"","overlay-opacity":"","overlay-gradient":""},"tablet":{"background-color":"var(--ast-global-color-4)","background-image":"","background-repeat":"repeat","background-position":"center center","background-size":"auto","background-attachment":"scroll","background-type":"","background-media":"","overlay-type":"","overlay-color":"","overlay-opacity":"","overlay-gradient":""},"mobile":{"background-color":"var(--ast-global-color-4)","background-image":"","background-repeat":"repeat","background-position":"center center","background-size":"auto","background-attachment":"scroll","background-type":"","background-media":"","overlay-type":"","overlay-color":"","overlay-opacity":"","overlay-gradient":""}},"footnotes":""},"class_list":["post-1706","page","type-page","status-publish","has-post-thumbnail","hentry"],"featured_image_src":"https:\/\/spanishcastlemoviemagic.com\/es\/wp-content\/uploads\/sites\/3\/2019\/09\/cardona-Barcelona.jpg","featured_image_src_square":"https:\/\/spanishcastlemoviemagic.com\/es\/wp-content\/uploads\/sites\/3\/2019\/09\/cardona-Barcelona.jpg","uagb_featured_image_src":{"full":["https:\/\/spanishcastlemoviemagic.com\/es\/wp-content\/uploads\/sites\/3\/2019\/09\/cardona-Barcelona.jpg",2000,1308,false],"thumbnail":["https:\/\/spanishcastlemoviemagic.com\/es\/wp-content\/uploads\/sites\/3\/2019\/09\/cardona-Barcelona-150x150.jpg",150,150,true],"medium":["https:\/\/spanishcastlemoviemagic.com\/es\/wp-content\/uploads\/sites\/3\/2019\/09\/cardona-Barcelona-300x196.jpg",300,196,true],"medium_large":["https:\/\/spanishcastlemoviemagic.com\/es\/wp-content\/uploads\/sites\/3\/2019\/09\/cardona-Barcelona-768x502.jpg",768,502,true],"large":["https:\/\/spanishcastlemoviemagic.com\/es\/wp-content\/uploads\/sites\/3\/2019\/09\/cardona-Barcelona-1024x670.jpg",1024,670,true],"1536x1536":["https:\/\/spanishcastlemoviemagic.com\/es\/wp-content\/uploads\/sites\/3\/2019\/09\/cardona-Barcelona.jpg",1536,1005,false],"2048x2048":["https:\/\/spanishcastlemoviemagic.com\/es\/wp-content\/uploads\/sites\/3\/2019\/09\/cardona-Barcelona.jpg",2000,1308,false],"ab-block-post-grid-landscape":["https:\/\/spanishcastlemoviemagic.com\/es\/wp-content\/uploads\/sites\/3\/2019\/09\/cardona-Barcelona.jpg",600,392,false],"ab-block-post-grid-square":["https:\/\/spanishcastlemoviemagic.com\/es\/wp-content\/uploads\/sites\/3\/2019\/09\/cardona-Barcelona.jpg",600,392,false]},"uagb_author_info":{"display_name":"admin","author_link":"https:\/\/spanishcastlemoviemagic.com\/es\/blog\/author\/cas-eggermontme-com\/"},"uagb_comment_info":0,"uagb_excerpt":"Orson Welles amaba a Espa\u00f1a, hasta el punto de que, aunque muri\u00f3 en California, sus cenizas fueron esparcidas en el [&hellip;]","_links":{"self":[{"href":"https:\/\/spanishcastlemoviemagic.com\/es\/wp-json\/wp\/v2\/pages\/1706","targetHints":{"allow":["GET"]}}],"collection":[{"href":"https:\/\/spanishcastlemoviemagic.com\/es\/wp-json\/wp\/v2\/pages"}],"about":[{"href":"https:\/\/spanishcastlemoviemagic.com\/es\/wp-json\/wp\/v2\/types\/page"}],"author":[{"embeddable":true,"href":"https:\/\/spanishcastlemoviemagic.com\/es\/wp-json\/wp\/v2\/users\/1"}],"replies":[{"embeddable":true,"href":"https:\/\/spanishcastlemoviemagic.com\/es\/wp-json\/wp\/v2\/comments?post=1706"}],"version-history":[{"count":1,"href":"https:\/\/spanishcastlemoviemagic.com\/es\/wp-json\/wp\/v2\/pages\/1706\/revisions"}],"predecessor-version":[{"id":3768,"href":"https:\/\/spanishcastlemoviemagic.com\/es\/wp-json\/wp\/v2\/pages\/1706\/revisions\/3768"}],"wp:featuredmedia":[{"embeddable":true,"href":"https:\/\/spanishcastlemoviemagic.com\/es\/wp-json\/wp\/v2\/media\/18"}],"wp:attachment":[{"href":"https:\/\/spanishcastlemoviemagic.com\/es\/wp-json\/wp\/v2\/media?parent=1706"}],"curies":[{"name":"wp","href":"https:\/\/api.w.org\/{rel}","templated":true}]}}