{"id":1678,"date":"2019-09-08T15:52:59","date_gmt":"2019-09-08T15:52:59","guid":{"rendered":"https:\/\/spanishcastlemoviemagic.com\/es\/?page_id=1678"},"modified":"2019-09-24T10:04:21","modified_gmt":"2019-09-24T10:04:21","slug":"tommy-the-toreador-1959","status":"publish","type":"page","link":"https:\/\/spanishcastlemoviemagic.com\/es\/tommy-the-toreador-1959\/","title":{"rendered":"Tommy the Toreador (1959)"},"content":{"rendered":"\n<p>La\npel\u00edcula es un veh\u00edculo para que el cantante brit\u00e1nico Tommy Steele explote su\nexitosa canci\u00f3n &#8216;Little White Bull&#8217;.<\/p>\n\n\n\n<p>Tommy\nel marinero remplaza a un torero cuando llega a Espa\u00f1a y todo el mundo se cae\nmucho al suelo.<\/p>\n\n\n\n<p>Un\nexcelente reparto incluye a Sid James, Bernard Cribbins, Kenneth Williams, Eric\nSykes y Warren Mitchell (todos excepto Williams interpretando a espa\u00f1oles), as\u00ed\ncomo a experimentados actores espa\u00f1oles como Jos\u00e9 Nieto.<\/p>\n\n\n\n<p>La\npel\u00edcula comienza con im\u00e1genes de la Feria de Sevilla, un evento anual que se\ncelebra normalmente en abril, cuando la gente de Sevilla se viste con trajes\ntradicionales y m\u00fasica flamenca, caballos y jerez son los atractivos.<\/p>\n\n\n\n<p>Cuando\nTommy y Amanda suben por segunda vez a un cami\u00f3n de toros, vemos una se\u00f1al de\ntr\u00e1fico para Alcal\u00e1 de Guadaira y luego su imponente castillo en la cima de la\ncolina. Gran parte de la acci\u00f3n se film\u00f3 all\u00ed, especialmente en y alrededor del\nHotel Oromana, que a\u00fan hoy sigue en pie.<\/p>\n","protected":false},"excerpt":{"rendered":"<p>La pel\u00edcula es un veh\u00edculo para que el cantante brit\u00e1nico Tommy Steele explote su exitosa canci\u00f3n &#8216;Little White Bull&#8217;. Tommy [&hellip;]<\/p>\n","protected":false},"author":1,"featured_media":1374,"parent":0,"menu_order":0,"comment_status":"closed","ping_status":"closed","template":"","meta":{"_uag_custom_page_level_css":"","site-sidebar-layout":"default","site-content-layout":"","ast-site-content-layout":"default","site-content-style":"default","site-sidebar-style":"default","ast-global-header-display":"","ast-banner-title-visibility":"","ast-main-header-display":"","ast-hfb-above-header-display":"","ast-hfb-below-header-display":"","ast-hfb-mobile-header-display":"","site-post-title":"","ast-breadcrumbs-content":"","ast-featured-img":"","footer-sml-layout":"","ast-disable-related-posts":"","theme-transparent-header-meta":"","adv-header-id-meta":"","stick-header-meta":"","header-above-stick-meta":"","header-main-stick-meta":"","header-below-stick-meta":"","astra-migrate-meta-layouts":"default","ast-page-background-enabled":"default","ast-page-background-meta":{"desktop":{"background-color":"var(--ast-global-color-5)","background-image":"","background-repeat":"repeat","background-position":"center center","background-size":"auto","background-attachment":"scroll","background-type":"","background-media":"","overlay-type":"","overlay-color":"","overlay-opacity":"","overlay-gradient":""},"tablet":{"background-color":"","background-image":"","background-repeat":"repeat","background-position":"center center","background-size":"auto","background-attachment":"scroll","background-type":"","background-media":"","overlay-type":"","overlay-color":"","overlay-opacity":"","overlay-gradient":""},"mobile":{"background-color":"","background-image":"","background-repeat":"repeat","background-position":"center center","background-size":"auto","background-attachment":"scroll","background-type":"","background-media":"","overlay-type":"","overlay-color":"","overlay-opacity":"","overlay-gradient":""}},"ast-content-background-meta":{"desktop":{"background-color":"var(--ast-global-color-4)","background-image":"","background-repeat":"repeat","background-position":"center center","background-size":"auto","background-attachment":"scroll","background-type":"","background-media":"","overlay-type":"","overlay-color":"","overlay-opacity":"","overlay-gradient":""},"tablet":{"background-color":"var(--ast-global-color-4)","background-image":"","background-repeat":"repeat","background-position":"center center","background-size":"auto","background-attachment":"scroll","background-type":"","background-media":"","overlay-type":"","overlay-color":"","overlay-opacity":"","overlay-gradient":""},"mobile":{"background-color":"var(--ast-global-color-4)","background-image":"","background-repeat":"repeat","background-position":"center center","background-size":"auto","background-attachment":"scroll","background-type":"","background-media":"","overlay-type":"","overlay-color":"","overlay-opacity":"","overlay-gradient":""}},"footnotes":""},"class_list":["post-1678","page","type-page","status-publish","has-post-thumbnail","hentry"],"featured_image_src":"https:\/\/spanishcastlemoviemagic.com\/es\/wp-content\/uploads\/sites\/3\/2019\/09\/Alcala-de-Guadaire-sevilla-s.jpg","featured_image_src_square":"https:\/\/spanishcastlemoviemagic.com\/es\/wp-content\/uploads\/sites\/3\/2019\/09\/Alcala-de-Guadaire-sevilla-s.jpg","uagb_featured_image_src":{"full":["https:\/\/spanishcastlemoviemagic.com\/es\/wp-content\/uploads\/sites\/3\/2019\/09\/Alcala-de-Guadaire-sevilla-s.jpg",2000,1500,false],"thumbnail":["https:\/\/spanishcastlemoviemagic.com\/es\/wp-content\/uploads\/sites\/3\/2019\/09\/Alcala-de-Guadaire-sevilla-s-150x150.jpg",150,150,true],"medium":["https:\/\/spanishcastlemoviemagic.com\/es\/wp-content\/uploads\/sites\/3\/2019\/09\/Alcala-de-Guadaire-sevilla-s-300x225.jpg",300,225,true],"medium_large":["https:\/\/spanishcastlemoviemagic.com\/es\/wp-content\/uploads\/sites\/3\/2019\/09\/Alcala-de-Guadaire-sevilla-s-768x576.jpg",768,576,true],"large":["https:\/\/spanishcastlemoviemagic.com\/es\/wp-content\/uploads\/sites\/3\/2019\/09\/Alcala-de-Guadaire-sevilla-s-1024x768.jpg",1024,768,true],"1536x1536":["https:\/\/spanishcastlemoviemagic.com\/es\/wp-content\/uploads\/sites\/3\/2019\/09\/Alcala-de-Guadaire-sevilla-s.jpg",1536,1152,false],"2048x2048":["https:\/\/spanishcastlemoviemagic.com\/es\/wp-content\/uploads\/sites\/3\/2019\/09\/Alcala-de-Guadaire-sevilla-s.jpg",2000,1500,false],"ab-block-post-grid-landscape":["https:\/\/spanishcastlemoviemagic.com\/es\/wp-content\/uploads\/sites\/3\/2019\/09\/Alcala-de-Guadaire-sevilla-s.jpg",533,400,false],"ab-block-post-grid-square":["https:\/\/spanishcastlemoviemagic.com\/es\/wp-content\/uploads\/sites\/3\/2019\/09\/Alcala-de-Guadaire-sevilla-s.jpg",600,450,false]},"uagb_author_info":{"display_name":"admin","author_link":"https:\/\/spanishcastlemoviemagic.com\/es\/blog\/author\/cas-eggermontme-com\/"},"uagb_comment_info":0,"uagb_excerpt":"La pel\u00edcula es un veh\u00edculo para que el cantante brit\u00e1nico Tommy Steele explote su exitosa canci\u00f3n &#8216;Little White Bull&#8217;. Tommy [&hellip;]","_links":{"self":[{"href":"https:\/\/spanishcastlemoviemagic.com\/es\/wp-json\/wp\/v2\/pages\/1678","targetHints":{"allow":["GET"]}}],"collection":[{"href":"https:\/\/spanishcastlemoviemagic.com\/es\/wp-json\/wp\/v2\/pages"}],"about":[{"href":"https:\/\/spanishcastlemoviemagic.com\/es\/wp-json\/wp\/v2\/types\/page"}],"author":[{"embeddable":true,"href":"https:\/\/spanishcastlemoviemagic.com\/es\/wp-json\/wp\/v2\/users\/1"}],"replies":[{"embeddable":true,"href":"https:\/\/spanishcastlemoviemagic.com\/es\/wp-json\/wp\/v2\/comments?post=1678"}],"version-history":[{"count":1,"href":"https:\/\/spanishcastlemoviemagic.com\/es\/wp-json\/wp\/v2\/pages\/1678\/revisions"}],"predecessor-version":[{"id":4055,"href":"https:\/\/spanishcastlemoviemagic.com\/es\/wp-json\/wp\/v2\/pages\/1678\/revisions\/4055"}],"wp:featuredmedia":[{"embeddable":true,"href":"https:\/\/spanishcastlemoviemagic.com\/es\/wp-json\/wp\/v2\/media\/1374"}],"wp:attachment":[{"href":"https:\/\/spanishcastlemoviemagic.com\/es\/wp-json\/wp\/v2\/media?parent=1678"}],"curies":[{"name":"wp","href":"https:\/\/api.w.org\/{rel}","templated":true}]}}