{"id":1671,"date":"2019-09-08T15:49:48","date_gmt":"2019-09-08T15:49:48","guid":{"rendered":"https:\/\/spanishcastlemoviemagic.com\/es\/?page_id=1671"},"modified":"2019-09-23T16:49:52","modified_gmt":"2019-09-23T16:49:52","slug":"tirant-lo-blanc-2006","status":"publish","type":"page","link":"https:\/\/spanishcastlemoviemagic.com\/es\/tirant-lo-blanc-2006\/","title":{"rendered":"Tirant Lo Blanc (2006)"},"content":{"rendered":"<div id=\"about-us-2\" class=\"about-image-section-pro\" style=\"background-color: #ffffff;\" data-label=\"About us\" data-id=\"about-image-section-pro\" data-category=\"about\">\n<div class=\"gridContainer\">\n<div class=\"row about-image-gridcol-pro\">\n<div class=\"about-image-textcol-pro\" data-type=\"column\">\n<p class=\"\" style=\"text-align: left;\">Cl\u00e1sica obra de la literatura valenciana del siglo XV, esta pel\u00edcula es una de las muchas realizadas en ingl\u00e9s y con un reparto internacional, con actores como Jane Asher, que interpreta a la Emperatriz, y el actor principal Casper Zafer.<br \/>\nEl castillo de San Ferran fue utilizado entre el 20 y el 23 de junio de 2005, donde se instal\u00f3 el campamento de soldados de Tirant en el foso mientras se prepara para cabalgar y luchar contra los Otomanes.<\/p>\n<p style=\"text-align: left;\">La vida en la \u00e9poca medieval debe haber sido extra\u00f1a; los hombres se filetean unos a otros en el campo de batalla, las mujeres van y vienen, susurrando y conspirando, levitando a veces, y haciendo que la lucha hist\u00f3rica para salvar al cristianismo de los infieles sea bastante in\u00fatil.<\/p>\n<p style=\"text-align: left;\">\n<\/div>\n<div class=\"\" style=\"text-align: left;\" data-type=\"column\"><\/div>\n<\/div>\n<\/div>\n<\/div>\n","protected":false},"excerpt":{"rendered":"<p>Cl\u00e1sica obra de la literatura valenciana del siglo XV, esta pel\u00edcula es una de las muchas realizadas en ingl\u00e9s y [&hellip;]<\/p>\n","protected":false},"author":1,"featured_media":3035,"parent":0,"menu_order":0,"comment_status":"closed","ping_status":"closed","template":"full-width-page.php","meta":{"_uag_custom_page_level_css":"","site-sidebar-layout":"default","site-content-layout":"","ast-site-content-layout":"default","site-content-style":"default","site-sidebar-style":"default","ast-global-header-display":"","ast-banner-title-visibility":"","ast-main-header-display":"","ast-hfb-above-header-display":"","ast-hfb-below-header-display":"","ast-hfb-mobile-header-display":"","site-post-title":"","ast-breadcrumbs-content":"","ast-featured-img":"","footer-sml-layout":"","ast-disable-related-posts":"","theme-transparent-header-meta":"","adv-header-id-meta":"","stick-header-meta":"","header-above-stick-meta":"","header-main-stick-meta":"","header-below-stick-meta":"","astra-migrate-meta-layouts":"default","ast-page-background-enabled":"default","ast-page-background-meta":{"desktop":{"background-color":"var(--ast-global-color-5)","background-image":"","background-repeat":"repeat","background-position":"center center","background-size":"auto","background-attachment":"scroll","background-type":"","background-media":"","overlay-type":"","overlay-color":"","overlay-opacity":"","overlay-gradient":""},"tablet":{"background-color":"","background-image":"","background-repeat":"repeat","background-position":"center center","background-size":"auto","background-attachment":"scroll","background-type":"","background-media":"","overlay-type":"","overlay-color":"","overlay-opacity":"","overlay-gradient":""},"mobile":{"background-color":"","background-image":"","background-repeat":"repeat","background-position":"center center","background-size":"auto","background-attachment":"scroll","background-type":"","background-media":"","overlay-type":"","overlay-color":"","overlay-opacity":"","overlay-gradient":""}},"ast-content-background-meta":{"desktop":{"background-color":"var(--ast-global-color-4)","background-image":"","background-repeat":"repeat","background-position":"center center","background-size":"auto","background-attachment":"scroll","background-type":"","background-media":"","overlay-type":"","overlay-color":"","overlay-opacity":"","overlay-gradient":""},"tablet":{"background-color":"var(--ast-global-color-4)","background-image":"","background-repeat":"repeat","background-position":"center center","background-size":"auto","background-attachment":"scroll","background-type":"","background-media":"","overlay-type":"","overlay-color":"","overlay-opacity":"","overlay-gradient":""},"mobile":{"background-color":"var(--ast-global-color-4)","background-image":"","background-repeat":"repeat","background-position":"center center","background-size":"auto","background-attachment":"scroll","background-type":"","background-media":"","overlay-type":"","overlay-color":"","overlay-opacity":"","overlay-gradient":""}},"footnotes":""},"class_list":["post-1671","page","type-page","status-publish","has-post-thumbnail","hentry"],"featured_image_src":"https:\/\/spanishcastlemoviemagic.com\/es\/wp-content\/uploads\/sites\/3\/2019\/09\/Catalu\u00f1a-girona-Sant-Ferran-Courtesy-of-lluis-benejam.jpg","featured_image_src_square":"https:\/\/spanishcastlemoviemagic.com\/es\/wp-content\/uploads\/sites\/3\/2019\/09\/Catalu\u00f1a-girona-Sant-Ferran-Courtesy-of-lluis-benejam.jpg","uagb_featured_image_src":{"full":["https:\/\/spanishcastlemoviemagic.com\/es\/wp-content\/uploads\/sites\/3\/2019\/09\/Catalu\u00f1a-girona-Sant-Ferran-Courtesy-of-lluis-benejam.jpg",1575,1462,false],"thumbnail":["https:\/\/spanishcastlemoviemagic.com\/es\/wp-content\/uploads\/sites\/3\/2019\/09\/Catalu\u00f1a-girona-Sant-Ferran-Courtesy-of-lluis-benejam-150x150.jpg",150,150,true],"medium":["https:\/\/spanishcastlemoviemagic.com\/es\/wp-content\/uploads\/sites\/3\/2019\/09\/Catalu\u00f1a-girona-Sant-Ferran-Courtesy-of-lluis-benejam-300x278.jpg",300,278,true],"medium_large":["https:\/\/spanishcastlemoviemagic.com\/es\/wp-content\/uploads\/sites\/3\/2019\/09\/Catalu\u00f1a-girona-Sant-Ferran-Courtesy-of-lluis-benejam-768x713.jpg",768,713,true],"large":["https:\/\/spanishcastlemoviemagic.com\/es\/wp-content\/uploads\/sites\/3\/2019\/09\/Catalu\u00f1a-girona-Sant-Ferran-Courtesy-of-lluis-benejam-1024x951.jpg",1024,951,true],"1536x1536":["https:\/\/spanishcastlemoviemagic.com\/es\/wp-content\/uploads\/sites\/3\/2019\/09\/Catalu\u00f1a-girona-Sant-Ferran-Courtesy-of-lluis-benejam.jpg",1536,1426,false],"2048x2048":["https:\/\/spanishcastlemoviemagic.com\/es\/wp-content\/uploads\/sites\/3\/2019\/09\/Catalu\u00f1a-girona-Sant-Ferran-Courtesy-of-lluis-benejam.jpg",1575,1462,false],"ab-block-post-grid-landscape":["https:\/\/spanishcastlemoviemagic.com\/es\/wp-content\/uploads\/sites\/3\/2019\/09\/Catalu\u00f1a-girona-Sant-Ferran-Courtesy-of-lluis-benejam.jpg",431,400,false],"ab-block-post-grid-square":["https:\/\/spanishcastlemoviemagic.com\/es\/wp-content\/uploads\/sites\/3\/2019\/09\/Catalu\u00f1a-girona-Sant-Ferran-Courtesy-of-lluis-benejam.jpg",600,557,false]},"uagb_author_info":{"display_name":"admin","author_link":"https:\/\/spanishcastlemoviemagic.com\/es\/blog\/author\/cas-eggermontme-com\/"},"uagb_comment_info":0,"uagb_excerpt":"Cl\u00e1sica obra de la literatura valenciana del siglo XV, esta pel\u00edcula es una de las muchas realizadas en ingl\u00e9s y [&hellip;]","_links":{"self":[{"href":"https:\/\/spanishcastlemoviemagic.com\/es\/wp-json\/wp\/v2\/pages\/1671","targetHints":{"allow":["GET"]}}],"collection":[{"href":"https:\/\/spanishcastlemoviemagic.com\/es\/wp-json\/wp\/v2\/pages"}],"about":[{"href":"https:\/\/spanishcastlemoviemagic.com\/es\/wp-json\/wp\/v2\/types\/page"}],"author":[{"embeddable":true,"href":"https:\/\/spanishcastlemoviemagic.com\/es\/wp-json\/wp\/v2\/users\/1"}],"replies":[{"embeddable":true,"href":"https:\/\/spanishcastlemoviemagic.com\/es\/wp-json\/wp\/v2\/comments?post=1671"}],"version-history":[{"count":8,"href":"https:\/\/spanishcastlemoviemagic.com\/es\/wp-json\/wp\/v2\/pages\/1671\/revisions"}],"predecessor-version":[{"id":3870,"href":"https:\/\/spanishcastlemoviemagic.com\/es\/wp-json\/wp\/v2\/pages\/1671\/revisions\/3870"}],"wp:featuredmedia":[{"embeddable":true,"href":"https:\/\/spanishcastlemoviemagic.com\/es\/wp-json\/wp\/v2\/media\/3035"}],"wp:attachment":[{"href":"https:\/\/spanishcastlemoviemagic.com\/es\/wp-json\/wp\/v2\/media?parent=1671"}],"curies":[{"name":"wp","href":"https:\/\/api.w.org\/{rel}","templated":true}]}}