{"id":1662,"date":"2019-09-08T15:47:31","date_gmt":"2019-09-08T15:47:31","guid":{"rendered":"https:\/\/spanishcastlemoviemagic.com\/es\/?page_id=1662"},"modified":"2021-05-31T13:16:32","modified_gmt":"2021-05-31T13:16:32","slug":"harem-1986","status":"publish","type":"page","link":"https:\/\/spanishcastlemoviemagic.com\/es\/harem-1986\/","title":{"rendered":"Harem (1986)"},"content":{"rendered":"\n<p>M\u00e1s\nfamosa por ser la \u00faltima pel\u00edcula en la que particip\u00f3 Ava Gardner, y para Omar\nSharif la \u00faltima de cinco pel\u00edculas realizadas en Espa\u00f1a.<\/p>\n\n\n\n<p>El\nImperio Otomano est\u00e1 en declive, una joven inglesa termina en un har\u00e9n y Julian\nSands, su prometido (no inesperadamente), preferir\u00eda sacarla y llevarla a una\nhabitaci\u00f3n m\u00e1s bonita con vistas.<\/p>\n\n\n\n<p>Cuando\nlos brit\u00e1nicos llegan a lo que se supone que es Constantinopla, los encontramos\nalojados en un lujoso hotel con decoraci\u00f3n \u00e1rabe ornamentada, que no es otro\nque el hotel Alfonso XIII de Sevilla, tambi\u00e9n utilizado en Lawrence of Arabia.<\/p>\n\n\n\n<p>M\u00e1s\ntarde, la novia de Sands se embarque en una aventura, durante la cual ser\u00e1\nsecuestrada mientras visitaba unas ruinas, que en realidad eran las ruinas de\nBolonia, cerca de Tarifa, en la provincia de C\u00e1diz.<\/p>\n\n\n\n<p>Sands\nla busca y se encuentra con Sarah Miles tomando el t\u00e9 frente a un palacio, el\nPalacio Mud\u00e9jar en la Plaza de Am\u00e9rica, otro punto de referencia de Sevilla.\n\u00bfRuinas? \u00bfUn palacio? \u00a1Seguramente hay un castillo por aqu\u00ed en alguna parte!<\/p>\n\n\n\n<p>\u00a1Y\naqu\u00ed est\u00e1! El rodaje tuvo lugar en Almod\u00f3var del R\u00edo, C\u00f3rdoba, donde el\ncastillo local del siglo VIII sirvi\u00f3 de palacio del sult\u00e1n y el r\u00edo Guadalquivir\ndel B\u00f3sforo, separando Europa de Asia, aunque los interiores y los jardines se\nrodaron principalmente en la Casa de Pilatos y Reales Alc\u00e1zares de Sevilla.<\/p>\n\n\n\n<p>Alfonso\nLuna, gu\u00eda tur\u00edstico del castillo, nos cont\u00f3 que trabaj\u00f3 como ayudante de\nelectricista durante el rodaje, y que mucha gente local trabaj\u00f3 en la pel\u00edcula.\n<\/p>\n\n\n\n<p>Alfonso\nrecuerda especialmente a un tigre que fue tra\u00eddo a la ciudad y que luego\nescap\u00f3. Afortunadamente no se comi\u00f3 a nadie, y se sent\u00f3 en una roca esperando\nque el dardo lo transportara a un sue\u00f1o bien merecido. El mismo tigre se\nmuestra en una jaula cuando se vea a un contemplativo Omar Sharif la primera\nvez que vemos su castillo.<\/p>\n\n\n\n<p>El\nequipo de producci\u00f3n pas\u00f3 siete d\u00edas en la provincia de C\u00f3rdoba y Ava Gardner\nse aloj\u00f3 en el Parador La Arruzafa. El empleo de 200 figurantes locales y la\npresencia de 120 personas en el reparto y el equipo de rodaje marcaron una gran\ndiferencia para Almod\u00f3var, que depend\u00eda en gran medida del cultivo de algod\u00f3n\npor entonces. <\/p>\n","protected":false},"excerpt":{"rendered":"<p>M\u00e1s famosa por ser la \u00faltima pel\u00edcula en la que particip\u00f3 Ava Gardner, y para Omar Sharif la \u00faltima de [&hellip;]<\/p>\n","protected":false},"author":1,"featured_media":23,"parent":0,"menu_order":0,"comment_status":"closed","ping_status":"closed","template":"","meta":{"_uag_custom_page_level_css":"","site-sidebar-layout":"default","site-content-layout":"","ast-site-content-layout":"default","site-content-style":"default","site-sidebar-style":"default","ast-global-header-display":"","ast-banner-title-visibility":"","ast-main-header-display":"","ast-hfb-above-header-display":"","ast-hfb-below-header-display":"","ast-hfb-mobile-header-display":"","site-post-title":"","ast-breadcrumbs-content":"","ast-featured-img":"","footer-sml-layout":"","ast-disable-related-posts":"","theme-transparent-header-meta":"","adv-header-id-meta":"","stick-header-meta":"","header-above-stick-meta":"","header-main-stick-meta":"","header-below-stick-meta":"","astra-migrate-meta-layouts":"default","ast-page-background-enabled":"default","ast-page-background-meta":{"desktop":{"background-color":"var(--ast-global-color-5)","background-image":"","background-repeat":"repeat","background-position":"center center","background-size":"auto","background-attachment":"scroll","background-type":"","background-media":"","overlay-type":"","overlay-color":"","overlay-opacity":"","overlay-gradient":""},"tablet":{"background-color":"","background-image":"","background-repeat":"repeat","background-position":"center center","background-size":"auto","background-attachment":"scroll","background-type":"","background-media":"","overlay-type":"","overlay-color":"","overlay-opacity":"","overlay-gradient":""},"mobile":{"background-color":"","background-image":"","background-repeat":"repeat","background-position":"center center","background-size":"auto","background-attachment":"scroll","background-type":"","background-media":"","overlay-type":"","overlay-color":"","overlay-opacity":"","overlay-gradient":""}},"ast-content-background-meta":{"desktop":{"background-color":"var(--ast-global-color-4)","background-image":"","background-repeat":"repeat","background-position":"center center","background-size":"auto","background-attachment":"scroll","background-type":"","background-media":"","overlay-type":"","overlay-color":"","overlay-opacity":"","overlay-gradient":""},"tablet":{"background-color":"var(--ast-global-color-4)","background-image":"","background-repeat":"repeat","background-position":"center center","background-size":"auto","background-attachment":"scroll","background-type":"","background-media":"","overlay-type":"","overlay-color":"","overlay-opacity":"","overlay-gradient":""},"mobile":{"background-color":"var(--ast-global-color-4)","background-image":"","background-repeat":"repeat","background-position":"center center","background-size":"auto","background-attachment":"scroll","background-type":"","background-media":"","overlay-type":"","overlay-color":"","overlay-opacity":"","overlay-gradient":""}},"footnotes":""},"class_list":["post-1662","page","type-page","status-publish","has-post-thumbnail","hentry"],"featured_image_src":"https:\/\/spanishcastlemoviemagic.com\/es\/wp-content\/uploads\/sites\/3\/2019\/09\/almodovar-del-rio-cordoba-s.jpg","featured_image_src_square":"https:\/\/spanishcastlemoviemagic.com\/es\/wp-content\/uploads\/sites\/3\/2019\/09\/almodovar-del-rio-cordoba-s.jpg","uagb_featured_image_src":{"full":["https:\/\/spanishcastlemoviemagic.com\/es\/wp-content\/uploads\/sites\/3\/2019\/09\/almodovar-del-rio-cordoba-s.jpg",2000,1500,false],"thumbnail":["https:\/\/spanishcastlemoviemagic.com\/es\/wp-content\/uploads\/sites\/3\/2019\/09\/almodovar-del-rio-cordoba-s-150x150.jpg",150,150,true],"medium":["https:\/\/spanishcastlemoviemagic.com\/es\/wp-content\/uploads\/sites\/3\/2019\/09\/almodovar-del-rio-cordoba-s-300x225.jpg",300,225,true],"medium_large":["https:\/\/spanishcastlemoviemagic.com\/es\/wp-content\/uploads\/sites\/3\/2019\/09\/almodovar-del-rio-cordoba-s-768x576.jpg",768,576,true],"large":["https:\/\/spanishcastlemoviemagic.com\/es\/wp-content\/uploads\/sites\/3\/2019\/09\/almodovar-del-rio-cordoba-s-1024x768.jpg",1024,768,true],"1536x1536":["https:\/\/spanishcastlemoviemagic.com\/es\/wp-content\/uploads\/sites\/3\/2019\/09\/almodovar-del-rio-cordoba-s.jpg",1536,1152,false],"2048x2048":["https:\/\/spanishcastlemoviemagic.com\/es\/wp-content\/uploads\/sites\/3\/2019\/09\/almodovar-del-rio-cordoba-s.jpg",2000,1500,false],"ab-block-post-grid-landscape":["https:\/\/spanishcastlemoviemagic.com\/es\/wp-content\/uploads\/sites\/3\/2019\/09\/almodovar-del-rio-cordoba-s.jpg",533,400,false],"ab-block-post-grid-square":["https:\/\/spanishcastlemoviemagic.com\/es\/wp-content\/uploads\/sites\/3\/2019\/09\/almodovar-del-rio-cordoba-s.jpg",600,450,false]},"uagb_author_info":{"display_name":"admin","author_link":"https:\/\/spanishcastlemoviemagic.com\/es\/blog\/author\/cas-eggermontme-com\/"},"uagb_comment_info":0,"uagb_excerpt":"M\u00e1s famosa por ser la \u00faltima pel\u00edcula en la que particip\u00f3 Ava Gardner, y para Omar Sharif la \u00faltima de [&hellip;]","_links":{"self":[{"href":"https:\/\/spanishcastlemoviemagic.com\/es\/wp-json\/wp\/v2\/pages\/1662","targetHints":{"allow":["GET"]}}],"collection":[{"href":"https:\/\/spanishcastlemoviemagic.com\/es\/wp-json\/wp\/v2\/pages"}],"about":[{"href":"https:\/\/spanishcastlemoviemagic.com\/es\/wp-json\/wp\/v2\/types\/page"}],"author":[{"embeddable":true,"href":"https:\/\/spanishcastlemoviemagic.com\/es\/wp-json\/wp\/v2\/users\/1"}],"replies":[{"embeddable":true,"href":"https:\/\/spanishcastlemoviemagic.com\/es\/wp-json\/wp\/v2\/comments?post=1662"}],"version-history":[{"count":1,"href":"https:\/\/spanishcastlemoviemagic.com\/es\/wp-json\/wp\/v2\/pages\/1662\/revisions"}],"predecessor-version":[{"id":4054,"href":"https:\/\/spanishcastlemoviemagic.com\/es\/wp-json\/wp\/v2\/pages\/1662\/revisions\/4054"}],"wp:featuredmedia":[{"embeddable":true,"href":"https:\/\/spanishcastlemoviemagic.com\/es\/wp-json\/wp\/v2\/media\/23"}],"wp:attachment":[{"href":"https:\/\/spanishcastlemoviemagic.com\/es\/wp-json\/wp\/v2\/media?parent=1662"}],"curies":[{"name":"wp","href":"https:\/\/api.w.org\/{rel}","templated":true}]}}