{"id":1654,"date":"2019-09-08T15:44:47","date_gmt":"2019-09-08T15:44:47","guid":{"rendered":"https:\/\/spanishcastlemoviemagic.com\/es\/?page_id=1654"},"modified":"2019-09-24T14:38:06","modified_gmt":"2019-09-24T14:38:06","slug":"stardust-1974","status":"publish","type":"page","link":"https:\/\/spanishcastlemoviemagic.com\/es\/stardust-1974\/","title":{"rendered":"Stardust (1974)"},"content":{"rendered":"\n<p>\u2018Stardust&#8217;\nfue la segunda parte de la pel\u00edcula &#8216;That&#8217;ll be the Day&#8217;, que hab\u00eda\nprotagonizado el \u00eddolo adolescente de los setenta David Essex y el baterista de\nlos Beatles Ringo Starr.<\/p>\n\n\n\n<p>Es\nm\u00e1s o menos la historia de John Lennon (abandonado por su padre y luego\nabandonando a su mujer y a su hijo para unirse a una versi\u00f3n francesa de Yoko\nOno) y Jim Morrison (drogadicci\u00f3n y corte de pelo) mezclados en un h\u00e9roe\nroquero de la clase trabajadora que experimenta primero el placer y luego el\ndolor de ser una leyenda viviente hasta que el dolor gana.<\/p>\n\n\n\n<p>Intentando\nalejarse de las desventajas de la industria del rock and roll, Jim Maclaine\n(David Essex) se retira a su propio castillo en Espa\u00f1a, que es en realidad el\ncastillo de La Calahorra, destacado durante la pel\u00edcula en diferentes tomas\na\u00e9reas.<\/p>\n\n\n\n<p>Lo\nconvierte en su propio para\u00edso aislado, incluso instalando un pinball en el\nimpresionante claustro, un patio renacentista con elementos de m\u00e1rmol tallado,\ny viviendo una existencia despreocupada con la ayuda de algunos campesinos\nlocales.<\/p>\n\n\n\n<p>Al\nfinal Essex hace un Jim Morrison, Joplin, Hendrix y toma una sobredosis, aunque\nen su caso por la televisi\u00f3n en directo y es llevado al hospital, perseguido\npor un equipo de Televisi\u00f3n Espa\u00f1ola, muriendo antes de llegar, con las\nhermosas monta\u00f1as nevadas de Sierra Nevada como tel\u00f3n de fondo.<\/p>\n","protected":false},"excerpt":{"rendered":"<p>\u2018Stardust&#8217; fue la segunda parte de la pel\u00edcula &#8216;That&#8217;ll be the Day&#8217;, que hab\u00eda protagonizado el \u00eddolo adolescente de los [&hellip;]<\/p>\n","protected":false},"author":1,"featured_media":1366,"parent":0,"menu_order":0,"comment_status":"closed","ping_status":"closed","template":"","meta":{"_uag_custom_page_level_css":"","site-sidebar-layout":"default","site-content-layout":"","ast-site-content-layout":"default","site-content-style":"default","site-sidebar-style":"default","ast-global-header-display":"","ast-banner-title-visibility":"","ast-main-header-display":"","ast-hfb-above-header-display":"","ast-hfb-below-header-display":"","ast-hfb-mobile-header-display":"","site-post-title":"","ast-breadcrumbs-content":"","ast-featured-img":"","footer-sml-layout":"","ast-disable-related-posts":"","theme-transparent-header-meta":"","adv-header-id-meta":"","stick-header-meta":"","header-above-stick-meta":"","header-main-stick-meta":"","header-below-stick-meta":"","astra-migrate-meta-layouts":"default","ast-page-background-enabled":"default","ast-page-background-meta":{"desktop":{"background-color":"var(--ast-global-color-5)","background-image":"","background-repeat":"repeat","background-position":"center center","background-size":"auto","background-attachment":"scroll","background-type":"","background-media":"","overlay-type":"","overlay-color":"","overlay-opacity":"","overlay-gradient":""},"tablet":{"background-color":"","background-image":"","background-repeat":"repeat","background-position":"center center","background-size":"auto","background-attachment":"scroll","background-type":"","background-media":"","overlay-type":"","overlay-color":"","overlay-opacity":"","overlay-gradient":""},"mobile":{"background-color":"","background-image":"","background-repeat":"repeat","background-position":"center center","background-size":"auto","background-attachment":"scroll","background-type":"","background-media":"","overlay-type":"","overlay-color":"","overlay-opacity":"","overlay-gradient":""}},"ast-content-background-meta":{"desktop":{"background-color":"var(--ast-global-color-4)","background-image":"","background-repeat":"repeat","background-position":"center center","background-size":"auto","background-attachment":"scroll","background-type":"","background-media":"","overlay-type":"","overlay-color":"","overlay-opacity":"","overlay-gradient":""},"tablet":{"background-color":"var(--ast-global-color-4)","background-image":"","background-repeat":"repeat","background-position":"center center","background-size":"auto","background-attachment":"scroll","background-type":"","background-media":"","overlay-type":"","overlay-color":"","overlay-opacity":"","overlay-gradient":""},"mobile":{"background-color":"var(--ast-global-color-4)","background-image":"","background-repeat":"repeat","background-position":"center center","background-size":"auto","background-attachment":"scroll","background-type":"","background-media":"","overlay-type":"","overlay-color":"","overlay-opacity":"","overlay-gradient":""}},"footnotes":""},"class_list":["post-1654","page","type-page","status-publish","has-post-thumbnail","hentry"],"featured_image_src":"https:\/\/spanishcastlemoviemagic.com\/es\/wp-content\/uploads\/sites\/3\/2019\/09\/la-calahorra-granada-s.jpg","featured_image_src_square":"https:\/\/spanishcastlemoviemagic.com\/es\/wp-content\/uploads\/sites\/3\/2019\/09\/la-calahorra-granada-s.jpg","uagb_featured_image_src":{"full":["https:\/\/spanishcastlemoviemagic.com\/es\/wp-content\/uploads\/sites\/3\/2019\/09\/la-calahorra-granada-s.jpg",2000,1500,false],"thumbnail":["https:\/\/spanishcastlemoviemagic.com\/es\/wp-content\/uploads\/sites\/3\/2019\/09\/la-calahorra-granada-s-150x150.jpg",150,150,true],"medium":["https:\/\/spanishcastlemoviemagic.com\/es\/wp-content\/uploads\/sites\/3\/2019\/09\/la-calahorra-granada-s-300x225.jpg",300,225,true],"medium_large":["https:\/\/spanishcastlemoviemagic.com\/es\/wp-content\/uploads\/sites\/3\/2019\/09\/la-calahorra-granada-s-768x576.jpg",768,576,true],"large":["https:\/\/spanishcastlemoviemagic.com\/es\/wp-content\/uploads\/sites\/3\/2019\/09\/la-calahorra-granada-s-1024x768.jpg",1024,768,true],"1536x1536":["https:\/\/spanishcastlemoviemagic.com\/es\/wp-content\/uploads\/sites\/3\/2019\/09\/la-calahorra-granada-s.jpg",1536,1152,false],"2048x2048":["https:\/\/spanishcastlemoviemagic.com\/es\/wp-content\/uploads\/sites\/3\/2019\/09\/la-calahorra-granada-s.jpg",2000,1500,false],"ab-block-post-grid-landscape":["https:\/\/spanishcastlemoviemagic.com\/es\/wp-content\/uploads\/sites\/3\/2019\/09\/la-calahorra-granada-s.jpg",533,400,false],"ab-block-post-grid-square":["https:\/\/spanishcastlemoviemagic.com\/es\/wp-content\/uploads\/sites\/3\/2019\/09\/la-calahorra-granada-s.jpg",600,450,false]},"uagb_author_info":{"display_name":"admin","author_link":"https:\/\/spanishcastlemoviemagic.com\/es\/blog\/author\/cas-eggermontme-com\/"},"uagb_comment_info":0,"uagb_excerpt":"\u2018Stardust&#8217; fue la segunda parte de la pel\u00edcula &#8216;That&#8217;ll be the Day&#8217;, que hab\u00eda protagonizado el \u00eddolo adolescente de los [&hellip;]","_links":{"self":[{"href":"https:\/\/spanishcastlemoviemagic.com\/es\/wp-json\/wp\/v2\/pages\/1654","targetHints":{"allow":["GET"]}}],"collection":[{"href":"https:\/\/spanishcastlemoviemagic.com\/es\/wp-json\/wp\/v2\/pages"}],"about":[{"href":"https:\/\/spanishcastlemoviemagic.com\/es\/wp-json\/wp\/v2\/types\/page"}],"author":[{"embeddable":true,"href":"https:\/\/spanishcastlemoviemagic.com\/es\/wp-json\/wp\/v2\/users\/1"}],"replies":[{"embeddable":true,"href":"https:\/\/spanishcastlemoviemagic.com\/es\/wp-json\/wp\/v2\/comments?post=1654"}],"version-history":[{"count":1,"href":"https:\/\/spanishcastlemoviemagic.com\/es\/wp-json\/wp\/v2\/pages\/1654\/revisions"}],"predecessor-version":[{"id":4087,"href":"https:\/\/spanishcastlemoviemagic.com\/es\/wp-json\/wp\/v2\/pages\/1654\/revisions\/4087"}],"wp:featuredmedia":[{"embeddable":true,"href":"https:\/\/spanishcastlemoviemagic.com\/es\/wp-json\/wp\/v2\/media\/1366"}],"wp:attachment":[{"href":"https:\/\/spanishcastlemoviemagic.com\/es\/wp-json\/wp\/v2\/media?parent=1654"}],"curies":[{"name":"wp","href":"https:\/\/api.w.org\/{rel}","templated":true}]}}