{"id":1625,"date":"2019-09-08T15:37:53","date_gmt":"2019-09-08T15:37:53","guid":{"rendered":"https:\/\/spanishcastlemoviemagic.com\/es\/?page_id=1625"},"modified":"2019-09-24T10:22:18","modified_gmt":"2019-09-24T10:22:18","slug":"the-7th-voyage-of-sinbad-1958","status":"publish","type":"page","link":"https:\/\/spanishcastlemoviemagic.com\/es\/the-7th-voyage-of-sinbad-1958\/","title":{"rendered":"The 7th Voyage of Sinbad (1958)"},"content":{"rendered":"\n<p>Catalu\u00f1a\ny Mallorca fueron algunos de los lugares donde se realizaron escenas con los\nc\u00edclopes y un drag\u00f3n.<\/p>\n\n\n\n<p>Seg\u00fan\nel director de fotograf\u00eda Wilkie Cooper: &#8220;El rodaje de &#8216;The 7th Voyage of\nSinbad&#8217; comenz\u00f3 en el bello Palacio de la Alhambra de Granada, una puesta en\nescena de un cuento de hadas&#8221;. De hecho, el palacio representaba la\nex\u00f3tica Bagdad en la pel\u00edcula. <\/p>\n\n\n\n<p>Nuestro\nprimer vistazo se produce cuando Sinbad y Parisa llegan al palacio despu\u00e9s de\nsu viaje llevados por portadores. Podemos ver la Puerta del Vino de la\nAlhambra, que tambi\u00e9n aparece cuando Sokurah, el mago, abandona la ciudad.<\/p>\n\n\n\n<p>El\nequipo de producci\u00f3n no estaba autorizado a utilizar los terrenos del palacio\ndurante el d\u00eda y el volumen de turistas oblig\u00f3 a filmar todos los planos\ninteriores por la noche. <\/p>\n\n\n\n<p>El\nestanque, el porche de entrada y el vest\u00edbulo noble de la casa palacio llamada\n\u2018La Torre del Pr\u00edncipe Ismail\u2019 (o \u2018Torre de las Damas\u2019 desde el siglo XIX)\nfueron vistos por primera vez en la escena rom\u00e1ntica entre Sinbad y Parisa, a\nla que pronto se uni\u00f3 Sokurah, que presenta sus planes para la ballesta gigante.\n<\/p>\n\n\n\n<p>Este\nlugar fue vestido de nuevo por las escenas del palacio lleno de gente en las\nque Parisa y su padre llegan para unirse al Califa. <\/p>\n\n\n\n<p>La\nescena de la prisi\u00f3n se film\u00f3 en el Patio de los Aljibes, detr\u00e1s del cual\npodemos ver la Torre de las Armas y la Torre del Homenaje. El patio, respaldado\npor las Torres de la Alcazaba, serv\u00eda de patio de prisioneros en el que Sinbad\nreclutaba a su vil tripulaci\u00f3n. <\/p>\n\n\n\n<p>La\nfiesta nocturna con las cortesanas, en la que se fusionan una mujer y una serpiente,\ntiene lugar en el Patio de los Arrayanes.<\/p>\n\n\n\n<p>Cuando\nSinbad y Parisa se sientan junto a un estanque con un le\u00f3n de piedra que lanza chorros\nde agua y se apoya en una estatua, se encuentran frente a la entrada del\nPalacio del Partal (tambi\u00e9n conocido como la Torre de las Damas). Aqu\u00ed es\ntambi\u00e9n donde el Califa es informado de que su hija ha sido encogida, y en el\nfondo podemos ver el Oratorio.<\/p>\n\n\n\n<p>La\nprincesa Parisa es encogida con la ayuda de una vela humeante de Sokurah en la\nSala de las Dos Hermanas. Sinbad cruza el Patio de los Leones cuando corre en\nsu ayuda, y cuando habla con ella podemos ver el Mirador de Lindajara.<\/p>\n\n\n\n<p>La\ndiscusi\u00f3n entre Sinbad, Sokurah y el Califa sobre el viaje de Sinbad tambi\u00e9n\ntiene lugar en la entrada del Palcio del Partal.<\/p>\n","protected":false},"excerpt":{"rendered":"<p>Catalu\u00f1a y Mallorca fueron algunos de los lugares donde se realizaron escenas con los c\u00edclopes y un drag\u00f3n. Seg\u00fan el [&hellip;]<\/p>\n","protected":false},"author":1,"featured_media":1364,"parent":0,"menu_order":0,"comment_status":"closed","ping_status":"closed","template":"","meta":{"_uag_custom_page_level_css":"","site-sidebar-layout":"default","site-content-layout":"","ast-site-content-layout":"default","site-content-style":"default","site-sidebar-style":"default","ast-global-header-display":"","ast-banner-title-visibility":"","ast-main-header-display":"","ast-hfb-above-header-display":"","ast-hfb-below-header-display":"","ast-hfb-mobile-header-display":"","site-post-title":"","ast-breadcrumbs-content":"","ast-featured-img":"","footer-sml-layout":"","ast-disable-related-posts":"","theme-transparent-header-meta":"","adv-header-id-meta":"","stick-header-meta":"","header-above-stick-meta":"","header-main-stick-meta":"","header-below-stick-meta":"","astra-migrate-meta-layouts":"default","ast-page-background-enabled":"default","ast-page-background-meta":{"desktop":{"background-color":"var(--ast-global-color-5)","background-image":"","background-repeat":"repeat","background-position":"center center","background-size":"auto","background-attachment":"scroll","background-type":"","background-media":"","overlay-type":"","overlay-color":"","overlay-opacity":"","overlay-gradient":""},"tablet":{"background-color":"","background-image":"","background-repeat":"repeat","background-position":"center center","background-size":"auto","background-attachment":"scroll","background-type":"","background-media":"","overlay-type":"","overlay-color":"","overlay-opacity":"","overlay-gradient":""},"mobile":{"background-color":"","background-image":"","background-repeat":"repeat","background-position":"center center","background-size":"auto","background-attachment":"scroll","background-type":"","background-media":"","overlay-type":"","overlay-color":"","overlay-opacity":"","overlay-gradient":""}},"ast-content-background-meta":{"desktop":{"background-color":"var(--ast-global-color-4)","background-image":"","background-repeat":"repeat","background-position":"center center","background-size":"auto","background-attachment":"scroll","background-type":"","background-media":"","overlay-type":"","overlay-color":"","overlay-opacity":"","overlay-gradient":""},"tablet":{"background-color":"var(--ast-global-color-4)","background-image":"","background-repeat":"repeat","background-position":"center center","background-size":"auto","background-attachment":"scroll","background-type":"","background-media":"","overlay-type":"","overlay-color":"","overlay-opacity":"","overlay-gradient":""},"mobile":{"background-color":"var(--ast-global-color-4)","background-image":"","background-repeat":"repeat","background-position":"center center","background-size":"auto","background-attachment":"scroll","background-type":"","background-media":"","overlay-type":"","overlay-color":"","overlay-opacity":"","overlay-gradient":""}},"footnotes":""},"class_list":["post-1625","page","type-page","status-publish","has-post-thumbnail","hentry"],"featured_image_src":"https:\/\/spanishcastlemoviemagic.com\/es\/wp-content\/uploads\/sites\/3\/2019\/09\/alhambra-granada.jpg","featured_image_src_square":"https:\/\/spanishcastlemoviemagic.com\/es\/wp-content\/uploads\/sites\/3\/2019\/09\/alhambra-granada.jpg","uagb_featured_image_src":{"full":["https:\/\/spanishcastlemoviemagic.com\/es\/wp-content\/uploads\/sites\/3\/2019\/09\/alhambra-granada.jpg",1280,956,false],"thumbnail":["https:\/\/spanishcastlemoviemagic.com\/es\/wp-content\/uploads\/sites\/3\/2019\/09\/alhambra-granada-150x150.jpg",150,150,true],"medium":["https:\/\/spanishcastlemoviemagic.com\/es\/wp-content\/uploads\/sites\/3\/2019\/09\/alhambra-granada-300x224.jpg",300,224,true],"medium_large":["https:\/\/spanishcastlemoviemagic.com\/es\/wp-content\/uploads\/sites\/3\/2019\/09\/alhambra-granada-768x574.jpg",768,574,true],"large":["https:\/\/spanishcastlemoviemagic.com\/es\/wp-content\/uploads\/sites\/3\/2019\/09\/alhambra-granada-1024x765.jpg",1024,765,true],"1536x1536":["https:\/\/spanishcastlemoviemagic.com\/es\/wp-content\/uploads\/sites\/3\/2019\/09\/alhambra-granada.jpg",1280,956,false],"2048x2048":["https:\/\/spanishcastlemoviemagic.com\/es\/wp-content\/uploads\/sites\/3\/2019\/09\/alhambra-granada.jpg",1280,956,false],"ab-block-post-grid-landscape":["https:\/\/spanishcastlemoviemagic.com\/es\/wp-content\/uploads\/sites\/3\/2019\/09\/alhambra-granada.jpg",536,400,false],"ab-block-post-grid-square":["https:\/\/spanishcastlemoviemagic.com\/es\/wp-content\/uploads\/sites\/3\/2019\/09\/alhambra-granada.jpg",600,448,false]},"uagb_author_info":{"display_name":"admin","author_link":"https:\/\/spanishcastlemoviemagic.com\/es\/blog\/author\/cas-eggermontme-com\/"},"uagb_comment_info":0,"uagb_excerpt":"Catalu\u00f1a y Mallorca fueron algunos de los lugares donde se realizaron escenas con los c\u00edclopes y un drag\u00f3n. Seg\u00fan el [&hellip;]","_links":{"self":[{"href":"https:\/\/spanishcastlemoviemagic.com\/es\/wp-json\/wp\/v2\/pages\/1625","targetHints":{"allow":["GET"]}}],"collection":[{"href":"https:\/\/spanishcastlemoviemagic.com\/es\/wp-json\/wp\/v2\/pages"}],"about":[{"href":"https:\/\/spanishcastlemoviemagic.com\/es\/wp-json\/wp\/v2\/types\/page"}],"author":[{"embeddable":true,"href":"https:\/\/spanishcastlemoviemagic.com\/es\/wp-json\/wp\/v2\/users\/1"}],"replies":[{"embeddable":true,"href":"https:\/\/spanishcastlemoviemagic.com\/es\/wp-json\/wp\/v2\/comments?post=1625"}],"version-history":[{"count":1,"href":"https:\/\/spanishcastlemoviemagic.com\/es\/wp-json\/wp\/v2\/pages\/1625\/revisions"}],"predecessor-version":[{"id":4069,"href":"https:\/\/spanishcastlemoviemagic.com\/es\/wp-json\/wp\/v2\/pages\/1625\/revisions\/4069"}],"wp:featuredmedia":[{"embeddable":true,"href":"https:\/\/spanishcastlemoviemagic.com\/es\/wp-json\/wp\/v2\/media\/1364"}],"wp:attachment":[{"href":"https:\/\/spanishcastlemoviemagic.com\/es\/wp-json\/wp\/v2\/media?parent=1625"}],"curies":[{"name":"wp","href":"https:\/\/api.w.org\/{rel}","templated":true}]}}