{"id":1623,"date":"2019-09-08T15:37:03","date_gmt":"2019-09-08T15:37:03","guid":{"rendered":"https:\/\/spanishcastlemoviemagic.com\/es\/?page_id=1623"},"modified":"2021-05-31T13:16:32","modified_gmt":"2021-05-31T13:16:32","slug":"decameron-nights-1953","status":"publish","type":"page","link":"https:\/\/spanishcastlemoviemagic.com\/es\/decameron-nights-1953\/","title":{"rendered":"Decameron Nights (1953) Alhambra"},"content":{"rendered":"\n<p>La\npel\u00edcula es una adaptaci\u00f3n de Decameron de Bocaccio, protagonizada por Joan\nFontaine, con trabajos de estudio en Inglaterra y escenarios de aut\u00e9ntica escenograf\u00eda\nitaliana filmados en el palacio \u00e1rabe de la Alhambra de Granada.<\/p>\n\n\n\n<p>Durante\nsu estancia en Granada los actores se alojaron en el Hotel Alhambra Palace.\nTambi\u00e9n se utiliz\u00f3 el castillo de Alc\u00e1zar de Segovia, la ciudad amurallada de \u00c1vila\ny la localidad catalana de Sitges.<\/p>\n\n\n\n<p>Quiz\u00e1s\nse eligi\u00f3 Espa\u00f1a porque era barata o porque, al menos en la pel\u00edcula, los\nparticipantes hu\u00edan de Florencia y de todas las violaciones y saqueos que all\u00ed\nse produc\u00edan. Italia es realmente insoportable en verano!<\/p>\n\n\n\n<p>Hugo\nFregonese era el director, y John Cabrera, que colabor\u00f3 en la pel\u00edcula, nos\ncont\u00f3 una an\u00e9cdota divertida sobre c\u00f3mo un electricista fue detenido justo a\ntiempo cuando estaba a punto de clavar un clavo de seis pulgadas en las valiosas\nparedes de mosaico del palacio.<\/p>\n\n\n\n<p>La\nAlhambra representa el palacio del sult\u00e1n, donde Fontaine vende un loro y gana\nel apoyo del sult\u00e1n para enga\u00f1ar a su amado Bocaccio (si eso tiene sentido).<\/p>\n","protected":false},"excerpt":{"rendered":"<p>La pel\u00edcula es una adaptaci\u00f3n de Decameron de Bocaccio, protagonizada por Joan Fontaine, con trabajos de estudio en Inglaterra y [&hellip;]<\/p>\n","protected":false},"author":1,"featured_media":1364,"parent":0,"menu_order":0,"comment_status":"closed","ping_status":"closed","template":"","meta":{"_uag_custom_page_level_css":"","site-sidebar-layout":"default","site-content-layout":"","ast-site-content-layout":"default","site-content-style":"default","site-sidebar-style":"default","ast-global-header-display":"","ast-banner-title-visibility":"","ast-main-header-display":"","ast-hfb-above-header-display":"","ast-hfb-below-header-display":"","ast-hfb-mobile-header-display":"","site-post-title":"","ast-breadcrumbs-content":"","ast-featured-img":"","footer-sml-layout":"","ast-disable-related-posts":"","theme-transparent-header-meta":"","adv-header-id-meta":"","stick-header-meta":"","header-above-stick-meta":"","header-main-stick-meta":"","header-below-stick-meta":"","astra-migrate-meta-layouts":"default","ast-page-background-enabled":"default","ast-page-background-meta":{"desktop":{"background-color":"var(--ast-global-color-5)","background-image":"","background-repeat":"repeat","background-position":"center center","background-size":"auto","background-attachment":"scroll","background-type":"","background-media":"","overlay-type":"","overlay-color":"","overlay-opacity":"","overlay-gradient":""},"tablet":{"background-color":"","background-image":"","background-repeat":"repeat","background-position":"center center","background-size":"auto","background-attachment":"scroll","background-type":"","background-media":"","overlay-type":"","overlay-color":"","overlay-opacity":"","overlay-gradient":""},"mobile":{"background-color":"","background-image":"","background-repeat":"repeat","background-position":"center center","background-size":"auto","background-attachment":"scroll","background-type":"","background-media":"","overlay-type":"","overlay-color":"","overlay-opacity":"","overlay-gradient":""}},"ast-content-background-meta":{"desktop":{"background-color":"var(--ast-global-color-4)","background-image":"","background-repeat":"repeat","background-position":"center center","background-size":"auto","background-attachment":"scroll","background-type":"","background-media":"","overlay-type":"","overlay-color":"","overlay-opacity":"","overlay-gradient":""},"tablet":{"background-color":"var(--ast-global-color-4)","background-image":"","background-repeat":"repeat","background-position":"center center","background-size":"auto","background-attachment":"scroll","background-type":"","background-media":"","overlay-type":"","overlay-color":"","overlay-opacity":"","overlay-gradient":""},"mobile":{"background-color":"var(--ast-global-color-4)","background-image":"","background-repeat":"repeat","background-position":"center center","background-size":"auto","background-attachment":"scroll","background-type":"","background-media":"","overlay-type":"","overlay-color":"","overlay-opacity":"","overlay-gradient":""}},"footnotes":""},"class_list":["post-1623","page","type-page","status-publish","has-post-thumbnail","hentry"],"featured_image_src":"https:\/\/spanishcastlemoviemagic.com\/es\/wp-content\/uploads\/sites\/3\/2019\/09\/alhambra-granada.jpg","featured_image_src_square":"https:\/\/spanishcastlemoviemagic.com\/es\/wp-content\/uploads\/sites\/3\/2019\/09\/alhambra-granada.jpg","uagb_featured_image_src":{"full":["https:\/\/spanishcastlemoviemagic.com\/es\/wp-content\/uploads\/sites\/3\/2019\/09\/alhambra-granada.jpg",1280,956,false],"thumbnail":["https:\/\/spanishcastlemoviemagic.com\/es\/wp-content\/uploads\/sites\/3\/2019\/09\/alhambra-granada-150x150.jpg",150,150,true],"medium":["https:\/\/spanishcastlemoviemagic.com\/es\/wp-content\/uploads\/sites\/3\/2019\/09\/alhambra-granada-300x224.jpg",300,224,true],"medium_large":["https:\/\/spanishcastlemoviemagic.com\/es\/wp-content\/uploads\/sites\/3\/2019\/09\/alhambra-granada-768x574.jpg",768,574,true],"large":["https:\/\/spanishcastlemoviemagic.com\/es\/wp-content\/uploads\/sites\/3\/2019\/09\/alhambra-granada-1024x765.jpg",1024,765,true],"1536x1536":["https:\/\/spanishcastlemoviemagic.com\/es\/wp-content\/uploads\/sites\/3\/2019\/09\/alhambra-granada.jpg",1280,956,false],"2048x2048":["https:\/\/spanishcastlemoviemagic.com\/es\/wp-content\/uploads\/sites\/3\/2019\/09\/alhambra-granada.jpg",1280,956,false],"ab-block-post-grid-landscape":["https:\/\/spanishcastlemoviemagic.com\/es\/wp-content\/uploads\/sites\/3\/2019\/09\/alhambra-granada.jpg",536,400,false],"ab-block-post-grid-square":["https:\/\/spanishcastlemoviemagic.com\/es\/wp-content\/uploads\/sites\/3\/2019\/09\/alhambra-granada.jpg",600,448,false]},"uagb_author_info":{"display_name":"admin","author_link":"https:\/\/spanishcastlemoviemagic.com\/es\/blog\/author\/cas-eggermontme-com\/"},"uagb_comment_info":0,"uagb_excerpt":"La pel\u00edcula es una adaptaci\u00f3n de Decameron de Bocaccio, protagonizada por Joan Fontaine, con trabajos de estudio en Inglaterra y [&hellip;]","_links":{"self":[{"href":"https:\/\/spanishcastlemoviemagic.com\/es\/wp-json\/wp\/v2\/pages\/1623","targetHints":{"allow":["GET"]}}],"collection":[{"href":"https:\/\/spanishcastlemoviemagic.com\/es\/wp-json\/wp\/v2\/pages"}],"about":[{"href":"https:\/\/spanishcastlemoviemagic.com\/es\/wp-json\/wp\/v2\/types\/page"}],"author":[{"embeddable":true,"href":"https:\/\/spanishcastlemoviemagic.com\/es\/wp-json\/wp\/v2\/users\/1"}],"replies":[{"embeddable":true,"href":"https:\/\/spanishcastlemoviemagic.com\/es\/wp-json\/wp\/v2\/comments?post=1623"}],"version-history":[{"count":3,"href":"https:\/\/spanishcastlemoviemagic.com\/es\/wp-json\/wp\/v2\/pages\/1623\/revisions"}],"predecessor-version":[{"id":4068,"href":"https:\/\/spanishcastlemoviemagic.com\/es\/wp-json\/wp\/v2\/pages\/1623\/revisions\/4068"}],"wp:featuredmedia":[{"embeddable":true,"href":"https:\/\/spanishcastlemoviemagic.com\/es\/wp-json\/wp\/v2\/media\/1364"}],"wp:attachment":[{"href":"https:\/\/spanishcastlemoviemagic.com\/es\/wp-json\/wp\/v2\/media?parent=1623"}],"curies":[{"name":"wp","href":"https:\/\/api.w.org\/{rel}","templated":true}]}}