{"id":1488,"date":"2019-09-07T20:19:57","date_gmt":"2019-09-07T20:19:57","guid":{"rendered":"https:\/\/spanishcastlemoviemagic.com\/es\/?page_id=1488"},"modified":"2019-09-24T15:04:43","modified_gmt":"2019-09-24T15:04:43","slug":"the-horsemen-1971","status":"publish","type":"page","link":"https:\/\/spanishcastlemoviemagic.com\/es\/the-horsemen-1971\/","title":{"rendered":"The Horsemen (1971)"},"content":{"rendered":"\n<p>Si\nvas a hacer una pel\u00edcula sobre un afgano egipcio como Omar Shariff, entonces\nqu\u00e9 mejor lugar para hacer la pel\u00edcula si no es donde se hizo una pel\u00edcula\nsobre un ruso egipcio llamada &#8220;Doctor Zhivago&#8221;. Espa\u00f1a por favor.<\/p>\n\n\n\n<p>Omar\nShariff regres\u00f3 a Espa\u00f1a para esta historia de John Frankenheimer sobre hombres\nde verdad y sus caballos.<\/p>\n\n\n\n<p>El\nrodaje comenz\u00f3 en el propio Afganist\u00e1n hasta que las fiebres y la\ndeshidrataci\u00f3n los llevaron de vuelta a lugares en Almer\u00eda y en los alrededores\nde Madrid con c\u00f3modos hoteles y excelente agua mineral.<\/p>\n\n\n\n<p>Las\nmurallas de Jair\u00e1n, parte del castillo de la Alcazaba en la ciudad de Almer\u00eda,\nrepresentaban la entrada a Kabul, desde donde Omar sale con la pierna rota tras\nperder la ins\u00edpida carrera de caballos.<\/p>\n\n\n\n<p>Los\namantes de los animales sin duda tendr\u00e1n un ataque colectivo de angustia cuando\nvean esta pel\u00edcula. La mayor parte de lo que pasa por la cultura afgana parece\nconsistir en dos animales que se destruyen entre s\u00ed para beneficio lud\u00f3pata de\nlos miembros de las tribus, y la carrera de terneros sin cabeza es de lo m\u00e1s\ndescerebrado. <\/p>\n\n\n\n<p>Antes\nde esa delicia, nos deleitamos con una sangrienta pelea de camellos e incluso\ndos pajaritos golpe\u00e1ndose. M\u00e1s tarde tambi\u00e9n vemos a dos carneros luchando, dos\nveces, refutando el viejo dicho de que dos cabezas son mejores que una.<\/p>\n\n\n\n<p>A\npesar de toda esta vergonzosa crueldad hacia los animales, los afganos parecen\ntener una relaci\u00f3n inquietantemente \u00edntima con sus caballos.<\/p>\n","protected":false},"excerpt":{"rendered":"<p>Si vas a hacer una pel\u00edcula sobre un afgano egipcio como Omar Shariff, entonces qu\u00e9 mejor lugar para hacer la [&hellip;]<\/p>\n","protected":false},"author":1,"featured_media":1348,"parent":0,"menu_order":0,"comment_status":"closed","ping_status":"closed","template":"","meta":{"_uag_custom_page_level_css":"","site-sidebar-layout":"default","site-content-layout":"","ast-site-content-layout":"default","site-content-style":"default","site-sidebar-style":"default","ast-global-header-display":"","ast-banner-title-visibility":"","ast-main-header-display":"","ast-hfb-above-header-display":"","ast-hfb-below-header-display":"","ast-hfb-mobile-header-display":"","site-post-title":"","ast-breadcrumbs-content":"","ast-featured-img":"","footer-sml-layout":"","ast-disable-related-posts":"","theme-transparent-header-meta":"","adv-header-id-meta":"","stick-header-meta":"","header-above-stick-meta":"","header-main-stick-meta":"","header-below-stick-meta":"","astra-migrate-meta-layouts":"default","ast-page-background-enabled":"default","ast-page-background-meta":{"desktop":{"background-color":"var(--ast-global-color-5)","background-image":"","background-repeat":"repeat","background-position":"center center","background-size":"auto","background-attachment":"scroll","background-type":"","background-media":"","overlay-type":"","overlay-color":"","overlay-opacity":"","overlay-gradient":""},"tablet":{"background-color":"","background-image":"","background-repeat":"repeat","background-position":"center center","background-size":"auto","background-attachment":"scroll","background-type":"","background-media":"","overlay-type":"","overlay-color":"","overlay-opacity":"","overlay-gradient":""},"mobile":{"background-color":"","background-image":"","background-repeat":"repeat","background-position":"center center","background-size":"auto","background-attachment":"scroll","background-type":"","background-media":"","overlay-type":"","overlay-color":"","overlay-opacity":"","overlay-gradient":""}},"ast-content-background-meta":{"desktop":{"background-color":"var(--ast-global-color-4)","background-image":"","background-repeat":"repeat","background-position":"center center","background-size":"auto","background-attachment":"scroll","background-type":"","background-media":"","overlay-type":"","overlay-color":"","overlay-opacity":"","overlay-gradient":""},"tablet":{"background-color":"var(--ast-global-color-4)","background-image":"","background-repeat":"repeat","background-position":"center center","background-size":"auto","background-attachment":"scroll","background-type":"","background-media":"","overlay-type":"","overlay-color":"","overlay-opacity":"","overlay-gradient":""},"mobile":{"background-color":"var(--ast-global-color-4)","background-image":"","background-repeat":"repeat","background-position":"center center","background-size":"auto","background-attachment":"scroll","background-type":"","background-media":"","overlay-type":"","overlay-color":"","overlay-opacity":"","overlay-gradient":""}},"footnotes":""},"class_list":["post-1488","page","type-page","status-publish","has-post-thumbnail","hentry"],"featured_image_src":"https:\/\/spanishcastlemoviemagic.com\/es\/wp-content\/uploads\/sites\/3\/2019\/09\/Alcazaba-almeria-s.jpg","featured_image_src_square":"https:\/\/spanishcastlemoviemagic.com\/es\/wp-content\/uploads\/sites\/3\/2019\/09\/Alcazaba-almeria-s.jpg","uagb_featured_image_src":{"full":["https:\/\/spanishcastlemoviemagic.com\/es\/wp-content\/uploads\/sites\/3\/2019\/09\/Alcazaba-almeria-s.jpg",2000,1500,false],"thumbnail":["https:\/\/spanishcastlemoviemagic.com\/es\/wp-content\/uploads\/sites\/3\/2019\/09\/Alcazaba-almeria-s-150x150.jpg",150,150,true],"medium":["https:\/\/spanishcastlemoviemagic.com\/es\/wp-content\/uploads\/sites\/3\/2019\/09\/Alcazaba-almeria-s-300x225.jpg",300,225,true],"medium_large":["https:\/\/spanishcastlemoviemagic.com\/es\/wp-content\/uploads\/sites\/3\/2019\/09\/Alcazaba-almeria-s-768x576.jpg",768,576,true],"large":["https:\/\/spanishcastlemoviemagic.com\/es\/wp-content\/uploads\/sites\/3\/2019\/09\/Alcazaba-almeria-s-1024x768.jpg",1024,768,true],"1536x1536":["https:\/\/spanishcastlemoviemagic.com\/es\/wp-content\/uploads\/sites\/3\/2019\/09\/Alcazaba-almeria-s.jpg",1536,1152,false],"2048x2048":["https:\/\/spanishcastlemoviemagic.com\/es\/wp-content\/uploads\/sites\/3\/2019\/09\/Alcazaba-almeria-s.jpg",2000,1500,false],"ab-block-post-grid-landscape":["https:\/\/spanishcastlemoviemagic.com\/es\/wp-content\/uploads\/sites\/3\/2019\/09\/Alcazaba-almeria-s.jpg",533,400,false],"ab-block-post-grid-square":["https:\/\/spanishcastlemoviemagic.com\/es\/wp-content\/uploads\/sites\/3\/2019\/09\/Alcazaba-almeria-s.jpg",600,450,false]},"uagb_author_info":{"display_name":"admin","author_link":"https:\/\/spanishcastlemoviemagic.com\/es\/blog\/author\/cas-eggermontme-com\/"},"uagb_comment_info":0,"uagb_excerpt":"Si vas a hacer una pel\u00edcula sobre un afgano egipcio como Omar Shariff, entonces qu\u00e9 mejor lugar para hacer la [&hellip;]","_links":{"self":[{"href":"https:\/\/spanishcastlemoviemagic.com\/es\/wp-json\/wp\/v2\/pages\/1488","targetHints":{"allow":["GET"]}}],"collection":[{"href":"https:\/\/spanishcastlemoviemagic.com\/es\/wp-json\/wp\/v2\/pages"}],"about":[{"href":"https:\/\/spanishcastlemoviemagic.com\/es\/wp-json\/wp\/v2\/types\/page"}],"author":[{"embeddable":true,"href":"https:\/\/spanishcastlemoviemagic.com\/es\/wp-json\/wp\/v2\/users\/1"}],"replies":[{"embeddable":true,"href":"https:\/\/spanishcastlemoviemagic.com\/es\/wp-json\/wp\/v2\/comments?post=1488"}],"version-history":[{"count":1,"href":"https:\/\/spanishcastlemoviemagic.com\/es\/wp-json\/wp\/v2\/pages\/1488\/revisions"}],"predecessor-version":[{"id":4102,"href":"https:\/\/spanishcastlemoviemagic.com\/es\/wp-json\/wp\/v2\/pages\/1488\/revisions\/4102"}],"wp:featuredmedia":[{"embeddable":true,"href":"https:\/\/spanishcastlemoviemagic.com\/es\/wp-json\/wp\/v2\/media\/1348"}],"wp:attachment":[{"href":"https:\/\/spanishcastlemoviemagic.com\/es\/wp-json\/wp\/v2\/media?parent=1488"}],"curies":[{"name":"wp","href":"https:\/\/api.w.org\/{rel}","templated":true}]}}