{"id":1433,"date":"2019-09-07T19:45:35","date_gmt":"2019-09-07T19:45:35","guid":{"rendered":"https:\/\/spanishcastlemoviemagic.com\/es\/?page_id=1433"},"modified":"2019-09-23T16:05:12","modified_gmt":"2019-09-23T16:05:12","slug":"san-andres-carboneras","status":"publish","type":"page","link":"https:\/\/spanishcastlemoviemagic.com\/es\/san-andres-carboneras\/","title":{"rendered":"San Andr\u00e9s Carboneras"},"content":{"rendered":"<div  data-label=\"Portfolio\" data-id=\"portfolio-cards-section\" data-category=\"portfolio\" class=\"portfolio-cards-section\" id=\"portfolio-1\" style=\"background-color: rgb(255, 255, 255);\">\n<div  class=\"gridContainer\">\n<div  class=\"portfolio-cards-textcol dynamic-color\" data-type=\"column\">\n<h2  class=\"\">San Andr\u00e9s, Carboneras<\/h2>\n<p  class=\"\">El castillo del siglo XVI est\u00e1 situado en el centro de la localidad de Carboneras. De hecho, la construcci\u00f3n del castillo dio origen al pueblo, que creci\u00f3 a su alrededor.<br ><br \/>\nEn 1559 el rey Felipe II orden\u00f3 al Marqu\u00e9s del Carpio que construyera el castillo para defender esa parte de la costa de los ataques bereberes y las revueltas moriscas.<br ><br \/>\nHa sido totalmente restaurada y actualmente es un centro de todo tipo de actividades culturales, especialmente en verano, cuando la ciudad recibe muchos visitantes.<\/p>\n<\/p><\/div>\n<div  class=\"portfolio-cards-projectsro dark-text\" data-type=\"row\">\n<div  class=\"portfolio-cards-projectcol cp4cols cp6cols-tablet\">\n<div  class=\"portfolio-cards-projectcard\">\n<div  class=\"contentswap-effect ContentSwap104\" hover-fx=\"ContentSwap104\" id=\"ContentSwap104\" is-hovered=\"0\">\n<div  class=\"ContentSwap104_content initial-image\"><img decoding=\"async\"  class=\"portfolio-cards-projectimg\" data-size=\"1200x800\" src=\"https:\/\/spanishcastlemoviemagic.com\/es\/wp-content\/uploads\/sites\/3\/2019\/09\/cropped-San-andres-carboneras-almeria-s-1.jpg\"> <\/div>\n<div  class=\"overlay\" style=\"display: block; opacity: 1;\"><\/div>\n<div  class=\"swap-inner\" style=\"opacity: 1; display: block;\">\n<div  class=\"ContentSwap104-center\"> <a  href=\"https:\/\/spanishcastlemoviemagic.com\/es\/the-four-feathers-1977\" target=\"_self\"><i  data-cp-fa=\"true\" class=\"portfolio-card-icon fa fa-search color6\"><\/i><\/a> <\/div>\n<\/p><\/div>\n<\/p><\/div>\n<div  class=\"portfolio-cards-projectinfo\">\n<div  class=\"portfolio-cards-projnamecol\" data-type=\"column\"> <a  href=\"https:\/\/spanishcastlemoviemagic.com\/es\/the-four-feathers-1977\" class=\"portfolio-cards-projlink\" target=\"_self\"><\/p>\n<h4  class=\"portfolio-cards-projtitle\">The Four Feathers (1977)<\/h4>\n<p><\/a> <\/div>\n<\/p><\/div>\n<\/p><\/div>\n<\/p><\/div>\n<\/p><\/div>\n<\/p><\/div>\n<\/div>\n","protected":false},"excerpt":{"rendered":"<p>San Andr\u00e9s, Carboneras El castillo del siglo XVI est\u00e1 situado en el centro de la localidad de Carboneras. De hecho, [&hellip;]<\/p>\n","protected":false},"author":1,"featured_media":1352,"parent":0,"menu_order":0,"comment_status":"closed","ping_status":"closed","template":"full-width-page.php","meta":{"_uag_custom_page_level_css":"","site-sidebar-layout":"default","site-content-layout":"","ast-site-content-layout":"default","site-content-style":"default","site-sidebar-style":"default","ast-global-header-display":"","ast-banner-title-visibility":"","ast-main-header-display":"","ast-hfb-above-header-display":"","ast-hfb-below-header-display":"","ast-hfb-mobile-header-display":"","site-post-title":"","ast-breadcrumbs-content":"","ast-featured-img":"","footer-sml-layout":"","ast-disable-related-posts":"","theme-transparent-header-meta":"","adv-header-id-meta":"","stick-header-meta":"","header-above-stick-meta":"","header-main-stick-meta":"","header-below-stick-meta":"","astra-migrate-meta-layouts":"default","ast-page-background-enabled":"default","ast-page-background-meta":{"desktop":{"background-color":"var(--ast-global-color-5)","background-image":"","background-repeat":"repeat","background-position":"center center","background-size":"auto","background-attachment":"scroll","background-type":"","background-media":"","overlay-type":"","overlay-color":"","overlay-opacity":"","overlay-gradient":""},"tablet":{"background-color":"","background-image":"","background-repeat":"repeat","background-position":"center center","background-size":"auto","background-attachment":"scroll","background-type":"","background-media":"","overlay-type":"","overlay-color":"","overlay-opacity":"","overlay-gradient":""},"mobile":{"background-color":"","background-image":"","background-repeat":"repeat","background-position":"center center","background-size":"auto","background-attachment":"scroll","background-type":"","background-media":"","overlay-type":"","overlay-color":"","overlay-opacity":"","overlay-gradient":""}},"ast-content-background-meta":{"desktop":{"background-color":"var(--ast-global-color-4)","background-image":"","background-repeat":"repeat","background-position":"center center","background-size":"auto","background-attachment":"scroll","background-type":"","background-media":"","overlay-type":"","overlay-color":"","overlay-opacity":"","overlay-gradient":""},"tablet":{"background-color":"var(--ast-global-color-4)","background-image":"","background-repeat":"repeat","background-position":"center center","background-size":"auto","background-attachment":"scroll","background-type":"","background-media":"","overlay-type":"","overlay-color":"","overlay-opacity":"","overlay-gradient":""},"mobile":{"background-color":"var(--ast-global-color-4)","background-image":"","background-repeat":"repeat","background-position":"center center","background-size":"auto","background-attachment":"scroll","background-type":"","background-media":"","overlay-type":"","overlay-color":"","overlay-opacity":"","overlay-gradient":""}},"footnotes":""},"class_list":["post-1433","page","type-page","status-publish","has-post-thumbnail","hentry"],"featured_image_src":"https:\/\/spanishcastlemoviemagic.com\/es\/wp-content\/uploads\/sites\/3\/2019\/09\/San-andres-carboneras-almeria-s.jpg","featured_image_src_square":"https:\/\/spanishcastlemoviemagic.com\/es\/wp-content\/uploads\/sites\/3\/2019\/09\/San-andres-carboneras-almeria-s.jpg","uagb_featured_image_src":{"full":["https:\/\/spanishcastlemoviemagic.com\/es\/wp-content\/uploads\/sites\/3\/2019\/09\/San-andres-carboneras-almeria-s.jpg",2500,1875,false],"thumbnail":["https:\/\/spanishcastlemoviemagic.com\/es\/wp-content\/uploads\/sites\/3\/2019\/09\/San-andres-carboneras-almeria-s-150x150.jpg",150,150,true],"medium":["https:\/\/spanishcastlemoviemagic.com\/es\/wp-content\/uploads\/sites\/3\/2019\/09\/San-andres-carboneras-almeria-s-300x225.jpg",300,225,true],"medium_large":["https:\/\/spanishcastlemoviemagic.com\/es\/wp-content\/uploads\/sites\/3\/2019\/09\/San-andres-carboneras-almeria-s-768x576.jpg",768,576,true],"large":["https:\/\/spanishcastlemoviemagic.com\/es\/wp-content\/uploads\/sites\/3\/2019\/09\/San-andres-carboneras-almeria-s-1024x768.jpg",1024,768,true],"1536x1536":["https:\/\/spanishcastlemoviemagic.com\/es\/wp-content\/uploads\/sites\/3\/2019\/09\/San-andres-carboneras-almeria-s.jpg",1536,1152,false],"2048x2048":["https:\/\/spanishcastlemoviemagic.com\/es\/wp-content\/uploads\/sites\/3\/2019\/09\/San-andres-carboneras-almeria-s.jpg",2048,1536,false],"ab-block-post-grid-landscape":["https:\/\/spanishcastlemoviemagic.com\/es\/wp-content\/uploads\/sites\/3\/2019\/09\/San-andres-carboneras-almeria-s.jpg",533,400,false],"ab-block-post-grid-square":["https:\/\/spanishcastlemoviemagic.com\/es\/wp-content\/uploads\/sites\/3\/2019\/09\/San-andres-carboneras-almeria-s.jpg",600,450,false]},"uagb_author_info":{"display_name":"admin","author_link":"https:\/\/spanishcastlemoviemagic.com\/es\/blog\/author\/cas-eggermontme-com\/"},"uagb_comment_info":0,"uagb_excerpt":"San Andr\u00e9s, Carboneras El castillo del siglo XVI est\u00e1 situado en el centro de la localidad de Carboneras. De hecho, [&hellip;]","_links":{"self":[{"href":"https:\/\/spanishcastlemoviemagic.com\/es\/wp-json\/wp\/v2\/pages\/1433","targetHints":{"allow":["GET"]}}],"collection":[{"href":"https:\/\/spanishcastlemoviemagic.com\/es\/wp-json\/wp\/v2\/pages"}],"about":[{"href":"https:\/\/spanishcastlemoviemagic.com\/es\/wp-json\/wp\/v2\/types\/page"}],"author":[{"embeddable":true,"href":"https:\/\/spanishcastlemoviemagic.com\/es\/wp-json\/wp\/v2\/users\/1"}],"replies":[{"embeddable":true,"href":"https:\/\/spanishcastlemoviemagic.com\/es\/wp-json\/wp\/v2\/comments?post=1433"}],"version-history":[{"count":1,"href":"https:\/\/spanishcastlemoviemagic.com\/es\/wp-json\/wp\/v2\/pages\/1433\/revisions"}],"predecessor-version":[{"id":3803,"href":"https:\/\/spanishcastlemoviemagic.com\/es\/wp-json\/wp\/v2\/pages\/1433\/revisions\/3803"}],"wp:featuredmedia":[{"embeddable":true,"href":"https:\/\/spanishcastlemoviemagic.com\/es\/wp-json\/wp\/v2\/media\/1352"}],"wp:attachment":[{"href":"https:\/\/spanishcastlemoviemagic.com\/es\/wp-json\/wp\/v2\/media?parent=1433"}],"curies":[{"name":"wp","href":"https:\/\/api.w.org\/{rel}","templated":true}]}}