{"id":1297,"date":"2019-09-07T12:39:00","date_gmt":"2019-09-07T12:39:00","guid":{"rendered":"https:\/\/spanishcastlemoviemagic.com\/es\/?page_id=1297"},"modified":"2019-09-23T13:38:46","modified_gmt":"2019-09-23T13:38:46","slug":"read-more-castrojeriz-castle","status":"publish","type":"page","link":"https:\/\/spanishcastlemoviemagic.com\/es\/read-more-castrojeriz-castle\/","title":{"rendered":"Read more Castrojeriz Castle"},"content":{"rendered":"<div data-label=\"About us\" data-id=\"about-image-section-pro\" data-category=\"about\" class=\"about-image-section-pro\" id=\"about-us-2\"  style=\"background-color: rgb(255, 255, 255);\">\n<div class=\"gridContainer\" >\n<div class=\"row about-image-gridcol-pro\" >\n<div class=\"about-image-textcol-pro\" data-type=\"column\" >\n<p class=\"\" >La pobre Leanor tuvo varios enfrentamientos infelices con la aristocracia espa\u00f1ola. Inicialmente estaba comprometida con el heredero del reino de Arag\u00f3n, Jaime, pero \u00e9l renunci\u00f3 al mundo material y se convirti\u00f3 en monje, lo que no es la manera m\u00e1s halagadora de conquistar a una joven. Al final se cas\u00f3 con un hermano menor, ya viudo, Alfonso, que se convirti\u00f3 en Alfonso IV de Arag\u00f3n.<br ><br \/>\nTuvo dos hijos; el menor de ellos, Juan, fue asesinado por orden del rey Pedro de Castilla, y el mayor fue asesinado por su propio hermanastro, Pedro de Arag\u00f3n.<br ><br \/>\nLa monarqu\u00eda ya no es lo que era.<br ><br \/>\nEl terremoto de Lisboa de 1755 da\u00f1\u00f3 gravemente el castillo, al igual que muchos otros en la Pen\u00ednsula Ib\u00e9rica.<br ><br \/>\nFue un lugar anteriormente ocupado por celtas y romanos, e incluso hay una leyenda que dice que Julio C\u00e9sar lo fund\u00f3.<br ><br \/>\nLos restos del castillo actual fueron construidos por los \u00e1rabes en el siglo IX, tomando como punto de partida una torre romana.<\/p>\n<\/p><\/div>\n<div data-type=\"column\" class=\"\" >  <\/div>\n<\/p><\/div>\n<\/p><\/div>\n<\/p><\/div>\n","protected":false},"excerpt":{"rendered":"<p>La pobre Leanor tuvo varios enfrentamientos infelices con la aristocracia espa\u00f1ola. Inicialmente estaba comprometida con el heredero del reino de [&hellip;]<\/p>\n","protected":false},"author":1,"featured_media":1149,"parent":0,"menu_order":0,"comment_status":"closed","ping_status":"closed","template":"full-width-page.php","meta":{"_uag_custom_page_level_css":"","site-sidebar-layout":"default","site-content-layout":"","ast-site-content-layout":"default","site-content-style":"default","site-sidebar-style":"default","ast-global-header-display":"","ast-banner-title-visibility":"","ast-main-header-display":"","ast-hfb-above-header-display":"","ast-hfb-below-header-display":"","ast-hfb-mobile-header-display":"","site-post-title":"","ast-breadcrumbs-content":"","ast-featured-img":"","footer-sml-layout":"","ast-disable-related-posts":"","theme-transparent-header-meta":"","adv-header-id-meta":"","stick-header-meta":"","header-above-stick-meta":"","header-main-stick-meta":"","header-below-stick-meta":"","astra-migrate-meta-layouts":"default","ast-page-background-enabled":"default","ast-page-background-meta":{"desktop":{"background-color":"var(--ast-global-color-5)","background-image":"","background-repeat":"repeat","background-position":"center center","background-size":"auto","background-attachment":"scroll","background-type":"","background-media":"","overlay-type":"","overlay-color":"","overlay-opacity":"","overlay-gradient":""},"tablet":{"background-color":"","background-image":"","background-repeat":"repeat","background-position":"center center","background-size":"auto","background-attachment":"scroll","background-type":"","background-media":"","overlay-type":"","overlay-color":"","overlay-opacity":"","overlay-gradient":""},"mobile":{"background-color":"","background-image":"","background-repeat":"repeat","background-position":"center center","background-size":"auto","background-attachment":"scroll","background-type":"","background-media":"","overlay-type":"","overlay-color":"","overlay-opacity":"","overlay-gradient":""}},"ast-content-background-meta":{"desktop":{"background-color":"var(--ast-global-color-4)","background-image":"","background-repeat":"repeat","background-position":"center center","background-size":"auto","background-attachment":"scroll","background-type":"","background-media":"","overlay-type":"","overlay-color":"","overlay-opacity":"","overlay-gradient":""},"tablet":{"background-color":"var(--ast-global-color-4)","background-image":"","background-repeat":"repeat","background-position":"center center","background-size":"auto","background-attachment":"scroll","background-type":"","background-media":"","overlay-type":"","overlay-color":"","overlay-opacity":"","overlay-gradient":""},"mobile":{"background-color":"var(--ast-global-color-4)","background-image":"","background-repeat":"repeat","background-position":"center center","background-size":"auto","background-attachment":"scroll","background-type":"","background-media":"","overlay-type":"","overlay-color":"","overlay-opacity":"","overlay-gradient":""}},"footnotes":""},"class_list":["post-1297","page","type-page","status-publish","has-post-thumbnail","hentry"],"featured_image_src":"https:\/\/spanishcastlemoviemagic.com\/es\/wp-content\/uploads\/sites\/3\/2019\/09\/castrojeriz-Burgos-s.jpg","featured_image_src_square":"https:\/\/spanishcastlemoviemagic.com\/es\/wp-content\/uploads\/sites\/3\/2019\/09\/castrojeriz-Burgos-s.jpg","uagb_featured_image_src":{"full":["https:\/\/spanishcastlemoviemagic.com\/es\/wp-content\/uploads\/sites\/3\/2019\/09\/castrojeriz-Burgos-s.jpg",2000,1333,false],"thumbnail":["https:\/\/spanishcastlemoviemagic.com\/es\/wp-content\/uploads\/sites\/3\/2019\/09\/castrojeriz-Burgos-s-150x150.jpg",150,150,true],"medium":["https:\/\/spanishcastlemoviemagic.com\/es\/wp-content\/uploads\/sites\/3\/2019\/09\/castrojeriz-Burgos-s-300x200.jpg",300,200,true],"medium_large":["https:\/\/spanishcastlemoviemagic.com\/es\/wp-content\/uploads\/sites\/3\/2019\/09\/castrojeriz-Burgos-s-768x512.jpg",768,512,true],"large":["https:\/\/spanishcastlemoviemagic.com\/es\/wp-content\/uploads\/sites\/3\/2019\/09\/castrojeriz-Burgos-s-1024x682.jpg",1024,682,true],"1536x1536":["https:\/\/spanishcastlemoviemagic.com\/es\/wp-content\/uploads\/sites\/3\/2019\/09\/castrojeriz-Burgos-s.jpg",1536,1024,false],"2048x2048":["https:\/\/spanishcastlemoviemagic.com\/es\/wp-content\/uploads\/sites\/3\/2019\/09\/castrojeriz-Burgos-s.jpg",2000,1333,false],"ab-block-post-grid-landscape":["https:\/\/spanishcastlemoviemagic.com\/es\/wp-content\/uploads\/sites\/3\/2019\/09\/castrojeriz-Burgos-s.jpg",600,400,false],"ab-block-post-grid-square":["https:\/\/spanishcastlemoviemagic.com\/es\/wp-content\/uploads\/sites\/3\/2019\/09\/castrojeriz-Burgos-s.jpg",600,400,false]},"uagb_author_info":{"display_name":"admin","author_link":"https:\/\/spanishcastlemoviemagic.com\/es\/blog\/author\/cas-eggermontme-com\/"},"uagb_comment_info":0,"uagb_excerpt":"La pobre Leanor tuvo varios enfrentamientos infelices con la aristocracia espa\u00f1ola. Inicialmente estaba comprometida con el heredero del reino de [&hellip;]","_links":{"self":[{"href":"https:\/\/spanishcastlemoviemagic.com\/es\/wp-json\/wp\/v2\/pages\/1297","targetHints":{"allow":["GET"]}}],"collection":[{"href":"https:\/\/spanishcastlemoviemagic.com\/es\/wp-json\/wp\/v2\/pages"}],"about":[{"href":"https:\/\/spanishcastlemoviemagic.com\/es\/wp-json\/wp\/v2\/types\/page"}],"author":[{"embeddable":true,"href":"https:\/\/spanishcastlemoviemagic.com\/es\/wp-json\/wp\/v2\/users\/1"}],"replies":[{"embeddable":true,"href":"https:\/\/spanishcastlemoviemagic.com\/es\/wp-json\/wp\/v2\/comments?post=1297"}],"version-history":[{"count":2,"href":"https:\/\/spanishcastlemoviemagic.com\/es\/wp-json\/wp\/v2\/pages\/1297\/revisions"}],"predecessor-version":[{"id":3663,"href":"https:\/\/spanishcastlemoviemagic.com\/es\/wp-json\/wp\/v2\/pages\/1297\/revisions\/3663"}],"wp:featuredmedia":[{"embeddable":true,"href":"https:\/\/spanishcastlemoviemagic.com\/es\/wp-json\/wp\/v2\/media\/1149"}],"wp:attachment":[{"href":"https:\/\/spanishcastlemoviemagic.com\/es\/wp-json\/wp\/v2\/media?parent=1297"}],"curies":[{"name":"wp","href":"https:\/\/api.w.org\/{rel}","templated":true}]}}