{"id":1256,"date":"2019-09-07T11:56:28","date_gmt":"2019-09-07T11:56:28","guid":{"rendered":"https:\/\/spanishcastlemoviemagic.com\/es\/?page_id=1256"},"modified":"2021-05-31T13:16:32","modified_gmt":"2021-05-31T13:16:32","slug":"covarrubios-torreon-de-fernan-gonzalez","status":"publish","type":"page","link":"https:\/\/spanishcastlemoviemagic.com\/es\/covarrubios-torreon-de-fernan-gonzalez\/","title":{"rendered":"Covarrubias: Torre\u00f3n de Fern\u00e1n Gonz\u00e1lez"},"content":{"rendered":"<div  data-label=\"Portfolio\" data-id=\"portfolio-cards-section-2\" data-category=\"portfolio\" class=\"portfolio-cards-section portfolio-cards-section-2\" id=\"portfolio-2\" style=\"background-color: rgb(246, 246, 246);\">\n<div  class=\"gridContainer\">\n<div  class=\"portfolio-cards-textcol dynamic-color\" data-type=\"column\">\n<h2  class=\"\">Torre\u00f3n de  Fern\u00e1n Gonz\u00e1lez<\/h2>\n<p  class=\"\">El castillo es todo lo que queda de una serie de fortificaciones que Fern\u00e1n Gonz\u00e1lez construy\u00f3 a lo largo del r\u00edo Arlanza.<\/p>\n<p>Las partes m\u00e1s antiguas datan del a\u00f1o 942, y otra leyenda sugiere que hay un pasadizo secreto a una casa vecina, sin duda para la realizaci\u00f3n de actividades pecaminosas.&nbsp;<\/p>\n<p><a class=\"button color1\" href=\"https:\/\/spanishcastlemoviemagic.com\/es\/read-more-covarrubios\" target=\"_self\" data-icon=\"\" rel=\"noopener\">Read more<\/a><\/div>\n<div  class=\"portfolio-cards-projectsro dark-text\" data-type=\"row\">\n<div  class=\"portfolio-cards-projectcol cp4cols cp6cols-tablet\">\n<div  class=\"portfolio-cards-projectcard\">\n<div  class=\"contentswap-effect ContentSwap104\" hover-fx=\"ContentSwap104\" id=\"ContentSwap104\" is-hovered=\"0\">\n<div  class=\"ContentSwap104_content initial-image\"><img decoding=\"async\"  class=\"portfolio-cards-projectimg\" data-size=\"1200x800\" src=\"https:\/\/spanishcastlemoviemagic.com\/es\/wp-content\/uploads\/sites\/3\/2019\/09\/cropped-torreon-fernan-gonzalez-covarrubios-burgos-s-1-2.jpg\"><\/div>\n<div  class=\"overlay\" style=\"display: block; opacity: 1;\"><\/div>\n<div  class=\"swap-inner\" style=\"opacity: 1; display: block;\">\n<div  class=\"ContentSwap104-center\"> <a href=\"https:\/\/spanishcastlemoviemagic.com\/es\/the-castilian-1963-burgos\" target=\"_self\" rel=\"noopener noreferrer\"><i  data-cp-fa=\"true\" class=\"portfolio-card-icon fa fa-search color6\"><\/i><\/a><\/div>\n<\/div>\n<\/div>\n<div  class=\"portfolio-cards-projectinfo\">\n<div  class=\"portfolio-cards-projnamecol\" data-type=\"column\"> <a href=\"https:\/\/spanishcastlemoviemagic.com\/es\/the-castilian-1963-burgos\" class=\"portfolio-cards-projlink\" target=\"_self\" rel=\"noopener noreferrer\"><\/p>\n<h4  class=\"portfolio-cards-projtitle\">The Castilian(1963)<\/h4>\n<p><\/a><a href=\"https:\/\/spanishcastlemoviemagic.com\/es\/the-castilian-1963-burgos\" class=\"portfolio-cards-projlink\" target=\"_self\" rel=\"noopener noreferrer\"><\/a><\/p>\n<\/div>\n<\/div>\n<\/div>\n<\/div>\n<\/div>\n<\/div>\n<\/div>\n","protected":false},"excerpt":{"rendered":"<p>Torre\u00f3n de Fern\u00e1n Gonz\u00e1lez El castillo es todo lo que queda de una serie de fortificaciones que Fern\u00e1n Gonz\u00e1lez construy\u00f3 [&hellip;]<\/p>\n","protected":false},"author":1,"featured_media":1261,"parent":0,"menu_order":0,"comment_status":"closed","ping_status":"closed","template":"","meta":{"_uag_custom_page_level_css":"","site-sidebar-layout":"default","site-content-layout":"","ast-site-content-layout":"default","site-content-style":"default","site-sidebar-style":"default","ast-global-header-display":"","ast-banner-title-visibility":"","ast-main-header-display":"","ast-hfb-above-header-display":"","ast-hfb-below-header-display":"","ast-hfb-mobile-header-display":"","site-post-title":"","ast-breadcrumbs-content":"","ast-featured-img":"","footer-sml-layout":"","ast-disable-related-posts":"","theme-transparent-header-meta":"","adv-header-id-meta":"","stick-header-meta":"","header-above-stick-meta":"","header-main-stick-meta":"","header-below-stick-meta":"","astra-migrate-meta-layouts":"default","ast-page-background-enabled":"default","ast-page-background-meta":{"desktop":{"background-color":"var(--ast-global-color-5)","background-image":"","background-repeat":"repeat","background-position":"center center","background-size":"auto","background-attachment":"scroll","background-type":"","background-media":"","overlay-type":"","overlay-color":"","overlay-opacity":"","overlay-gradient":""},"tablet":{"background-color":"","background-image":"","background-repeat":"repeat","background-position":"center center","background-size":"auto","background-attachment":"scroll","background-type":"","background-media":"","overlay-type":"","overlay-color":"","overlay-opacity":"","overlay-gradient":""},"mobile":{"background-color":"","background-image":"","background-repeat":"repeat","background-position":"center center","background-size":"auto","background-attachment":"scroll","background-type":"","background-media":"","overlay-type":"","overlay-color":"","overlay-opacity":"","overlay-gradient":""}},"ast-content-background-meta":{"desktop":{"background-color":"var(--ast-global-color-4)","background-image":"","background-repeat":"repeat","background-position":"center center","background-size":"auto","background-attachment":"scroll","background-type":"","background-media":"","overlay-type":"","overlay-color":"","overlay-opacity":"","overlay-gradient":""},"tablet":{"background-color":"var(--ast-global-color-4)","background-image":"","background-repeat":"repeat","background-position":"center center","background-size":"auto","background-attachment":"scroll","background-type":"","background-media":"","overlay-type":"","overlay-color":"","overlay-opacity":"","overlay-gradient":""},"mobile":{"background-color":"var(--ast-global-color-4)","background-image":"","background-repeat":"repeat","background-position":"center center","background-size":"auto","background-attachment":"scroll","background-type":"","background-media":"","overlay-type":"","overlay-color":"","overlay-opacity":"","overlay-gradient":""}},"footnotes":""},"class_list":["post-1256","page","type-page","status-publish","has-post-thumbnail","hentry"],"featured_image_src":"https:\/\/spanishcastlemoviemagic.com\/es\/wp-content\/uploads\/sites\/3\/2019\/09\/torreon-fernan-gonzalez-covarrubios-burgos-s-1.jpg","featured_image_src_square":"https:\/\/spanishcastlemoviemagic.com\/es\/wp-content\/uploads\/sites\/3\/2019\/09\/torreon-fernan-gonzalez-covarrubios-burgos-s-1.jpg","uagb_featured_image_src":{"full":["https:\/\/spanishcastlemoviemagic.com\/es\/wp-content\/uploads\/sites\/3\/2019\/09\/torreon-fernan-gonzalez-covarrubios-burgos-s-1.jpg",2000,1292,false],"thumbnail":["https:\/\/spanishcastlemoviemagic.com\/es\/wp-content\/uploads\/sites\/3\/2019\/09\/torreon-fernan-gonzalez-covarrubios-burgos-s-1-150x150.jpg",150,150,true],"medium":["https:\/\/spanishcastlemoviemagic.com\/es\/wp-content\/uploads\/sites\/3\/2019\/09\/torreon-fernan-gonzalez-covarrubios-burgos-s-1-300x194.jpg",300,194,true],"medium_large":["https:\/\/spanishcastlemoviemagic.com\/es\/wp-content\/uploads\/sites\/3\/2019\/09\/torreon-fernan-gonzalez-covarrubios-burgos-s-1-768x496.jpg",768,496,true],"large":["https:\/\/spanishcastlemoviemagic.com\/es\/wp-content\/uploads\/sites\/3\/2019\/09\/torreon-fernan-gonzalez-covarrubios-burgos-s-1-1024x662.jpg",1024,662,true],"1536x1536":["https:\/\/spanishcastlemoviemagic.com\/es\/wp-content\/uploads\/sites\/3\/2019\/09\/torreon-fernan-gonzalez-covarrubios-burgos-s-1.jpg",1536,992,false],"2048x2048":["https:\/\/spanishcastlemoviemagic.com\/es\/wp-content\/uploads\/sites\/3\/2019\/09\/torreon-fernan-gonzalez-covarrubios-burgos-s-1.jpg",2000,1292,false],"ab-block-post-grid-landscape":["https:\/\/spanishcastlemoviemagic.com\/es\/wp-content\/uploads\/sites\/3\/2019\/09\/torreon-fernan-gonzalez-covarrubios-burgos-s-1.jpg",600,388,false],"ab-block-post-grid-square":["https:\/\/spanishcastlemoviemagic.com\/es\/wp-content\/uploads\/sites\/3\/2019\/09\/torreon-fernan-gonzalez-covarrubios-burgos-s-1.jpg",600,388,false]},"uagb_author_info":{"display_name":"admin","author_link":"https:\/\/spanishcastlemoviemagic.com\/es\/blog\/author\/cas-eggermontme-com\/"},"uagb_comment_info":0,"uagb_excerpt":"Torre\u00f3n de Fern\u00e1n Gonz\u00e1lez El castillo es todo lo que queda de una serie de fortificaciones que Fern\u00e1n Gonz\u00e1lez construy\u00f3 [&hellip;]","_links":{"self":[{"href":"https:\/\/spanishcastlemoviemagic.com\/es\/wp-json\/wp\/v2\/pages\/1256","targetHints":{"allow":["GET"]}}],"collection":[{"href":"https:\/\/spanishcastlemoviemagic.com\/es\/wp-json\/wp\/v2\/pages"}],"about":[{"href":"https:\/\/spanishcastlemoviemagic.com\/es\/wp-json\/wp\/v2\/types\/page"}],"author":[{"embeddable":true,"href":"https:\/\/spanishcastlemoviemagic.com\/es\/wp-json\/wp\/v2\/users\/1"}],"replies":[{"embeddable":true,"href":"https:\/\/spanishcastlemoviemagic.com\/es\/wp-json\/wp\/v2\/comments?post=1256"}],"version-history":[{"count":8,"href":"https:\/\/spanishcastlemoviemagic.com\/es\/wp-json\/wp\/v2\/pages\/1256\/revisions"}],"predecessor-version":[{"id":4687,"href":"https:\/\/spanishcastlemoviemagic.com\/es\/wp-json\/wp\/v2\/pages\/1256\/revisions\/4687"}],"wp:featuredmedia":[{"embeddable":true,"href":"https:\/\/spanishcastlemoviemagic.com\/es\/wp-json\/wp\/v2\/media\/1261"}],"wp:attachment":[{"href":"https:\/\/spanishcastlemoviemagic.com\/es\/wp-json\/wp\/v2\/media?parent=1256"}],"curies":[{"name":"wp","href":"https:\/\/api.w.org\/{rel}","templated":true}]}}