{"id":1238,"date":"2019-09-07T11:39:21","date_gmt":"2019-09-07T11:39:21","guid":{"rendered":"https:\/\/spanishcastlemoviemagic.com\/es\/?page_id=1238"},"modified":"2019-09-24T09:39:54","modified_gmt":"2019-09-24T09:39:54","slug":"kingdom-of-heaven-2005","status":"publish","type":"page","link":"https:\/\/spanishcastlemoviemagic.com\/es\/kingdom-of-heaven-2005\/","title":{"rendered":"Kingdom of Heaven (2005)"},"content":{"rendered":"<div id=\"about-us-2\" class=\"about-image-section-pro\" style=\"background-color: #ffffff;\" data-label=\"About us\" data-id=\"about-image-section-pro\" data-category=\"about\">\n<div class=\"gridContainer\">\n<div class=\"row about-image-gridcol-pro\">\n<div class=\"about-image-textcol-pro\" data-type=\"column\">\n<p class=\"\" style=\"text-align: left;\">&#8220;La Tierra Santa es f\u00e1cil de encontrar; vaya a donde los hombres hablan italiano, y luego contin\u00fae hasta que hablen otra cosa.&#8221;<\/p>\n<p style=\"text-align: left;\">Palabras impropias de la \u00e9poca del GPS y que siguen sorprendiendo a los historiadores, que se preguntan c\u00f3mo llegaron a Jerusal\u00e9n los cruzados.<\/p>\n<p style=\"text-align: left;\">En la pel\u00edcula de Ridley Scott, los subt\u00edtulos nos informan que estamos de camino a Messina cuando nos encontramos con cruzados y peregrinos, pregunt\u00e1ndose por el camino y confiando en Dios.<\/p>\n<p style=\"text-align: left;\">Mientras se detienen en una colina para curar las heridas de Liam Neeson, el h\u00e9roe Orlando Bloom conoce al villano Guy por primera vez, con una vista majestuosa de una extensi\u00f3n de agua abajo, supuestamente el Mediterr\u00e1neo, pero en realidad el embalse de Las Cogotas.<\/p>\n<p style=\"text-align: left;\">Nuestros cruzados se encuentran en el interior del castillo celta de Las Cogotas, a diez kil\u00f3metros de \u00c1vila; y si la c\u00e1mara se hubiera movido un poco hacia la izquierda, habr\u00edamos podido ver una presa mucho m\u00e1s reciente que el siglo XII.<\/p>\n<p style=\"text-align: left;\">La descripci\u00f3n de la ruta a Jerusal\u00e9n no es el \u00fanico ejemplo de sencillez inocente que todos aplicar\u00edamos en nuestras vidas si tuvi\u00e9ramos tiempo: &#8220;Proteger a los indefensos&#8221;. &#8220;Di la verdad, aunque signifique tu muerte.&#8221; &#8220;No tengas miedo ante tus enemigos.&#8221; Y una bofetada en la cara en caso de que lo olvides. La pedagog\u00eda medieval era obviamente menos iluminada, pero quiz\u00e1s m\u00e1s eficaz que la actual.<\/p>\n<p style=\"text-align: left;\">El yacimiento de Las Cogotas fue investigado en la d\u00e9cada de los 20 y contiene restos de la Edad del Bronce y de la Edad del Hierro. Me viene a la mente la expresi\u00f3n &#8220;un mont\u00f3n de rocas&#8221;.<\/p>\n<p style=\"text-align: left;\">En el cercano pueblo de Carde\u00f1osa hay un centro de visitantes, que no estaba abierto, junto a la iglesia, que no estaba abierta, y una bonita panader\u00eda, que s\u00ed lo estaba.<\/p>\n<p style=\"text-align: left;\">Puede que tengas m\u00e1s suerte cuando lo visites.<\/p>\n<p style=\"text-align: left;\">\n<\/div>\n<div class=\"\" style=\"text-align: left;\" data-type=\"column\"><\/div>\n<p style=\"text-align: left;\">\n<\/div>\n<p style=\"text-align: left;\">\n<\/div>\n<p style=\"text-align: left;\">\n<\/div>\n","protected":false},"excerpt":{"rendered":"<p>&#8220;La Tierra Santa es f\u00e1cil de encontrar; vaya a donde los hombres hablan italiano, y luego contin\u00fae hasta que hablen [&hellip;]<\/p>\n","protected":false},"author":1,"featured_media":1147,"parent":0,"menu_order":0,"comment_status":"closed","ping_status":"closed","template":"full-width-page.php","meta":{"_uag_custom_page_level_css":"","site-sidebar-layout":"default","site-content-layout":"","ast-site-content-layout":"default","site-content-style":"default","site-sidebar-style":"default","ast-global-header-display":"","ast-banner-title-visibility":"","ast-main-header-display":"","ast-hfb-above-header-display":"","ast-hfb-below-header-display":"","ast-hfb-mobile-header-display":"","site-post-title":"","ast-breadcrumbs-content":"","ast-featured-img":"","footer-sml-layout":"","ast-disable-related-posts":"","theme-transparent-header-meta":"","adv-header-id-meta":"","stick-header-meta":"","header-above-stick-meta":"","header-main-stick-meta":"","header-below-stick-meta":"","astra-migrate-meta-layouts":"default","ast-page-background-enabled":"default","ast-page-background-meta":{"desktop":{"background-color":"var(--ast-global-color-5)","background-image":"","background-repeat":"repeat","background-position":"center center","background-size":"auto","background-attachment":"scroll","background-type":"","background-media":"","overlay-type":"","overlay-color":"","overlay-opacity":"","overlay-gradient":""},"tablet":{"background-color":"","background-image":"","background-repeat":"repeat","background-position":"center center","background-size":"auto","background-attachment":"scroll","background-type":"","background-media":"","overlay-type":"","overlay-color":"","overlay-opacity":"","overlay-gradient":""},"mobile":{"background-color":"","background-image":"","background-repeat":"repeat","background-position":"center center","background-size":"auto","background-attachment":"scroll","background-type":"","background-media":"","overlay-type":"","overlay-color":"","overlay-opacity":"","overlay-gradient":""}},"ast-content-background-meta":{"desktop":{"background-color":"var(--ast-global-color-4)","background-image":"","background-repeat":"repeat","background-position":"center center","background-size":"auto","background-attachment":"scroll","background-type":"","background-media":"","overlay-type":"","overlay-color":"","overlay-opacity":"","overlay-gradient":""},"tablet":{"background-color":"var(--ast-global-color-4)","background-image":"","background-repeat":"repeat","background-position":"center center","background-size":"auto","background-attachment":"scroll","background-type":"","background-media":"","overlay-type":"","overlay-color":"","overlay-opacity":"","overlay-gradient":""},"mobile":{"background-color":"var(--ast-global-color-4)","background-image":"","background-repeat":"repeat","background-position":"center center","background-size":"auto","background-attachment":"scroll","background-type":"","background-media":"","overlay-type":"","overlay-color":"","overlay-opacity":"","overlay-gradient":""}},"footnotes":""},"class_list":["post-1238","page","type-page","status-publish","has-post-thumbnail","hentry"],"featured_image_src":"https:\/\/spanishcastlemoviemagic.com\/es\/wp-content\/uploads\/sites\/3\/2019\/09\/Los-Cogotas-avila.jpg","featured_image_src_square":"https:\/\/spanishcastlemoviemagic.com\/es\/wp-content\/uploads\/sites\/3\/2019\/09\/Los-Cogotas-avila.jpg","uagb_featured_image_src":{"full":["https:\/\/spanishcastlemoviemagic.com\/es\/wp-content\/uploads\/sites\/3\/2019\/09\/Los-Cogotas-avila.jpg",2000,1021,false],"thumbnail":["https:\/\/spanishcastlemoviemagic.com\/es\/wp-content\/uploads\/sites\/3\/2019\/09\/Los-Cogotas-avila-150x150.jpg",150,150,true],"medium":["https:\/\/spanishcastlemoviemagic.com\/es\/wp-content\/uploads\/sites\/3\/2019\/09\/Los-Cogotas-avila-300x153.jpg",300,153,true],"medium_large":["https:\/\/spanishcastlemoviemagic.com\/es\/wp-content\/uploads\/sites\/3\/2019\/09\/Los-Cogotas-avila-768x392.jpg",768,392,true],"large":["https:\/\/spanishcastlemoviemagic.com\/es\/wp-content\/uploads\/sites\/3\/2019\/09\/Los-Cogotas-avila-1024x523.jpg",1024,523,true],"1536x1536":["https:\/\/spanishcastlemoviemagic.com\/es\/wp-content\/uploads\/sites\/3\/2019\/09\/Los-Cogotas-avila.jpg",1536,784,false],"2048x2048":["https:\/\/spanishcastlemoviemagic.com\/es\/wp-content\/uploads\/sites\/3\/2019\/09\/Los-Cogotas-avila.jpg",2000,1021,false],"ab-block-post-grid-landscape":["https:\/\/spanishcastlemoviemagic.com\/es\/wp-content\/uploads\/sites\/3\/2019\/09\/Los-Cogotas-avila.jpg",600,306,false],"ab-block-post-grid-square":["https:\/\/spanishcastlemoviemagic.com\/es\/wp-content\/uploads\/sites\/3\/2019\/09\/Los-Cogotas-avila.jpg",600,306,false]},"uagb_author_info":{"display_name":"admin","author_link":"https:\/\/spanishcastlemoviemagic.com\/es\/blog\/author\/cas-eggermontme-com\/"},"uagb_comment_info":0,"uagb_excerpt":"&#8220;La Tierra Santa es f\u00e1cil de encontrar; vaya a donde los hombres hablan italiano, y luego contin\u00fae hasta que hablen [&hellip;]","_links":{"self":[{"href":"https:\/\/spanishcastlemoviemagic.com\/es\/wp-json\/wp\/v2\/pages\/1238","targetHints":{"allow":["GET"]}}],"collection":[{"href":"https:\/\/spanishcastlemoviemagic.com\/es\/wp-json\/wp\/v2\/pages"}],"about":[{"href":"https:\/\/spanishcastlemoviemagic.com\/es\/wp-json\/wp\/v2\/types\/page"}],"author":[{"embeddable":true,"href":"https:\/\/spanishcastlemoviemagic.com\/es\/wp-json\/wp\/v2\/users\/1"}],"replies":[{"embeddable":true,"href":"https:\/\/spanishcastlemoviemagic.com\/es\/wp-json\/wp\/v2\/comments?post=1238"}],"version-history":[{"count":8,"href":"https:\/\/spanishcastlemoviemagic.com\/es\/wp-json\/wp\/v2\/pages\/1238\/revisions"}],"predecessor-version":[{"id":3997,"href":"https:\/\/spanishcastlemoviemagic.com\/es\/wp-json\/wp\/v2\/pages\/1238\/revisions\/3997"}],"wp:featuredmedia":[{"embeddable":true,"href":"https:\/\/spanishcastlemoviemagic.com\/es\/wp-json\/wp\/v2\/media\/1147"}],"wp:attachment":[{"href":"https:\/\/spanishcastlemoviemagic.com\/es\/wp-json\/wp\/v2\/media?parent=1238"}],"curies":[{"name":"wp","href":"https:\/\/api.w.org\/{rel}","templated":true}]}}