{"id":1194,"date":"2019-09-07T11:04:22","date_gmt":"2019-09-07T11:04:22","guid":{"rendered":"https:\/\/spanishcastlemoviemagic.com\/es\/?page_id=1194"},"modified":"2019-09-26T06:41:43","modified_gmt":"2019-09-26T06:41:43","slug":"soria","status":"publish","type":"page","link":"https:\/\/spanishcastlemoviemagic.com\/es\/soria\/","title":{"rendered":"Soria"},"content":{"rendered":"<div id=\"portfolio-1\" class=\"portfolio-cards-section\" style=\"background-color: #ffffff;\" data-label=\"Portfolio\" data-id=\"portfolio-cards-section\" data-category=\"portfolio\">\n<div class=\"gridContainer\">\n<div class=\"portfolio-cards-textcol dynamic-color\" data-type=\"column\">\n<h2 class=\"\" style=\"text-align: left;\">Berlanga de Duero<\/h2>\n<p class=\"\" style=\"text-align: left;\">El estudiante de historia Roberto de Pablo nos mostr\u00f3 el castillo y las murallas del sur donde se rodaron las escenas de los Mosqueteros.<\/p>\n<p class=\"\" style=\"text-align: left;\">El padre de Roberto, Jes\u00fas, que dirige el Hotel Villa de Berlanga, fue uno de los extras que gan\u00f3 150 pesetas al d\u00eda para contraatacar a los Mosqueteros.<\/p>\n<p style=\"text-align: left;\">El castillo es un mosaico de piezas anteriores de diferentes \u00e9pocas.<\/p>\n<p style=\"text-align: left;\">El castillo \u00e1rabe fue tomado por las fuerzas cristianas en 1059, y en el siglo XVI se convirti\u00f3 en un palacio con jardines.<\/p>\n<p style=\"text-align: left;\">Durante la visita del rey Felipe IV, el gran disparo de ca\u00f1ones en su honor provoc\u00f3 un incendio en el castillo, mientras que, m\u00e1s deliberadamente, el general napole\u00f3nico Dur\u00e1n, que hizo del castillo su cuartel general, quem\u00f3 los archivos y muchos de los edificios.<\/p>\n<p style=\"text-align: left;\">En el a\u00f1o 2000 el Ayuntamiento inici\u00f3 el proceso de compra del castillo a sus diferentes propietarios, y ahora est\u00e1 abierto a los visitantes, y libre de rebeldes protestantes.<\/p>\n<\/div>\n<div class=\"portfolio-cards-projectsro dark-text\" data-type=\"row\">\n<div class=\"portfolio-cards-projectcol cp4cols cp6cols-tablet\">\n<div class=\"portfolio-cards-projectcard\">\n<div id=\"ContentSwap104\" class=\"contentswap-effect ContentSwap104\">\n<div class=\"ContentSwap104_content initial-image\"><img decoding=\"async\" class=\"portfolio-cards-projectimg\" src=\"https:\/\/spanishcastlemoviemagic.com\/es\/wp-content\/uploads\/sites\/3\/2019\/09\/cropped-Berlanga-de-Duero-soria-s-2.jpg\" data-size=\"1200x800\" \/><\/div>\n<div class=\"overlay\" style=\"display: block; opacity: 1;\"><\/div>\n<div class=\"swap-inner\" style=\"opacity: 1; display: block;\">\n<div class=\"ContentSwap104-center\"><\/div>\n<\/div>\n<\/div>\n<div class=\"portfolio-cards-projectinfo\">\n<div class=\"portfolio-cards-projnamecol\" data-type=\"column\">\n<h4 class=\"portfolio-cards-projtitle\"><a href=\"https:\/\/spanishcastlemoviemagic.com\/es\/the-castilian-1963-soria\/\">The Castilian (1963)<\/a><\/h4>\n<\/div>\n<\/div>\n<\/div>\n<\/div>\n<div class=\"portfolio-cards-projectcol cp4cols cp6cols-tablet\">\n<div class=\"portfolio-cards-projectcard\">\n<div id=\"ContentSwap104\" class=\"contentswap-effect ContentSwap104\">\n<div class=\"ContentSwap104_content initial-image\"><img decoding=\"async\" class=\"portfolio-cards-projectimg\" src=\"https:\/\/spanishcastlemoviemagic.com\/es\/wp-content\/uploads\/sites\/3\/2019\/09\/cropped-Berlanga-de-Duero-soria-s-3.jpg\" data-size=\"1200x800\" \/><\/div>\n<div class=\"overlay\" style=\"display: block; opacity: 1;\"><\/div>\n<div class=\"swap-inner\" style=\"opacity: 1; display: block;\">\n<div class=\"ContentSwap104-center\"><\/div>\n<\/div>\n<\/div>\n<div class=\"portfolio-cards-projectinfo\">\n<div class=\"portfolio-cards-projnamecol\" data-type=\"column\">\n<h4 class=\"portfolio-cards-projtitle\"><a href=\"https:\/\/spanishcastlemoviemagic.com\/es\/the-four-musketeers-soria\/\">The Four Musketeers (1973)<\/a><\/h4>\n<\/div>\n<\/div>\n<\/div>\n<\/div>\n<\/div>\n<\/div>\n<\/div>\n","protected":false},"excerpt":{"rendered":"<p>Berlanga de Duero El estudiante de historia Roberto de Pablo nos mostr\u00f3 el castillo y las murallas del sur donde [&hellip;]<\/p>\n","protected":false},"author":1,"featured_media":1158,"parent":0,"menu_order":0,"comment_status":"closed","ping_status":"closed","template":"full-width-page.php","meta":{"_uag_custom_page_level_css":"","site-sidebar-layout":"default","site-content-layout":"","ast-site-content-layout":"default","site-content-style":"default","site-sidebar-style":"default","ast-global-header-display":"","ast-banner-title-visibility":"","ast-main-header-display":"","ast-hfb-above-header-display":"","ast-hfb-below-header-display":"","ast-hfb-mobile-header-display":"","site-post-title":"","ast-breadcrumbs-content":"","ast-featured-img":"","footer-sml-layout":"","ast-disable-related-posts":"","theme-transparent-header-meta":"","adv-header-id-meta":"","stick-header-meta":"","header-above-stick-meta":"","header-main-stick-meta":"","header-below-stick-meta":"","astra-migrate-meta-layouts":"default","ast-page-background-enabled":"default","ast-page-background-meta":{"desktop":{"background-color":"var(--ast-global-color-5)","background-image":"","background-repeat":"repeat","background-position":"center center","background-size":"auto","background-attachment":"scroll","background-type":"","background-media":"","overlay-type":"","overlay-color":"","overlay-opacity":"","overlay-gradient":""},"tablet":{"background-color":"","background-image":"","background-repeat":"repeat","background-position":"center center","background-size":"auto","background-attachment":"scroll","background-type":"","background-media":"","overlay-type":"","overlay-color":"","overlay-opacity":"","overlay-gradient":""},"mobile":{"background-color":"","background-image":"","background-repeat":"repeat","background-position":"center center","background-size":"auto","background-attachment":"scroll","background-type":"","background-media":"","overlay-type":"","overlay-color":"","overlay-opacity":"","overlay-gradient":""}},"ast-content-background-meta":{"desktop":{"background-color":"var(--ast-global-color-4)","background-image":"","background-repeat":"repeat","background-position":"center center","background-size":"auto","background-attachment":"scroll","background-type":"","background-media":"","overlay-type":"","overlay-color":"","overlay-opacity":"","overlay-gradient":""},"tablet":{"background-color":"var(--ast-global-color-4)","background-image":"","background-repeat":"repeat","background-position":"center center","background-size":"auto","background-attachment":"scroll","background-type":"","background-media":"","overlay-type":"","overlay-color":"","overlay-opacity":"","overlay-gradient":""},"mobile":{"background-color":"var(--ast-global-color-4)","background-image":"","background-repeat":"repeat","background-position":"center center","background-size":"auto","background-attachment":"scroll","background-type":"","background-media":"","overlay-type":"","overlay-color":"","overlay-opacity":"","overlay-gradient":""}},"footnotes":""},"class_list":["post-1194","page","type-page","status-publish","has-post-thumbnail","hentry"],"featured_image_src":"https:\/\/spanishcastlemoviemagic.com\/es\/wp-content\/uploads\/sites\/3\/2019\/09\/Berlanga-de-Duero-soria-s.jpg","featured_image_src_square":"https:\/\/spanishcastlemoviemagic.com\/es\/wp-content\/uploads\/sites\/3\/2019\/09\/Berlanga-de-Duero-soria-s.jpg","uagb_featured_image_src":{"full":["https:\/\/spanishcastlemoviemagic.com\/es\/wp-content\/uploads\/sites\/3\/2019\/09\/Berlanga-de-Duero-soria-s.jpg",2000,1314,false],"thumbnail":["https:\/\/spanishcastlemoviemagic.com\/es\/wp-content\/uploads\/sites\/3\/2019\/09\/Berlanga-de-Duero-soria-s-150x150.jpg",150,150,true],"medium":["https:\/\/spanishcastlemoviemagic.com\/es\/wp-content\/uploads\/sites\/3\/2019\/09\/Berlanga-de-Duero-soria-s-300x197.jpg",300,197,true],"medium_large":["https:\/\/spanishcastlemoviemagic.com\/es\/wp-content\/uploads\/sites\/3\/2019\/09\/Berlanga-de-Duero-soria-s-768x505.jpg",768,505,true],"large":["https:\/\/spanishcastlemoviemagic.com\/es\/wp-content\/uploads\/sites\/3\/2019\/09\/Berlanga-de-Duero-soria-s-1024x673.jpg",1024,673,true],"1536x1536":["https:\/\/spanishcastlemoviemagic.com\/es\/wp-content\/uploads\/sites\/3\/2019\/09\/Berlanga-de-Duero-soria-s.jpg",1536,1009,false],"2048x2048":["https:\/\/spanishcastlemoviemagic.com\/es\/wp-content\/uploads\/sites\/3\/2019\/09\/Berlanga-de-Duero-soria-s.jpg",2000,1314,false],"ab-block-post-grid-landscape":["https:\/\/spanishcastlemoviemagic.com\/es\/wp-content\/uploads\/sites\/3\/2019\/09\/Berlanga-de-Duero-soria-s.jpg",600,394,false],"ab-block-post-grid-square":["https:\/\/spanishcastlemoviemagic.com\/es\/wp-content\/uploads\/sites\/3\/2019\/09\/Berlanga-de-Duero-soria-s.jpg",600,394,false]},"uagb_author_info":{"display_name":"admin","author_link":"https:\/\/spanishcastlemoviemagic.com\/es\/blog\/author\/cas-eggermontme-com\/"},"uagb_comment_info":0,"uagb_excerpt":"Berlanga de Duero El estudiante de historia Roberto de Pablo nos mostr\u00f3 el castillo y las murallas del sur donde [&hellip;]","_links":{"self":[{"href":"https:\/\/spanishcastlemoviemagic.com\/es\/wp-json\/wp\/v2\/pages\/1194","targetHints":{"allow":["GET"]}}],"collection":[{"href":"https:\/\/spanishcastlemoviemagic.com\/es\/wp-json\/wp\/v2\/pages"}],"about":[{"href":"https:\/\/spanishcastlemoviemagic.com\/es\/wp-json\/wp\/v2\/types\/page"}],"author":[{"embeddable":true,"href":"https:\/\/spanishcastlemoviemagic.com\/es\/wp-json\/wp\/v2\/users\/1"}],"replies":[{"embeddable":true,"href":"https:\/\/spanishcastlemoviemagic.com\/es\/wp-json\/wp\/v2\/comments?post=1194"}],"version-history":[{"count":7,"href":"https:\/\/spanishcastlemoviemagic.com\/es\/wp-json\/wp\/v2\/pages\/1194\/revisions"}],"predecessor-version":[{"id":4159,"href":"https:\/\/spanishcastlemoviemagic.com\/es\/wp-json\/wp\/v2\/pages\/1194\/revisions\/4159"}],"wp:featuredmedia":[{"embeddable":true,"href":"https:\/\/spanishcastlemoviemagic.com\/es\/wp-json\/wp\/v2\/media\/1158"}],"wp:attachment":[{"href":"https:\/\/spanishcastlemoviemagic.com\/es\/wp-json\/wp\/v2\/media?parent=1194"}],"curies":[{"name":"wp","href":"https:\/\/api.w.org\/{rel}","templated":true}]}}