{"id":1107,"date":"2019-09-06T18:44:43","date_gmt":"2019-09-06T18:44:43","guid":{"rendered":"https:\/\/spanishcastlemoviemagic.com\/es\/?page_id=1107"},"modified":"2019-09-23T11:00:51","modified_gmt":"2019-09-23T11:00:51","slug":"read-more-almonacid","status":"publish","type":"page","link":"https:\/\/spanishcastlemoviemagic.com\/es\/read-more-almonacid\/","title":{"rendered":"Read more Almonacid"},"content":{"rendered":"<div data-label=\"About us\" data-id=\"about-image-section-pro\" data-category=\"about\" class=\"about-image-section-pro\" id=\"about-us-2\"  style=\"background-color: rgb(255, 255, 255);\">\n<div class=\"gridContainer\" >\n<div class=\"row about-image-gridcol-pro\" >\n<div class=\"about-image-textcol-pro\" data-type=\"column\" >\n<p class=\"\" >A finales del siglo XIV, el rey Juan I de Castilla la utiliz\u00f3 como prisi\u00f3n durante 8 a\u00f1os para el pr\u00edncipe Alfonso, hasta que el primero muri\u00f3 prematuramente, como un buen rey, al caer de su caballo.<br ><br \/>\nEn 1809, durante la Guerra de la Independencia, tuvo lugar en las cercan\u00edas una batalla entre los espa\u00f1oles del general Venegas y las fuerzas francesas lideradas por S\u00e9bastiani y Jos\u00e9 Bonaparte, hermano de Napole\u00f3n. Como resultado, el castillo fue tomado por los franceses y parcialmente destruido.<\/p>\n<\/p><\/div>\n<div data-type=\"column\" class=\"\" >  <\/div>\n<\/p><\/div>\n<\/p><\/div>\n<\/p><\/div>\n","protected":false},"excerpt":{"rendered":"<p>A finales del siglo XIV, el rey Juan I de Castilla la utiliz\u00f3 como prisi\u00f3n durante 8 a\u00f1os para el [&hellip;]<\/p>\n","protected":false},"author":1,"featured_media":977,"parent":0,"menu_order":0,"comment_status":"closed","ping_status":"closed","template":"full-width-page.php","meta":{"_uag_custom_page_level_css":"","site-sidebar-layout":"default","site-content-layout":"","ast-site-content-layout":"default","site-content-style":"default","site-sidebar-style":"default","ast-global-header-display":"","ast-banner-title-visibility":"","ast-main-header-display":"","ast-hfb-above-header-display":"","ast-hfb-below-header-display":"","ast-hfb-mobile-header-display":"","site-post-title":"","ast-breadcrumbs-content":"","ast-featured-img":"","footer-sml-layout":"","ast-disable-related-posts":"","theme-transparent-header-meta":"","adv-header-id-meta":"","stick-header-meta":"","header-above-stick-meta":"","header-main-stick-meta":"","header-below-stick-meta":"","astra-migrate-meta-layouts":"default","ast-page-background-enabled":"default","ast-page-background-meta":{"desktop":{"background-color":"var(--ast-global-color-5)","background-image":"","background-repeat":"repeat","background-position":"center center","background-size":"auto","background-attachment":"scroll","background-type":"","background-media":"","overlay-type":"","overlay-color":"","overlay-opacity":"","overlay-gradient":""},"tablet":{"background-color":"","background-image":"","background-repeat":"repeat","background-position":"center center","background-size":"auto","background-attachment":"scroll","background-type":"","background-media":"","overlay-type":"","overlay-color":"","overlay-opacity":"","overlay-gradient":""},"mobile":{"background-color":"","background-image":"","background-repeat":"repeat","background-position":"center center","background-size":"auto","background-attachment":"scroll","background-type":"","background-media":"","overlay-type":"","overlay-color":"","overlay-opacity":"","overlay-gradient":""}},"ast-content-background-meta":{"desktop":{"background-color":"var(--ast-global-color-4)","background-image":"","background-repeat":"repeat","background-position":"center center","background-size":"auto","background-attachment":"scroll","background-type":"","background-media":"","overlay-type":"","overlay-color":"","overlay-opacity":"","overlay-gradient":""},"tablet":{"background-color":"var(--ast-global-color-4)","background-image":"","background-repeat":"repeat","background-position":"center center","background-size":"auto","background-attachment":"scroll","background-type":"","background-media":"","overlay-type":"","overlay-color":"","overlay-opacity":"","overlay-gradient":""},"mobile":{"background-color":"var(--ast-global-color-4)","background-image":"","background-repeat":"repeat","background-position":"center center","background-size":"auto","background-attachment":"scroll","background-type":"","background-media":"","overlay-type":"","overlay-color":"","overlay-opacity":"","overlay-gradient":""}},"footnotes":""},"class_list":["post-1107","page","type-page","status-publish","has-post-thumbnail","hentry"],"featured_image_src":"https:\/\/spanishcastlemoviemagic.com\/es\/wp-content\/uploads\/sites\/3\/2019\/09\/Almonacid-Toledo-s.jpg","featured_image_src_square":"https:\/\/spanishcastlemoviemagic.com\/es\/wp-content\/uploads\/sites\/3\/2019\/09\/Almonacid-Toledo-s.jpg","uagb_featured_image_src":{"full":["https:\/\/spanishcastlemoviemagic.com\/es\/wp-content\/uploads\/sites\/3\/2019\/09\/Almonacid-Toledo-s.jpg",2000,1500,false],"thumbnail":["https:\/\/spanishcastlemoviemagic.com\/es\/wp-content\/uploads\/sites\/3\/2019\/09\/Almonacid-Toledo-s-150x150.jpg",150,150,true],"medium":["https:\/\/spanishcastlemoviemagic.com\/es\/wp-content\/uploads\/sites\/3\/2019\/09\/Almonacid-Toledo-s-300x225.jpg",300,225,true],"medium_large":["https:\/\/spanishcastlemoviemagic.com\/es\/wp-content\/uploads\/sites\/3\/2019\/09\/Almonacid-Toledo-s-768x576.jpg",768,576,true],"large":["https:\/\/spanishcastlemoviemagic.com\/es\/wp-content\/uploads\/sites\/3\/2019\/09\/Almonacid-Toledo-s-1024x768.jpg",1024,768,true],"1536x1536":["https:\/\/spanishcastlemoviemagic.com\/es\/wp-content\/uploads\/sites\/3\/2019\/09\/Almonacid-Toledo-s.jpg",1536,1152,false],"2048x2048":["https:\/\/spanishcastlemoviemagic.com\/es\/wp-content\/uploads\/sites\/3\/2019\/09\/Almonacid-Toledo-s.jpg",2000,1500,false],"ab-block-post-grid-landscape":["https:\/\/spanishcastlemoviemagic.com\/es\/wp-content\/uploads\/sites\/3\/2019\/09\/Almonacid-Toledo-s.jpg",533,400,false],"ab-block-post-grid-square":["https:\/\/spanishcastlemoviemagic.com\/es\/wp-content\/uploads\/sites\/3\/2019\/09\/Almonacid-Toledo-s.jpg",600,450,false]},"uagb_author_info":{"display_name":"admin","author_link":"https:\/\/spanishcastlemoviemagic.com\/es\/blog\/author\/cas-eggermontme-com\/"},"uagb_comment_info":0,"uagb_excerpt":"A finales del siglo XIV, el rey Juan I de Castilla la utiliz\u00f3 como prisi\u00f3n durante 8 a\u00f1os para el [&hellip;]","_links":{"self":[{"href":"https:\/\/spanishcastlemoviemagic.com\/es\/wp-json\/wp\/v2\/pages\/1107","targetHints":{"allow":["GET"]}}],"collection":[{"href":"https:\/\/spanishcastlemoviemagic.com\/es\/wp-json\/wp\/v2\/pages"}],"about":[{"href":"https:\/\/spanishcastlemoviemagic.com\/es\/wp-json\/wp\/v2\/types\/page"}],"author":[{"embeddable":true,"href":"https:\/\/spanishcastlemoviemagic.com\/es\/wp-json\/wp\/v2\/users\/1"}],"replies":[{"embeddable":true,"href":"https:\/\/spanishcastlemoviemagic.com\/es\/wp-json\/wp\/v2\/comments?post=1107"}],"version-history":[{"count":4,"href":"https:\/\/spanishcastlemoviemagic.com\/es\/wp-json\/wp\/v2\/pages\/1107\/revisions"}],"predecessor-version":[{"id":3610,"href":"https:\/\/spanishcastlemoviemagic.com\/es\/wp-json\/wp\/v2\/pages\/1107\/revisions\/3610"}],"wp:featuredmedia":[{"embeddable":true,"href":"https:\/\/spanishcastlemoviemagic.com\/es\/wp-json\/wp\/v2\/media\/977"}],"wp:attachment":[{"href":"https:\/\/spanishcastlemoviemagic.com\/es\/wp-json\/wp\/v2\/media?parent=1107"}],"curies":[{"name":"wp","href":"https:\/\/api.w.org\/{rel}","templated":true}]}}