{"id":1048,"date":"2019-09-06T17:45:55","date_gmt":"2019-09-06T17:45:55","guid":{"rendered":"https:\/\/spanishcastlemoviemagic.com\/es\/?page_id=1048"},"modified":"2019-09-23T12:31:59","modified_gmt":"2019-09-23T12:31:59","slug":"the-return-of-the-musketeers-1989","status":"publish","type":"page","link":"https:\/\/spanishcastlemoviemagic.com\/es\/the-return-of-the-musketeers-1989\/","title":{"rendered":"The Return of the Musketeers (1989)"},"content":{"rendered":"\n<p>Visto\ndesde otro \u00e1ngulo, el palacio de Frank Finlay (Porthos) se parece mucho al de\nVersalles en The Three Musketeers, y es de hecho el palacio de La Granja cerca\nde Segovia una vez m\u00e1s, esta vez con Finlay divirti\u00e9ndose en un peque\u00f1o paseo.<\/p>\n\n\n\n<p>El\nmismo lugar se utiliza para la escena en la que la reina, Geraldine Chaplin,\nest\u00e1 jugando en un peque\u00f1o carro tirado por cabras.<\/p>\n\n\n\n<p>Al\nprincipio, cuando Aramis es rescatado de un molino de viento, donde ha sido\natrapado de nuevo con los pantalones bajados, el palacio de El Escorial, cerca\nde Madrid, es f\u00e1cilmente reconocible en el fondo mientras se escapa.<\/p>\n\n\n\n<p>En\notro punto, la ciudad de Toledo es claramente reconocible en el fondo, dominado\npor el Alc\u00e1zar, mientras los mosqueteros cabalgan para hacer justicia.<\/p>\n\n\n\n<p>La\npel\u00edcula est\u00e1 dedicada a Roy Kinnear, que el 19 de septiembre de 1988 se cay\u00f3\nde un caballo en un puente en Toledo, rompi\u00e9ndose la pelvis. Fue llevado al\nhospital de Madrid y muri\u00f3 de un infarto al d\u00eda siguiente. Richard Lester se\nvio muy afectado y pr\u00e1cticamente abandon\u00f3 su propia carrera cinematogr\u00e1fica\ncomo resultado directo de la muerte de Kinnear.<\/p>\n","protected":false},"excerpt":{"rendered":"<p>Visto desde otro \u00e1ngulo, el palacio de Frank Finlay (Porthos) se parece mucho al de Versalles en The Three Musketeers, [&hellip;]<\/p>\n","protected":false},"author":1,"featured_media":848,"parent":0,"menu_order":0,"comment_status":"closed","ping_status":"closed","template":"","meta":{"_uag_custom_page_level_css":"","site-sidebar-layout":"default","site-content-layout":"","ast-site-content-layout":"default","site-content-style":"default","site-sidebar-style":"default","ast-global-header-display":"","ast-banner-title-visibility":"","ast-main-header-display":"","ast-hfb-above-header-display":"","ast-hfb-below-header-display":"","ast-hfb-mobile-header-display":"","site-post-title":"","ast-breadcrumbs-content":"","ast-featured-img":"","footer-sml-layout":"","ast-disable-related-posts":"","theme-transparent-header-meta":"","adv-header-id-meta":"","stick-header-meta":"","header-above-stick-meta":"","header-main-stick-meta":"","header-below-stick-meta":"","astra-migrate-meta-layouts":"default","ast-page-background-enabled":"default","ast-page-background-meta":{"desktop":{"background-color":"var(--ast-global-color-5)","background-image":"","background-repeat":"repeat","background-position":"center center","background-size":"auto","background-attachment":"scroll","background-type":"","background-media":"","overlay-type":"","overlay-color":"","overlay-opacity":"","overlay-gradient":""},"tablet":{"background-color":"","background-image":"","background-repeat":"repeat","background-position":"center center","background-size":"auto","background-attachment":"scroll","background-type":"","background-media":"","overlay-type":"","overlay-color":"","overlay-opacity":"","overlay-gradient":""},"mobile":{"background-color":"","background-image":"","background-repeat":"repeat","background-position":"center center","background-size":"auto","background-attachment":"scroll","background-type":"","background-media":"","overlay-type":"","overlay-color":"","overlay-opacity":"","overlay-gradient":""}},"ast-content-background-meta":{"desktop":{"background-color":"var(--ast-global-color-4)","background-image":"","background-repeat":"repeat","background-position":"center center","background-size":"auto","background-attachment":"scroll","background-type":"","background-media":"","overlay-type":"","overlay-color":"","overlay-opacity":"","overlay-gradient":""},"tablet":{"background-color":"var(--ast-global-color-4)","background-image":"","background-repeat":"repeat","background-position":"center center","background-size":"auto","background-attachment":"scroll","background-type":"","background-media":"","overlay-type":"","overlay-color":"","overlay-opacity":"","overlay-gradient":""},"mobile":{"background-color":"var(--ast-global-color-4)","background-image":"","background-repeat":"repeat","background-position":"center center","background-size":"auto","background-attachment":"scroll","background-type":"","background-media":"","overlay-type":"","overlay-color":"","overlay-opacity":"","overlay-gradient":""}},"footnotes":""},"class_list":["post-1048","page","type-page","status-publish","has-post-thumbnail","hentry"],"featured_image_src":"https:\/\/spanishcastlemoviemagic.com\/es\/wp-content\/uploads\/sites\/3\/2019\/09\/Alcazar-Toledo-s.jpg","featured_image_src_square":"https:\/\/spanishcastlemoviemagic.com\/es\/wp-content\/uploads\/sites\/3\/2019\/09\/Alcazar-Toledo-s.jpg","uagb_featured_image_src":{"full":["https:\/\/spanishcastlemoviemagic.com\/es\/wp-content\/uploads\/sites\/3\/2019\/09\/Alcazar-Toledo-s.jpg",2000,1001,false],"thumbnail":["https:\/\/spanishcastlemoviemagic.com\/es\/wp-content\/uploads\/sites\/3\/2019\/09\/Alcazar-Toledo-s-150x150.jpg",150,150,true],"medium":["https:\/\/spanishcastlemoviemagic.com\/es\/wp-content\/uploads\/sites\/3\/2019\/09\/Alcazar-Toledo-s-300x150.jpg",300,150,true],"medium_large":["https:\/\/spanishcastlemoviemagic.com\/es\/wp-content\/uploads\/sites\/3\/2019\/09\/Alcazar-Toledo-s-768x384.jpg",768,384,true],"large":["https:\/\/spanishcastlemoviemagic.com\/es\/wp-content\/uploads\/sites\/3\/2019\/09\/Alcazar-Toledo-s-1024x513.jpg",1024,513,true],"1536x1536":["https:\/\/spanishcastlemoviemagic.com\/es\/wp-content\/uploads\/sites\/3\/2019\/09\/Alcazar-Toledo-s.jpg",1536,769,false],"2048x2048":["https:\/\/spanishcastlemoviemagic.com\/es\/wp-content\/uploads\/sites\/3\/2019\/09\/Alcazar-Toledo-s.jpg",2000,1001,false],"ab-block-post-grid-landscape":["https:\/\/spanishcastlemoviemagic.com\/es\/wp-content\/uploads\/sites\/3\/2019\/09\/Alcazar-Toledo-s.jpg",600,300,false],"ab-block-post-grid-square":["https:\/\/spanishcastlemoviemagic.com\/es\/wp-content\/uploads\/sites\/3\/2019\/09\/Alcazar-Toledo-s.jpg",600,300,false]},"uagb_author_info":{"display_name":"admin","author_link":"https:\/\/spanishcastlemoviemagic.com\/es\/blog\/author\/cas-eggermontme-com\/"},"uagb_comment_info":0,"uagb_excerpt":"Visto desde otro \u00e1ngulo, el palacio de Frank Finlay (Porthos) se parece mucho al de Versalles en The Three Musketeers, [&hellip;]","_links":{"self":[{"href":"https:\/\/spanishcastlemoviemagic.com\/es\/wp-json\/wp\/v2\/pages\/1048","targetHints":{"allow":["GET"]}}],"collection":[{"href":"https:\/\/spanishcastlemoviemagic.com\/es\/wp-json\/wp\/v2\/pages"}],"about":[{"href":"https:\/\/spanishcastlemoviemagic.com\/es\/wp-json\/wp\/v2\/types\/page"}],"author":[{"embeddable":true,"href":"https:\/\/spanishcastlemoviemagic.com\/es\/wp-json\/wp\/v2\/users\/1"}],"replies":[{"embeddable":true,"href":"https:\/\/spanishcastlemoviemagic.com\/es\/wp-json\/wp\/v2\/comments?post=1048"}],"version-history":[{"count":3,"href":"https:\/\/spanishcastlemoviemagic.com\/es\/wp-json\/wp\/v2\/pages\/1048\/revisions"}],"predecessor-version":[{"id":3642,"href":"https:\/\/spanishcastlemoviemagic.com\/es\/wp-json\/wp\/v2\/pages\/1048\/revisions\/3642"}],"wp:featuredmedia":[{"embeddable":true,"href":"https:\/\/spanishcastlemoviemagic.com\/es\/wp-json\/wp\/v2\/media\/848"}],"wp:attachment":[{"href":"https:\/\/spanishcastlemoviemagic.com\/es\/wp-json\/wp\/v2\/media?parent=1048"}],"curies":[{"name":"wp","href":"https:\/\/api.w.org\/{rel}","templated":true}]}}