{"id":1044,"date":"2019-09-06T17:44:36","date_gmt":"2019-09-06T17:44:36","guid":{"rendered":"https:\/\/spanishcastlemoviemagic.com\/es\/?page_id=1044"},"modified":"2021-05-31T13:16:31","modified_gmt":"2021-05-31T13:16:31","slug":"a-funny-thing-happened-on-the-way-to-the-forum-1966","status":"publish","type":"page","link":"https:\/\/spanishcastlemoviemagic.com\/es\/a-funny-thing-happened-on-the-way-to-the-forum-1966\/","title":{"rendered":"A Funny thing Happened on the Way to the Forum (1966)"},"content":{"rendered":"\n<p>Las\n&#8216;ruinas&#8217; de los decorados de &#8216;La Ca\u00edda del Imperio Romano&#8217;, de Samuel Bronston,\nsegu\u00edan en Las Matas, cerca de Madrid, lo que permiti\u00f3 a Richard Lester realizar\nesta extra\u00f1a comedia musical romana. Parece anticuada hoy, pero es, sin\nembargo, la \u00faltima pel\u00edcula de Buster Keaton, que se estaba muriendo de c\u00e1ncer\nen ese momento, pero deseoso de volver a Espa\u00f1a, donde hab\u00eda estado en los a\u00f1os\ntreinta.<\/p>\n\n\n\n<p>En\nuna escena, Phil Silvers y su esposa van a visitar a su madre, y las\nemblem\u00e1ticas murallas de \u00c1vila se pueden ver claramente en el fondo con un\naspecto muy post-romano.<\/p>\n\n\n\n<p>El\nacueducto romano de Segovia tambi\u00e9n hace una breve aparici\u00f3n durante la canci\u00f3n\n&#8216;Everybody Ought to Have a Maid&#8217;; una canci\u00f3n que seguramente inspir\u00f3 a Neil\nYoung.<\/p>\n\n\n\n<p>Al\nfinal de la ca\u00f3tica persecuci\u00f3n de los carros, mientras el capit\u00e1n romano\nrecoge a todos para llevarlos de vuelta a Roma, se puede ver al fondo un\nvistazo de Toledo y su castillo del Alc\u00e1zar, una vista que Richard Lester\nutilizar\u00eda de nuevo en su Trilog\u00eda de Mosqueteros.<\/p>\n\n\n\n<p>Originalmente\nun musical, la mayor\u00eda de las canciones fueron cortadas de la versi\u00f3n\ncinematogr\u00e1fica, y las que no lo eran deber\u00edan haber sido.<\/p>\n","protected":false},"excerpt":{"rendered":"<p>Las &#8216;ruinas&#8217; de los decorados de &#8216;La Ca\u00edda del Imperio Romano&#8217;, de Samuel Bronston, segu\u00edan en Las Matas, cerca de [&hellip;]<\/p>\n","protected":false},"author":1,"featured_media":976,"parent":0,"menu_order":0,"comment_status":"closed","ping_status":"closed","template":"","meta":{"_uag_custom_page_level_css":"","site-sidebar-layout":"default","site-content-layout":"","ast-site-content-layout":"default","site-content-style":"default","site-sidebar-style":"default","ast-global-header-display":"","ast-banner-title-visibility":"","ast-main-header-display":"","ast-hfb-above-header-display":"","ast-hfb-below-header-display":"","ast-hfb-mobile-header-display":"","site-post-title":"","ast-breadcrumbs-content":"","ast-featured-img":"","footer-sml-layout":"","ast-disable-related-posts":"","theme-transparent-header-meta":"","adv-header-id-meta":"","stick-header-meta":"","header-above-stick-meta":"","header-main-stick-meta":"","header-below-stick-meta":"","astra-migrate-meta-layouts":"default","ast-page-background-enabled":"default","ast-page-background-meta":{"desktop":{"background-color":"var(--ast-global-color-5)","background-image":"","background-repeat":"repeat","background-position":"center center","background-size":"auto","background-attachment":"scroll","background-type":"","background-media":"","overlay-type":"","overlay-color":"","overlay-opacity":"","overlay-gradient":""},"tablet":{"background-color":"","background-image":"","background-repeat":"repeat","background-position":"center center","background-size":"auto","background-attachment":"scroll","background-type":"","background-media":"","overlay-type":"","overlay-color":"","overlay-opacity":"","overlay-gradient":""},"mobile":{"background-color":"","background-image":"","background-repeat":"repeat","background-position":"center center","background-size":"auto","background-attachment":"scroll","background-type":"","background-media":"","overlay-type":"","overlay-color":"","overlay-opacity":"","overlay-gradient":""}},"ast-content-background-meta":{"desktop":{"background-color":"var(--ast-global-color-4)","background-image":"","background-repeat":"repeat","background-position":"center center","background-size":"auto","background-attachment":"scroll","background-type":"","background-media":"","overlay-type":"","overlay-color":"","overlay-opacity":"","overlay-gradient":""},"tablet":{"background-color":"var(--ast-global-color-4)","background-image":"","background-repeat":"repeat","background-position":"center center","background-size":"auto","background-attachment":"scroll","background-type":"","background-media":"","overlay-type":"","overlay-color":"","overlay-opacity":"","overlay-gradient":""},"mobile":{"background-color":"var(--ast-global-color-4)","background-image":"","background-repeat":"repeat","background-position":"center center","background-size":"auto","background-attachment":"scroll","background-type":"","background-media":"","overlay-type":"","overlay-color":"","overlay-opacity":"","overlay-gradient":""}},"footnotes":""},"class_list":["post-1044","page","type-page","status-publish","has-post-thumbnail","hentry"],"featured_image_src":"https:\/\/spanishcastlemoviemagic.com\/es\/wp-content\/uploads\/sites\/3\/2019\/09\/Alcazar-Toledo-s-1.jpg","featured_image_src_square":"https:\/\/spanishcastlemoviemagic.com\/es\/wp-content\/uploads\/sites\/3\/2019\/09\/Alcazar-Toledo-s-1.jpg","uagb_featured_image_src":{"full":["https:\/\/spanishcastlemoviemagic.com\/es\/wp-content\/uploads\/sites\/3\/2019\/09\/Alcazar-Toledo-s-1.jpg",2000,1001,false],"thumbnail":["https:\/\/spanishcastlemoviemagic.com\/es\/wp-content\/uploads\/sites\/3\/2019\/09\/Alcazar-Toledo-s-1-150x150.jpg",150,150,true],"medium":["https:\/\/spanishcastlemoviemagic.com\/es\/wp-content\/uploads\/sites\/3\/2019\/09\/Alcazar-Toledo-s-1-300x150.jpg",300,150,true],"medium_large":["https:\/\/spanishcastlemoviemagic.com\/es\/wp-content\/uploads\/sites\/3\/2019\/09\/Alcazar-Toledo-s-1-768x384.jpg",768,384,true],"large":["https:\/\/spanishcastlemoviemagic.com\/es\/wp-content\/uploads\/sites\/3\/2019\/09\/Alcazar-Toledo-s-1-1024x513.jpg",1024,513,true],"1536x1536":["https:\/\/spanishcastlemoviemagic.com\/es\/wp-content\/uploads\/sites\/3\/2019\/09\/Alcazar-Toledo-s-1.jpg",1536,769,false],"2048x2048":["https:\/\/spanishcastlemoviemagic.com\/es\/wp-content\/uploads\/sites\/3\/2019\/09\/Alcazar-Toledo-s-1.jpg",2000,1001,false],"ab-block-post-grid-landscape":["https:\/\/spanishcastlemoviemagic.com\/es\/wp-content\/uploads\/sites\/3\/2019\/09\/Alcazar-Toledo-s-1.jpg",600,300,false],"ab-block-post-grid-square":["https:\/\/spanishcastlemoviemagic.com\/es\/wp-content\/uploads\/sites\/3\/2019\/09\/Alcazar-Toledo-s-1.jpg",600,300,false]},"uagb_author_info":{"display_name":"admin","author_link":"https:\/\/spanishcastlemoviemagic.com\/es\/blog\/author\/cas-eggermontme-com\/"},"uagb_comment_info":0,"uagb_excerpt":"Las &#8216;ruinas&#8217; de los decorados de &#8216;La Ca\u00edda del Imperio Romano&#8217;, de Samuel Bronston, segu\u00edan en Las Matas, cerca de [&hellip;]","_links":{"self":[{"href":"https:\/\/spanishcastlemoviemagic.com\/es\/wp-json\/wp\/v2\/pages\/1044","targetHints":{"allow":["GET"]}}],"collection":[{"href":"https:\/\/spanishcastlemoviemagic.com\/es\/wp-json\/wp\/v2\/pages"}],"about":[{"href":"https:\/\/spanishcastlemoviemagic.com\/es\/wp-json\/wp\/v2\/types\/page"}],"author":[{"embeddable":true,"href":"https:\/\/spanishcastlemoviemagic.com\/es\/wp-json\/wp\/v2\/users\/1"}],"replies":[{"embeddable":true,"href":"https:\/\/spanishcastlemoviemagic.com\/es\/wp-json\/wp\/v2\/comments?post=1044"}],"version-history":[{"count":2,"href":"https:\/\/spanishcastlemoviemagic.com\/es\/wp-json\/wp\/v2\/pages\/1044\/revisions"}],"predecessor-version":[{"id":3639,"href":"https:\/\/spanishcastlemoviemagic.com\/es\/wp-json\/wp\/v2\/pages\/1044\/revisions\/3639"}],"wp:featuredmedia":[{"embeddable":true,"href":"https:\/\/spanishcastlemoviemagic.com\/es\/wp-json\/wp\/v2\/media\/976"}],"wp:attachment":[{"href":"https:\/\/spanishcastlemoviemagic.com\/es\/wp-json\/wp\/v2\/media?parent=1044"}],"curies":[{"name":"wp","href":"https:\/\/api.w.org\/{rel}","templated":true}]}}