{"id":1039,"date":"2019-09-06T17:42:48","date_gmt":"2019-09-06T17:42:48","guid":{"rendered":"https:\/\/spanishcastlemoviemagic.com\/es\/?page_id=1039"},"modified":"2021-05-31T13:16:32","modified_gmt":"2021-05-31T13:16:32","slug":"circus-world-1964","status":"publish","type":"page","link":"https:\/\/spanishcastlemoviemagic.com\/es\/circus-world-1964\/","title":{"rendered":"Circus World (1964)"},"content":{"rendered":"\n<p>Durante\nmuchos a\u00f1os ha habido apuestas sobre cu\u00e1l era la peor pel\u00edcula que John Wayne\nhaya hecho. Hay una apuesta aparte de ingenieros para determinar en qu\u00e9\npel\u00edcula camina en el \u00e1ngulo m\u00e1s agudo.<\/p>\n\n\n\n<p>Mi\ncandidata para la primera es definitivamente &#8216;Circus World&#8217;, una pel\u00edcula que\ndesaf\u00eda la incredulidad hasta el infinito y m\u00e1s all\u00e1.<\/p>\n\n\n\n<p>Wayne\ninterpreta a un due\u00f1o de circo que decide despu\u00e9s de 15 a\u00f1os ir a Europa en\nbusca del trapecista que lo dej\u00f3 cuando su marido se suicid\u00f3 al enterarse de su\nrelaci\u00f3n con Wayne. (\u00bfQu\u00e9 pas\u00f3 con las historias del Bien contra el Mal como El\n\u00c1lamo?)<\/p>\n\n\n\n<p>Por\nsupuesto que es ir\u00f3nico descubrir a Wayne con el Alc\u00e1zar como tel\u00f3n de fondo,\nya que fue la versi\u00f3n nacionalista del \u00c1lamo durante la Guerra Civil espa\u00f1ola.<\/p>\n\n\n\n<p>La\ntrapecista es Rita Hayworth, que era conocida en las plazas de toros de Espa\u00f1a\npor su apasionado ardor hacia los toreros.<\/p>\n\n\n\n<p>Seguimos\na Wayne a varias ciudades europeas, todas ellas en realidad Espa\u00f1a, hasta que\nfinalmente encuentra a Rita en Chinch\u00f3n, y todos viven felices para siempre.<\/p>\n\n\n\n<p>En\nuna escena en las afueras de Toledo podemos ver a un equilibrista, payasos y un\nelefante ensayando a orillas del r\u00edo Tajo, y a lo lejos las torres del Alc\u00e1zar.<\/p>\n\n\n\n<p>La\nzona es conocida como la Playa de Safont, aunque la playa ha desaparecido y un\nparque ha tomado su lugar.<\/p>\n\n\n\n<p>Wayne\npronuncia lo que puede ser su mejor frase en esta pel\u00edcula: &#8220;Me lavar\u00eda la\ncara, me peinar\u00eda y me har\u00eda lo suficientemente decente como para acercarme a\nesa ni\u00f1a y decirle: &#8216;Soy tu madre'&#8221;. Yo no invent\u00e9 eso.<\/p>\n","protected":false},"excerpt":{"rendered":"<p>Durante muchos a\u00f1os ha habido apuestas sobre cu\u00e1l era la peor pel\u00edcula que John Wayne haya hecho. Hay una apuesta [&hellip;]<\/p>\n","protected":false},"author":1,"featured_media":976,"parent":0,"menu_order":0,"comment_status":"closed","ping_status":"closed","template":"","meta":{"_uag_custom_page_level_css":"","site-sidebar-layout":"default","site-content-layout":"","ast-site-content-layout":"default","site-content-style":"default","site-sidebar-style":"default","ast-global-header-display":"","ast-banner-title-visibility":"","ast-main-header-display":"","ast-hfb-above-header-display":"","ast-hfb-below-header-display":"","ast-hfb-mobile-header-display":"","site-post-title":"","ast-breadcrumbs-content":"","ast-featured-img":"","footer-sml-layout":"","ast-disable-related-posts":"","theme-transparent-header-meta":"","adv-header-id-meta":"","stick-header-meta":"","header-above-stick-meta":"","header-main-stick-meta":"","header-below-stick-meta":"","astra-migrate-meta-layouts":"default","ast-page-background-enabled":"default","ast-page-background-meta":{"desktop":{"background-color":"var(--ast-global-color-5)","background-image":"","background-repeat":"repeat","background-position":"center center","background-size":"auto","background-attachment":"scroll","background-type":"","background-media":"","overlay-type":"","overlay-color":"","overlay-opacity":"","overlay-gradient":""},"tablet":{"background-color":"","background-image":"","background-repeat":"repeat","background-position":"center center","background-size":"auto","background-attachment":"scroll","background-type":"","background-media":"","overlay-type":"","overlay-color":"","overlay-opacity":"","overlay-gradient":""},"mobile":{"background-color":"","background-image":"","background-repeat":"repeat","background-position":"center center","background-size":"auto","background-attachment":"scroll","background-type":"","background-media":"","overlay-type":"","overlay-color":"","overlay-opacity":"","overlay-gradient":""}},"ast-content-background-meta":{"desktop":{"background-color":"var(--ast-global-color-4)","background-image":"","background-repeat":"repeat","background-position":"center center","background-size":"auto","background-attachment":"scroll","background-type":"","background-media":"","overlay-type":"","overlay-color":"","overlay-opacity":"","overlay-gradient":""},"tablet":{"background-color":"var(--ast-global-color-4)","background-image":"","background-repeat":"repeat","background-position":"center center","background-size":"auto","background-attachment":"scroll","background-type":"","background-media":"","overlay-type":"","overlay-color":"","overlay-opacity":"","overlay-gradient":""},"mobile":{"background-color":"var(--ast-global-color-4)","background-image":"","background-repeat":"repeat","background-position":"center center","background-size":"auto","background-attachment":"scroll","background-type":"","background-media":"","overlay-type":"","overlay-color":"","overlay-opacity":"","overlay-gradient":""}},"footnotes":""},"class_list":["post-1039","page","type-page","status-publish","has-post-thumbnail","hentry"],"featured_image_src":"https:\/\/spanishcastlemoviemagic.com\/es\/wp-content\/uploads\/sites\/3\/2019\/09\/Alcazar-Toledo-s-1.jpg","featured_image_src_square":"https:\/\/spanishcastlemoviemagic.com\/es\/wp-content\/uploads\/sites\/3\/2019\/09\/Alcazar-Toledo-s-1.jpg","uagb_featured_image_src":{"full":["https:\/\/spanishcastlemoviemagic.com\/es\/wp-content\/uploads\/sites\/3\/2019\/09\/Alcazar-Toledo-s-1.jpg",2000,1001,false],"thumbnail":["https:\/\/spanishcastlemoviemagic.com\/es\/wp-content\/uploads\/sites\/3\/2019\/09\/Alcazar-Toledo-s-1-150x150.jpg",150,150,true],"medium":["https:\/\/spanishcastlemoviemagic.com\/es\/wp-content\/uploads\/sites\/3\/2019\/09\/Alcazar-Toledo-s-1-300x150.jpg",300,150,true],"medium_large":["https:\/\/spanishcastlemoviemagic.com\/es\/wp-content\/uploads\/sites\/3\/2019\/09\/Alcazar-Toledo-s-1-768x384.jpg",768,384,true],"large":["https:\/\/spanishcastlemoviemagic.com\/es\/wp-content\/uploads\/sites\/3\/2019\/09\/Alcazar-Toledo-s-1-1024x513.jpg",1024,513,true],"1536x1536":["https:\/\/spanishcastlemoviemagic.com\/es\/wp-content\/uploads\/sites\/3\/2019\/09\/Alcazar-Toledo-s-1.jpg",1536,769,false],"2048x2048":["https:\/\/spanishcastlemoviemagic.com\/es\/wp-content\/uploads\/sites\/3\/2019\/09\/Alcazar-Toledo-s-1.jpg",2000,1001,false],"ab-block-post-grid-landscape":["https:\/\/spanishcastlemoviemagic.com\/es\/wp-content\/uploads\/sites\/3\/2019\/09\/Alcazar-Toledo-s-1.jpg",600,300,false],"ab-block-post-grid-square":["https:\/\/spanishcastlemoviemagic.com\/es\/wp-content\/uploads\/sites\/3\/2019\/09\/Alcazar-Toledo-s-1.jpg",600,300,false]},"uagb_author_info":{"display_name":"admin","author_link":"https:\/\/spanishcastlemoviemagic.com\/es\/blog\/author\/cas-eggermontme-com\/"},"uagb_comment_info":0,"uagb_excerpt":"Durante muchos a\u00f1os ha habido apuestas sobre cu\u00e1l era la peor pel\u00edcula que John Wayne haya hecho. Hay una apuesta [&hellip;]","_links":{"self":[{"href":"https:\/\/spanishcastlemoviemagic.com\/es\/wp-json\/wp\/v2\/pages\/1039","targetHints":{"allow":["GET"]}}],"collection":[{"href":"https:\/\/spanishcastlemoviemagic.com\/es\/wp-json\/wp\/v2\/pages"}],"about":[{"href":"https:\/\/spanishcastlemoviemagic.com\/es\/wp-json\/wp\/v2\/types\/page"}],"author":[{"embeddable":true,"href":"https:\/\/spanishcastlemoviemagic.com\/es\/wp-json\/wp\/v2\/users\/1"}],"replies":[{"embeddable":true,"href":"https:\/\/spanishcastlemoviemagic.com\/es\/wp-json\/wp\/v2\/comments?post=1039"}],"version-history":[{"count":2,"href":"https:\/\/spanishcastlemoviemagic.com\/es\/wp-json\/wp\/v2\/pages\/1039\/revisions"}],"predecessor-version":[{"id":3635,"href":"https:\/\/spanishcastlemoviemagic.com\/es\/wp-json\/wp\/v2\/pages\/1039\/revisions\/3635"}],"wp:featuredmedia":[{"embeddable":true,"href":"https:\/\/spanishcastlemoviemagic.com\/es\/wp-json\/wp\/v2\/media\/976"}],"wp:attachment":[{"href":"https:\/\/spanishcastlemoviemagic.com\/es\/wp-json\/wp\/v2\/media?parent=1039"}],"curies":[{"name":"wp","href":"https:\/\/api.w.org\/{rel}","templated":true}]}}