{"id":1035,"date":"2019-09-06T17:41:21","date_gmt":"2019-09-06T17:41:21","guid":{"rendered":"https:\/\/spanishcastlemoviemagic.com\/es\/?page_id=1035"},"modified":"2019-09-23T12:58:24","modified_gmt":"2019-09-23T12:58:24","slug":"the-pride-and-the-passion-1957","status":"publish","type":"page","link":"https:\/\/spanishcastlemoviemagic.com\/es\/the-pride-and-the-passion-1957\/","title":{"rendered":"The Pride and the Passion (1957)"},"content":{"rendered":"<div data-label=\"About us\" data-id=\"about-image-section-pro\" data-category=\"about\" class=\"about-image-section-pro\" id=\"about-us-2\"  style=\"background-color: rgb(255, 255, 255);\">\n<div class=\"gridContainer\" >\n<div class=\"row about-image-gridcol-pro\" >\n<div class=\"about-image-textcol-pro\" data-type=\"column\" >\n<p class=\"\" >El orgullo y la pasi\u00f3n, suena como la novela Jane Austen olvid\u00f3 escribir, pero de hecho es una pel\u00edcula \u00e9pica de Hollywood que tiene lugar durante las guerras napole\u00f3nicas en la Espa\u00f1a ocupada por los franceses.<br ><br \/>\nLa trama de la pel\u00edcula es que un grupo de aut\u00e9nticos &#8216;guerrilleros&#8217; espa\u00f1oles est\u00e1n planeando transportar un gran ca\u00f1\u00f3n a trav\u00e9s de Espa\u00f1a para ayudar a los brit\u00e1nicos a derrotar a los franceses.<br ><br \/>\nEl hosco l\u00edder espa\u00f1ol es Frank Sinatra, mientras que el suave y t\u00edpico ingl\u00e9s es Cary Grant (bueno, al menos naci\u00f3 en Inglaterra), y, para dar a\u00fan m\u00e1s autenticidad, la campesina espa\u00f1ola es la italiana Sophia Loren.<br ><br \/>\nLa idea es utilizar el ca\u00f1\u00f3n para atacar la guarnici\u00f3n francesa de \u00c1vila, la ciudad amurallada mejor conservada de Espa\u00f1a, fundada en el siglo XI para proteger los territorios espa\u00f1oles de los moros.<br ><br \/>\nUna escena fue rodada en el impresionante castillo, que ahora es el Parador de Oropesa en la provincia de Toledo, y que revolucion\u00f3 al pueblo, donde pr\u00e1cticamente todo el mundo y su t\u00edo era una figurante en la pel\u00edcula.<br ><br \/>\nFue en el Parador donde Sinatra pidi\u00f3 a los espectadores de una corrida de toros que se hicieran hombres y les ayudaran a sacar el ca\u00f1\u00f3n del r\u00edo.<br ><br \/>\nRespondiendo a la ret\u00f3rica de Sinatra, los espectadores se volvieron contra los soldados franceses con sus grandes cuchillos y siguieron a Sinatra para rescatar el ca\u00f1\u00f3n y a su autoestima.<br ><br \/>\nDe las estrellas, s\u00f3lo Sinatra estuvo involucrado en estas escenas, y su presencia en el Parador, que hab\u00eda funcionado como hotel desde 1930, se recuerda a\u00fan hoy con una exposici\u00f3n fotogr\u00e1fica.<\/p>\n<\/p><\/div>\n<div data-type=\"column\" class=\"\" >  <\/div>\n<\/p><\/div>\n<\/p><\/div>\n<\/p><\/div>\n","protected":false},"excerpt":{"rendered":"<p>El orgullo y la pasi\u00f3n, suena como la novela Jane Austen olvid\u00f3 escribir, pero de hecho es una pel\u00edcula \u00e9pica [&hellip;]<\/p>\n","protected":false},"author":1,"featured_media":981,"parent":0,"menu_order":0,"comment_status":"closed","ping_status":"closed","template":"full-width-page.php","meta":{"_uag_custom_page_level_css":"","site-sidebar-layout":"default","site-content-layout":"","ast-site-content-layout":"default","site-content-style":"default","site-sidebar-style":"default","ast-global-header-display":"","ast-banner-title-visibility":"","ast-main-header-display":"","ast-hfb-above-header-display":"","ast-hfb-below-header-display":"","ast-hfb-mobile-header-display":"","site-post-title":"","ast-breadcrumbs-content":"","ast-featured-img":"","footer-sml-layout":"","ast-disable-related-posts":"","theme-transparent-header-meta":"","adv-header-id-meta":"","stick-header-meta":"","header-above-stick-meta":"","header-main-stick-meta":"","header-below-stick-meta":"","astra-migrate-meta-layouts":"default","ast-page-background-enabled":"default","ast-page-background-meta":{"desktop":{"background-color":"var(--ast-global-color-5)","background-image":"","background-repeat":"repeat","background-position":"center center","background-size":"auto","background-attachment":"scroll","background-type":"","background-media":"","overlay-type":"","overlay-color":"","overlay-opacity":"","overlay-gradient":""},"tablet":{"background-color":"","background-image":"","background-repeat":"repeat","background-position":"center center","background-size":"auto","background-attachment":"scroll","background-type":"","background-media":"","overlay-type":"","overlay-color":"","overlay-opacity":"","overlay-gradient":""},"mobile":{"background-color":"","background-image":"","background-repeat":"repeat","background-position":"center center","background-size":"auto","background-attachment":"scroll","background-type":"","background-media":"","overlay-type":"","overlay-color":"","overlay-opacity":"","overlay-gradient":""}},"ast-content-background-meta":{"desktop":{"background-color":"var(--ast-global-color-4)","background-image":"","background-repeat":"repeat","background-position":"center center","background-size":"auto","background-attachment":"scroll","background-type":"","background-media":"","overlay-type":"","overlay-color":"","overlay-opacity":"","overlay-gradient":""},"tablet":{"background-color":"var(--ast-global-color-4)","background-image":"","background-repeat":"repeat","background-position":"center center","background-size":"auto","background-attachment":"scroll","background-type":"","background-media":"","overlay-type":"","overlay-color":"","overlay-opacity":"","overlay-gradient":""},"mobile":{"background-color":"var(--ast-global-color-4)","background-image":"","background-repeat":"repeat","background-position":"center center","background-size":"auto","background-attachment":"scroll","background-type":"","background-media":"","overlay-type":"","overlay-color":"","overlay-opacity":"","overlay-gradient":""}},"footnotes":""},"class_list":["post-1035","page","type-page","status-publish","has-post-thumbnail","hentry"],"featured_image_src":"https:\/\/spanishcastlemoviemagic.com\/es\/wp-content\/uploads\/sites\/3\/2019\/09\/Oropesa-Toledo-s.jpg","featured_image_src_square":"https:\/\/spanishcastlemoviemagic.com\/es\/wp-content\/uploads\/sites\/3\/2019\/09\/Oropesa-Toledo-s.jpg","uagb_featured_image_src":{"full":["https:\/\/spanishcastlemoviemagic.com\/es\/wp-content\/uploads\/sites\/3\/2019\/09\/Oropesa-Toledo-s.jpg",2000,1154,false],"thumbnail":["https:\/\/spanishcastlemoviemagic.com\/es\/wp-content\/uploads\/sites\/3\/2019\/09\/Oropesa-Toledo-s-150x150.jpg",150,150,true],"medium":["https:\/\/spanishcastlemoviemagic.com\/es\/wp-content\/uploads\/sites\/3\/2019\/09\/Oropesa-Toledo-s-300x173.jpg",300,173,true],"medium_large":["https:\/\/spanishcastlemoviemagic.com\/es\/wp-content\/uploads\/sites\/3\/2019\/09\/Oropesa-Toledo-s-768x443.jpg",768,443,true],"large":["https:\/\/spanishcastlemoviemagic.com\/es\/wp-content\/uploads\/sites\/3\/2019\/09\/Oropesa-Toledo-s-1024x591.jpg",1024,591,true],"1536x1536":["https:\/\/spanishcastlemoviemagic.com\/es\/wp-content\/uploads\/sites\/3\/2019\/09\/Oropesa-Toledo-s.jpg",1536,886,false],"2048x2048":["https:\/\/spanishcastlemoviemagic.com\/es\/wp-content\/uploads\/sites\/3\/2019\/09\/Oropesa-Toledo-s.jpg",2000,1154,false],"ab-block-post-grid-landscape":["https:\/\/spanishcastlemoviemagic.com\/es\/wp-content\/uploads\/sites\/3\/2019\/09\/Oropesa-Toledo-s.jpg",600,346,false],"ab-block-post-grid-square":["https:\/\/spanishcastlemoviemagic.com\/es\/wp-content\/uploads\/sites\/3\/2019\/09\/Oropesa-Toledo-s.jpg",600,346,false]},"uagb_author_info":{"display_name":"admin","author_link":"https:\/\/spanishcastlemoviemagic.com\/es\/blog\/author\/cas-eggermontme-com\/"},"uagb_comment_info":0,"uagb_excerpt":"El orgullo y la pasi\u00f3n, suena como la novela Jane Austen olvid\u00f3 escribir, pero de hecho es una pel\u00edcula \u00e9pica [&hellip;]","_links":{"self":[{"href":"https:\/\/spanishcastlemoviemagic.com\/es\/wp-json\/wp\/v2\/pages\/1035","targetHints":{"allow":["GET"]}}],"collection":[{"href":"https:\/\/spanishcastlemoviemagic.com\/es\/wp-json\/wp\/v2\/pages"}],"about":[{"href":"https:\/\/spanishcastlemoviemagic.com\/es\/wp-json\/wp\/v2\/types\/page"}],"author":[{"embeddable":true,"href":"https:\/\/spanishcastlemoviemagic.com\/es\/wp-json\/wp\/v2\/users\/1"}],"replies":[{"embeddable":true,"href":"https:\/\/spanishcastlemoviemagic.com\/es\/wp-json\/wp\/v2\/comments?post=1035"}],"version-history":[{"count":4,"href":"https:\/\/spanishcastlemoviemagic.com\/es\/wp-json\/wp\/v2\/pages\/1035\/revisions"}],"predecessor-version":[{"id":3647,"href":"https:\/\/spanishcastlemoviemagic.com\/es\/wp-json\/wp\/v2\/pages\/1035\/revisions\/3647"}],"wp:featuredmedia":[{"embeddable":true,"href":"https:\/\/spanishcastlemoviemagic.com\/es\/wp-json\/wp\/v2\/media\/981"}],"wp:attachment":[{"href":"https:\/\/spanishcastlemoviemagic.com\/es\/wp-json\/wp\/v2\/media?parent=1035"}],"curies":[{"name":"wp","href":"https:\/\/api.w.org\/{rel}","templated":true}]}}